{"id":92,"date":"2023-05-10T12:22:54","date_gmt":"2023-05-10T12:22:54","guid":{"rendered":"http:\/\/pitoonwp.pixydrops.com\/?page_id=92"},"modified":"2025-10-13T15:08:47","modified_gmt":"2025-10-13T12:08:47","slug":"%d0%b0%d0%b3%d0%b5%d0%bd%d1%86%d0%b8%d1%98%d0%b0-%d0%b7%d0%b0-google-%d0%be%d0%b3%d0%bb%d0%b0%d1%81%d0%b5","status":"publish","type":"page","link":"https:\/\/www.timeseoagency.com.tr\/sr\/%d0%b0%d0%b3%d0%b5%d0%bd%d1%86%d0%b8%d1%98%d0%b0-%d0%b7%d0%b0-google-%d0%be%d0%b3%d0%bb%d0%b0%d1%81%d0%b5\/","title":{"rendered":"\u0410\u0433\u0435\u043d\u0446\u0438\u0458\u0430 \u0437\u0430 Google \u043e\u0433\u043b\u0430\u0441\u0435"},"content":{"rendered":"\t\t<div data-elementor-type=\"wp-page\" data-elementor-id=\"92\" class=\"elementor elementor-92\">\n\t\t\t\t\t\t<section class=\"elementor-section elementor-top-section elementor-element elementor-element-2dc9f5e9 services-details elementor-section-boxed elementor-section-height-default elementor-section-height-default\" data-id=\"2dc9f5e9\" data-element_type=\"section\">\n\t\t\t\t\t\t<div class=\"elementor-container elementor-column-gap-no\">\n\t\t\t\t\t<div class=\"elementor-column elementor-col-50 elementor-top-column elementor-element elementor-element-5ae708e0\" data-id=\"5ae708e0\" data-element_type=\"column\">\n\t\t\t<div class=\"elementor-widget-wrap elementor-element-populated\">\n\t\t\t\t\t\t<div class=\"elementor-element elementor-element-29add664 elementor-widget elementor-widget-sidebar-nav\" data-id=\"29add664\" data-element_type=\"widget\" data-widget_type=\"sidebar-nav.default\">\n\t\t\t\t<div class=\"elementor-widget-container\">\n\t\t\t\t\t    <div class=\"services-details__services-list\">\r\n                    <div class=\"services-details__services-title\">\r\n                <h3 class=\"\">T\u00fcm Hizmetler<\/h3>            <\/div>\r\n                            <ul id=\"menu-service-menu\" class=\"services-details__services list-unstyled ml-0\"><li id=\"menu-item-1189\" class=\"menu-item menu-item-type-post_type menu-item-object-page menu-item-1189\"><a href=\"https:\/\/www.timeseoagency.com.tr\/sr\/seo-%d0%b0%d0%b3%d0%b5%d0%bd%d1%86%d0%b8%d1%98%d0%b0\/\">SEO Ajans\u0131<\/a><\/li>\n<li id=\"menu-item-1187\" class=\"menu-item menu-item-type-post_type menu-item-object-page menu-item-1187\"><a href=\"https:\/\/www.timeseoagency.com.tr\/sr\/%d0%b0%d0%b3%d0%b5%d0%bd%d1%86%d0%b8%d1%98%d0%b0-%d0%b7%d0%b0-google-%d0%be%d0%b3%d0%bb%d0%b0%d1%81%d0%b5\/\">Google Ads Ajans\u0131<\/a><\/li>\n<li id=\"menu-item-1188\" class=\"menu-item menu-item-type-post_type menu-item-object-page menu-item-1188\"><a href=\"https:\/\/www.timeseoagency.com.tr\/sr\/web-dizajn-agencija\/\">Web Tasar\u0131m Ajans\u0131<\/a><\/li>\n<li id=\"menu-item-1192\" class=\"menu-item menu-item-type-post_type menu-item-object-page menu-item-1192\"><a href=\"https:\/\/www.timeseoagency.com.tr\/sr\/ilk-sayfa-garantili-seo\/\">\u0130lk Sayfa Garantili SEO<\/a><\/li>\n<li id=\"menu-item-1191\" class=\"menu-item menu-item-type-post_type menu-item-object-page menu-item-1191\"><a href=\"https:\/\/www.timeseoagency.com.tr\/sr\/%d0%b8%d0%b4%d0%b5%d0%b0%d1%81%d0%be%d1%84%d1%82-%d1%81%d0%b5%d0%be\/\">\u0130deasoft SEO<\/a><\/li>\n<li id=\"menu-item-11194\" class=\"menu-item menu-item-type-post_type menu-item-object-page menu-item-11194\"><a href=\"https:\/\/www.timeseoagency.com.tr\/sr\/seo-%d0%be%d0%bf%d1%82%d0%b8%d0%bc%d0%b8%d0%b7%d0%b0%d1%86%d0%b8%d1%98%d0%b0-%d0%b7%d0%b0-%d0%b5-%d1%82%d1%80%d0%b3%d0%be%d0%b2%d0%b8%d0%bd%d1%83\/\">E Ticaret SEO<\/a><\/li>\n<li id=\"menu-item-11195\" class=\"menu-item menu-item-type-post_type menu-item-object-page menu-item-11195\"><a href=\"https:\/\/www.timeseoagency.com.tr\/sr\/agencija-za-drustvene-mreze\/\">Sosyal Medya Ajans\u0131<\/a><\/li>\n<li id=\"menu-item-11196\" class=\"menu-item menu-item-type-post_type menu-item-object-page menu-item-11196\"><a href=\"https:\/\/www.timeseoagency.com.tr\/sr\/%d1%82%d0%b8%d1%86%d0%b8%d0%bc%d0%b0%d0%ba%d1%81-%d1%81%d0%b5%d0%be\/\">Ticimax SEO<\/a><\/li>\n<\/ul>            <\/div>\r\n\r\n\t\t\t\t<\/div>\n\t\t\t\t<\/div>\n\t\t\t\t<div class=\"elementor-element elementor-element-8015dde elementor-widget elementor-widget-pitoon-sidebar-banner\" data-id=\"8015dde\" data-element_type=\"widget\" data-widget_type=\"pitoon-sidebar-banner.default\">\n\t\t\t\t<div class=\"elementor-widget-container\">\n\t\t\t\t\t    <div class=\"banner-one\">\r\n        <div class=\"banner-one__shape-1\">\r\n            <img decoding=\"async\" src=\"https:\/\/www.timeseoagency.com.tr\/wp-content\/uploads\/2023\/05\/banner-one-shape-1.png\" alt=\"#image_title\" title=\"banner-one-shape-1\" >        <\/div>\r\n        <div class=\"banner-one__img\">\r\n            <img decoding=\"async\" src=\"https:\/\/www.timeseoagency.com.tr\/wp-content\/uploads\/2023\/05\/banner-one-img.png\" alt=\"#image_title\" title=\"banner-one-img\" >        <\/div>\r\n        <h3 class=\"banner-one__title\">Dijital  <br> Pazarlama<br> Ajans\u0131 m\u0131 <br> Ar\u0131yorsunuz ?<\/h3>                    <div class=\"banner-one__btn-box\">\r\n                <a class=\"banner-one__btn thm-btn\" href=\"tel:+902626061238\"  >Contact<\/a>            <\/div>\r\n            <\/div>\r\n\r\n\t\t\t\t<\/div>\n\t\t\t\t<\/div>\n\t\t\t\t<div class=\"elementor-element elementor-element-185f85f elementor-widget elementor-widget-pitoon-document\" data-id=\"185f85f\" data-element_type=\"widget\" data-widget_type=\"pitoon-document.default\">\n\t\t\t\t<div class=\"elementor-widget-container\">\n\t\t\t\t\t            <div class=\"services-details__documents\">\r\n            <div class=\"icon\">\r\n                <span aria-hidden=\"true\" class=\"  icon-pdf-file\"><\/span>            <\/div>\r\n            <div class=\"content\">\r\n                <h3>\r\n                    <a class=\"\" href=\"http:\/\/www.seocunuz.com.tr\/wp-content\/uploads\/2025\/10\/Time-SEO-Ajansi-Sunum.pdf\"  >Tan\u0131t\u0131m Dosya\u0131m\u0131z<\/a>                <\/h3>\r\n                <p class=\"\">2.5 MB<\/p>            <\/div>\r\n        <\/div>\r\n    \r\n\t\t\t\t<\/div>\n\t\t\t\t<\/div>\n\t\t\t\t\t<\/div>\n\t\t<\/div>\n\t\t\t\t<div class=\"elementor-column elementor-col-50 elementor-top-column elementor-element elementor-element-1c3f1d4d\" data-id=\"1c3f1d4d\" data-element_type=\"column\">\n\t\t\t<div class=\"elementor-widget-wrap elementor-element-populated\">\n\t\t\t\t\t\t<div class=\"elementor-element elementor-element-7fa6ae87 services-details__img elementor-widget elementor-widget-image\" data-id=\"7fa6ae87\" data-element_type=\"widget\" data-widget_type=\"image.default\">\n\t\t\t\t<div class=\"elementor-widget-container\">\n\t\t\t\t\t\t\t\t\t\t\t\t\t\t\t<img fetchpriority=\"high\" decoding=\"async\" width=\"770\" height=\"381\" src=\"https:\/\/www.timeseoagency.com.tr\/wp-content\/uploads\/2023\/05\/services-details-img-2.jpg\" class=\"attachment-full size-full wp-image-1427\" alt=\"\" srcset=\"https:\/\/www.timeseoagency.com.tr\/wp-content\/uploads\/2023\/05\/services-details-img-2.jpg 770w, https:\/\/www.timeseoagency.com.tr\/wp-content\/uploads\/2023\/05\/services-details-img-2-570x282.jpg 570w, https:\/\/www.timeseoagency.com.tr\/wp-content\/uploads\/2023\/05\/services-details-img-2-300x148.jpg 300w, https:\/\/www.timeseoagency.com.tr\/wp-content\/uploads\/2023\/05\/services-details-img-2-768x380.jpg 768w\" sizes=\"(max-width: 770px) 100vw, 770px\" \/>\t\t\t\t\t\t\t\t\t\t\t\t\t\t\t<\/div>\n\t\t\t\t<\/div>\n\t\t\t\t<div class=\"elementor-element elementor-element-6803d468 elementor-widget elementor-widget-heading\" data-id=\"6803d468\" data-element_type=\"widget\" data-widget_type=\"heading.default\">\n\t\t\t\t<div class=\"elementor-widget-container\">\n\t\t\t\t\t<h2 class=\"elementor-heading-title elementor-size-default\">Google Ads Ajans\u0131\n<\/h2>\t\t\t\t<\/div>\n\t\t\t\t<\/div>\n\t\t\t\t<div class=\"elementor-element elementor-element-3bcdb01 elementor-widget elementor-widget-text-editor\" data-id=\"3bcdb01\" data-element_type=\"widget\" data-widget_type=\"text-editor.default\">\n\t\t\t\t<div class=\"elementor-widget-container\">\n\t\t\t\t\t\t\t\t\t<div class=\"elementor-element elementor-element-9060ce0 elementor-widget elementor-widget-tfl-heading\" data-id=\"9060ce0\" data-element_type=\"widget\" data-widget_type=\"tfl-heading.default\"><div class=\"elementor-widget-container\"><div class=\"tfl-heading tfl-style1 tfl-align \"><div class=\"tfl-title\">Google Partner Ajans G\u00fcvencesiyle Do\u011fru Pazarlama Stratejisi<img decoding=\"async\" title=\"\" src=\"https:\/\/www.timeseoagency.com.tr\/wp-content\/plugins\/themesflat-addons\/assets\/img\/circle.png\" alt=\"\" \/><\/div><\/div><\/div><\/div><div class=\"elementor-element elementor-element-4801106 elementor-widget elementor-widget-text-editor\" data-id=\"4801106\" data-element_type=\"widget\" data-widget_type=\"text-editor.default\"><div class=\"elementor-widget-container\"><div class=\"wpb_text_column wpb_content_element wpb_animate_when_almost_visible wpb_fadeIn fadeIn vc_custom_1647084565246 wpb_start_animation animated\"><div class=\"wpb_wrapper\"><p>Google Ads Ajans\u0131 olarak, do\u011fru hedef kitleye, markan\u0131z\u0131 duyurarak sat\u0131\u015flar\u0131n\u0131z\u0131 artt\u0131rmay\u0131 hedefliyoruz. Google Partner Ajans kalitesiyle sekt\u00f6r,rakip ve hedef kitle analizinizi d\u00fczenli yaparak do\u011fru stratejiyi sizler i\u00e7in kurguluyoruz. Minimum reklam maliyeti maksimum ROI garantisi sunulmaktad\u0131r.<\/p><\/div><\/div><\/div><\/div>\t\t\t\t\t\t\t\t<\/div>\n\t\t\t\t<\/div>\n\t\t\t\t<div class=\"elementor-element elementor-element-2cd95c18 elementor-widget elementor-widget-text-editor\" data-id=\"2cd95c18\" data-element_type=\"widget\" data-widget_type=\"text-editor.default\">\n\t\t\t\t<div class=\"elementor-widget-container\">\n\t\t\t\t\t\t\t\t\t<div class=\"tfl-subtitle\">DO\u011eRU STRATEJ\u0130 VE DO\u011eRU MAL\u0130YET Y\u00d6NET\u0130M\u0130 !<\/div>\t\t\t\t\t\t\t\t<\/div>\n\t\t\t\t<\/div>\n\t\t\t\t<div class=\"elementor-element elementor-element-2d473bd1 elementor-widget elementor-widget-text-editor\" data-id=\"2d473bd1\" data-element_type=\"widget\" data-widget_type=\"text-editor.default\">\n\t\t\t\t<div class=\"elementor-widget-container\">\n\t\t\t\t\t\t\t\t\t<div class=\"elementor-element elementor-element-b88c991 elementor-widget elementor-widget-tfl-heading\" data-id=\"b88c991\" data-element_type=\"widget\" data-widget_type=\"tfl-heading.default\"><div class=\"elementor-widget-container\"><div class=\"tfl-heading tfl-style1 tfl-align \"><div class=\"tfl-subtitle\">Google AdWords Y\u00f6netim Modelimiz<\/div><div class=\"tfl-title\">Site ve \u00dcr\u00fcn Analizi Yap,Sekt\u00f6r ve Rakip Analizi Yap,Stratejiyi Olu\u015ftur,Reklamlar\u0131 Yay\u0131mla !<\/div><\/div><\/div><\/div><div class=\"elementor-element elementor-element-99d80c0 elementor-widget elementor-widget-text-editor\" data-id=\"99d80c0\" data-element_type=\"widget\" data-widget_type=\"text-editor.default\"><div class=\"elementor-widget-container\"><div class=\"wpb_text_column wpb_content_element wpb_animate_when_almost_visible wpb_fadeIn fadeIn vc_custom_1647094279758 wpb_start_animation animated\"><div class=\"wpb_wrapper\"><p>Ma\u011fazan\u0131z\u0131 Dijital D\u00fcnya\u2019ya ta\u015f\u0131yarak, markan\u0131z\u0131 b\u00fcy\u00fct\u00fcyoruz. Google AdWords ile milyarlarca insana sesinizi duyurabileceksiniz. Haftal\u0131k raporlama ve analizlerle stratejilerimizi s\u00fcrekli g\u00fcncelliyoruz.<br \/>Sitenizin ve rakiplerinizin d\u00fczenli analizleri ve stratejileri g\u00fcncelleyerek minimum d\u00fczeyde CMB oranlar\u0131 ile maksimum d\u00f6n\u00fc\u015f\u00fcm elde etmekteyiz. Haftal\u0131k raporlar ile sizleri bilgilendirmekte ve yeni kampanya \u00f6nerileri sunmaktay\u0131z.<\/p><\/div><\/div><\/div><\/div>\t\t\t\t\t\t\t\t<\/div>\n\t\t\t\t<\/div>\n\t\t\t\t<div class=\"elementor-element elementor-element-4a65adb1 elementor-widget elementor-widget-heading\" data-id=\"4a65adb1\" data-element_type=\"widget\" data-widget_type=\"heading.default\">\n\t\t\t\t<div class=\"elementor-widget-container\">\n\t\t\t\t\t<h2 class=\"elementor-heading-title elementor-size-default\">Neden Time SEO Ajans\u0131 !<\/h2>\t\t\t\t<\/div>\n\t\t\t\t<\/div>\n\t\t\t\t<div class=\"elementor-element elementor-element-4e870aba elementor-widget elementor-widget-pitoon-business-box\" data-id=\"4e870aba\" data-element_type=\"widget\" data-widget_type=\"pitoon-business-box.default\">\n\t\t\t\t<div class=\"elementor-widget-container\">\n\t\t\t\t\t    <ul class=\"services-details__points list-unstyled ml-0\">\r\n                    <li>\r\n                <div class=\"icon\">\r\n                    <span aria-hidden=\"true\" class=\"  icon-copy-writing\"><\/span>                <\/div>\r\n                <div class=\"text\">\r\n                    <p class=\"service-details__business-title\">D\u00fczenli <br> Rakip Analizi<\/p>                <\/div>\r\n            <\/li>\r\n                    <li>\r\n                <div class=\"icon\">\r\n                    <span aria-hidden=\"true\" class=\"   icon-conversion-rate\"><\/span>                <\/div>\r\n                <div class=\"text\">\r\n                    <p class=\"service-details__business-title service-details__business-title\">D\u00fczenli<br> Optimizasyon<\/p>                <\/div>\r\n            <\/li>\r\n                    <li>\r\n                <div class=\"icon\">\r\n                    <span aria-hidden=\"true\" class=\"   icon-world\"><\/span>                <\/div>\r\n                <div class=\"text\">\r\n                    <p class=\"service-details__business-title service-details__business-title service-details__business-title\">Y\u00fcksel <br> D\u00f6n\u00fc\u015f\u00fcm<\/p>                <\/div>\r\n            <\/li>\r\n            <\/ul>\r\n\t\t\t\t<\/div>\n\t\t\t\t<\/div>\n\t\t\t\t<div class=\"elementor-element elementor-element-c6baffc elementor-widget elementor-widget-pitoon-benefit-box\" data-id=\"c6baffc\" data-element_type=\"widget\" data-widget_type=\"pitoon-benefit-box.default\">\n\t\t\t\t<div class=\"elementor-widget-container\">\n\t\t\t\t\t    <div class=\"services-details__benefit\">\r\n        <div class=\"row\">\r\n            <div class=\"col-xl-6\">\r\n                <div class=\"services-details__benefit-img\">\r\n                    <img decoding=\"async\" src=\"https:\/\/www.timeseoagency.com.tr\/wp-content\/uploads\/2025\/10\/services-details-benefit-img.jpg\" alt=\"#image_title\" title=\"services-details-benefit-imgjpg\" >                <\/div>\r\n            <\/div>\r\n            <div class=\"col-xl-6\">\r\n                <div class=\"services-details__benefit-content\">\r\n                    <h3 class=\"services-details__benefit-title\">Dijital Pazarlama \u00c7al\u0131\u015fmalar\u0131n\u0131n Avantajlar\u0131<\/h3><p class=\"services-details__benefit-text\">Time SEO ile Ba\u015far\u0131 \u00c7ok Uzak De\u011fil<\/p>                    <ul class=\"services-details__benefit-points list-unstyled ml-0\">\r\n                                                    <li>\r\n                                <div class=\"icon\">\r\n                                    <span aria-hidden=\"true\" class=\"  fa fa-check\"><\/span>                                <\/div>\r\n                                <div class=\"text\">\r\n                                    <p class=\"\">Daha D\u00fc\u015f\u00fck CBM Oranlar\u0131<\/p>                                <\/div>\r\n                            <\/li>\r\n                                                    <li>\r\n                                <div class=\"icon\">\r\n                                    <span aria-hidden=\"true\" class=\"  fa fa-check\"><\/span>                                <\/div>\r\n                                <div class=\"text\">\r\n                                    <p class=\" \">Y\u00fcksek ROI ( Y\u00fcksek D\u00f6n\u00fc\u015f\u00fcm )<\/p>                                <\/div>\r\n                            <\/li>\r\n                                                    <li>\r\n                                <div class=\"icon\">\r\n                                    <span aria-hidden=\"true\" class=\"  fa fa-check\"><\/span>                                <\/div>\r\n                                <div class=\"text\">\r\n                                    <p class=\"  \">Kal\u0131c\u0131 Ba\u015far\u0131 ve \u0130stikrar<\/p>                                <\/div>\r\n                            <\/li>\r\n                                                    <li>\r\n                                <div class=\"icon\">\r\n                                    <span aria-hidden=\"true\" class=\"  fa fa-check\"><\/span>                                <\/div>\r\n                                <div class=\"text\">\r\n                                    <p class=\"   \">Daha G\u00fc\u00e7l\u00fc Marka \u0130maj\u0131<\/p>                                <\/div>\r\n                            <\/li>\r\n                                            <\/ul>\r\n                <\/div>\r\n            <\/div>\r\n        <\/div>\r\n    <\/div>\r\n\t\t\t\t<\/div>\n\t\t\t\t<\/div>\n\t\t\t\t<div class=\"elementor-element elementor-element-72fcfef elementor-widget elementor-widget-pitoon-importance\" data-id=\"72fcfef\" data-element_type=\"widget\" data-widget_type=\"pitoon-importance.default\">\n\t\t\t\t<div class=\"elementor-widget-container\">\n\t\t\t\t\t    <div class=\"services-details__importance\">\r\n        <div class=\"services-details__importance-shape-1\">\r\n            <img decoding=\"async\" src=\"https:\/\/www.timeseoagency.com.tr\/wp-content\/uploads\/2025\/10\/services-details-importance-shape-1.png\" alt=\"#image_title\" title=\"services-details-importance-shape-1png\" >        <\/div>\r\n        <div class=\"services-details__importance-img\">\r\n            <img decoding=\"async\" src=\"https:\/\/www.timeseoagency.com.tr\/wp-content\/uploads\/2025\/10\/services-details-importance-img.png\" alt=\"#image_title\" title=\"services-details-importance-imgpng\" >        <\/div>\r\n        <div class=\"services-details__importance-title-box\">\r\n            <h3 class=\"services-details__importance-title\">Size \u00d6zel \u00c7\u00f6z\u00fcmler \u0130\u00e7in <br> Sizi Bekliyoruz<\/h3>                            <div class=\"services-details__importance-btn-box\">\r\n                    <a class=\"services-details__importance-btn\" href=\"tel:+902626061238\"  >B\u0130ZE ULA\u015eIN<\/a>                <\/div>\r\n            \r\n        <\/div>\r\n    <\/div>\r\n\t\t\t\t<\/div>\n\t\t\t\t<\/div>\n\t\t\t\t<div class=\"elementor-element elementor-element-89821b5 elementor-widget elementor-widget-pitoon-faq\" data-id=\"89821b5\" data-element_type=\"widget\" data-widget_type=\"pitoon-faq.default\">\n\t\t\t\t<div class=\"elementor-widget-container\">\n\t\t\t\t\t\t<!--FAQ One Start-->\r\n\t<section class=\"faq-one\">\r\n\t\t<div class=\"container\">\r\n\t\t\t<div class=\"row\">\r\n\t\t\t\t<div class=\"col-xl-6\">\r\n\t\t\t\t\t<div class=\"faq-one__left\">\r\n\t\t\t\t\t\t<div class=\"section-title text-left\">\r\n\t\t\t\t\t\t\t<div class=\"section-title__tagline-box\">\r\n\t\t\t\t\t\t\t\t<span class=\"section-title__tagline\">Merak Ettikleriniz<\/span>\t\t\t\t\t\t\t\t<div class=\"section-title__icon-box-1\">\r\n\t\t\t\t\t\t\t\t\t<i aria-hidden=\"true\" class=\"  fa fa-angle-left\"><\/i>\t\t\t\t\t\t\t\t\t<i aria-hidden=\"true\" class=\"  fa fa-angle-left\"><\/i>\t\t\t\t\t\t\t\t\t<i aria-hidden=\"true\" class=\"  fa fa-angle-left\"><\/i>\t\t\t\t\t\t\t\t<\/div>\r\n\t\t\t\t\t\t\t\t<div class=\"section-title__icon-box-2\">\r\n\t\t\t\t\t\t\t\t\t<i aria-hidden=\"true\" class=\"  fa fa-angle-right\"><\/i>\t\t\t\t\t\t\t\t\t<i aria-hidden=\"true\" class=\"  fa fa-angle-right\"><\/i>\t\t\t\t\t\t\t\t\t<i aria-hidden=\"true\" class=\"  fa fa-angle-right\"><\/i>\t\t\t\t\t\t\t\t<\/div>\r\n\t\t\t\t\t\t\t<\/div>\r\n\t\t\t\t\t\t\t<p class=\"section-title__title\">S\u0131k\u00e7a Sorulan Sorular<\/p>\t\t\t\t\t\t<\/div>\r\n\t\t\t\t\t\t\t\t\t\t\t\t<div class=\"faq-one__points-and-counter-box\">\r\n\t\t\t\t\t\t\t<ul class=\"faq-one__points list-unstyled ml-0\">\r\n\r\n\t\t\t\t\t\t\t\t\t\t\t\t\t\t\t<\/ul>\r\n\t\t\t\t\t\t\t<div class=\"faq-one__counter-box\">\r\n\t\t\t\t\t\t\t\t<div class=\"faq-one__carousel owl-carousel owl-theme thm-owl__carousel\" data-owl-options='        {\r\n        &quot;loop&quot;: true,\r\n        &quot;margin&quot;: 0,\r\n        &quot;items&quot;: 1        ,&quot;nav&quot;: true                    ,&quot;autoplay&quot;: true            ,&quot;autoplayTimeout&quot;: 5000                            ,&quot;autoplayHoverPause&quot;: true                            ,&quot;navText&quot;: [\r\n            &quot;&lt;i class=\\&quot; fa fa-angle-left\\&quot;&gt;&lt;\/i&gt;&quot;,\r\n            &quot;&lt;i class=\\&quot; fa fa-angle-right\\&quot;&gt;&lt;\/i&gt;&quot;\r\n            ]\r\n                ,&quot;dots&quot;: true        ,&quot;smartSpeed&quot;: 700\r\n                }\r\n    '>\r\n\t\t\t\t\t\t\t\t\t\t\t\t\t\t\t\t\t<\/div>\r\n\t\t\t\t\t\t\t<\/div>\r\n\t\t\t\t\t\t<\/div>\r\n\t\t\t\t\t<\/div>\r\n\t\t\t\t<\/div>\r\n\t\t\t\t<div class=\"col-xl-6\">\r\n\t\t\t\t\t<div class=\"faq-one__right\">\r\n\t\t\t\t\t\t<div class=\"faq-one__faq-box\">\r\n\t\t\t\t\t\t\t<div class=\"accrodion-grp\" data-grp-name=\"faq-one-accrodion\">\r\n\t\t\t\t\t\t\t\t\t\t\t\t\t\t\t\t\t<div class=\"accrodion \">\r\n\t\t\t\t\t\t\t\t\t\t<div class=\"accrodion-title\">\r\n\t\t\t\t\t\t\t\t\t\t\t<h4 class=\"\">Analiz Yap\u0131yor musunuz ?<\/h4>\t\t\t\t\t\t\t\t\t\t<\/div>\r\n\t\t\t\t\t\t\t\t\t\t<div class=\"accrodion-content\">\r\n\t\t\t\t\t\t\t\t\t\t\t<div class=\"inner\">\r\n\t\t\t\t\t\t\t\t\t\t\t\t<p class=\"\">M\u00fc\u015fterilerimize haftal\u0131k kapsaml\u0131 rapor at\u0131lmaktad\u0131r. Rapor i\u00e7eri\u011finde,g\u00f6sterim,t\u0131klama,demografi,ziyaret s\u00fcreleri,cihaz ayr\u0131nt\u0131lar\u0131,d\u00f6n\u00fc\u015f\u00fcm oranlar\u0131 ve bir \u00e7ok detay bilgileri g\u00f6rebileceksiniz.\n<\/p>\t\t\t\t\t\t\t\t\t\t\t<\/div><!-- \/.inner -->\r\n\t\t\t\t\t\t\t\t\t\t<\/div>\r\n\t\t\t\t\t\t\t\t\t<\/div>\r\n\t\t\t\t\t\t\t\t\t\t\t\t\t\t\t\t\t<div class=\"accrodion \">\r\n\t\t\t\t\t\t\t\t\t\t<div class=\"accrodion-title\">\r\n\t\t\t\t\t\t\t\t\t\t\t<h4 class=\" \">TBM oranlar\u0131 nas\u0131l oluyor ?<\/h4>\t\t\t\t\t\t\t\t\t\t<\/div>\r\n\t\t\t\t\t\t\t\t\t\t<div class=\"accrodion-content\">\r\n\t\t\t\t\t\t\t\t\t\t\t<div class=\"inner\">\r\n\t\t\t\t\t\t\t\t\t\t\t\t<p class=\" \">Amac\u0131m\u0131z maliyet d\u00fc\u015f\u00fcr\u00fcp maksimum performans\u0131 yakalama. Bu \u00e7al\u0131\u015fma do\u011frultusunda s\u00fcrekli olarak hesaplar\u0131n\u0131z optimize edilmekte.\n<\/p>\t\t\t\t\t\t\t\t\t\t\t<\/div><!-- \/.inner -->\r\n\t\t\t\t\t\t\t\t\t\t<\/div>\r\n\t\t\t\t\t\t\t\t\t<\/div>\r\n\t\t\t\t\t\t\t\t\t\t\t\t\t\t\t\t\t<div class=\"accrodion \">\r\n\t\t\t\t\t\t\t\t\t\t<div class=\"accrodion-title\">\r\n\t\t\t\t\t\t\t\t\t\t\t<h4 class=\"  \">Kullan\u0131c\u0131 Deneyimi \u00d6l\u00e7\u00fcl\u00fcyor mu ?<\/h4>\t\t\t\t\t\t\t\t\t\t<\/div>\r\n\t\t\t\t\t\t\t\t\t\t<div class=\"accrodion-content\">\r\n\t\t\t\t\t\t\t\t\t\t\t<div class=\"inner\">\r\n\t\t\t\t\t\t\t\t\t\t\t\t<p class=\"  \">Potansiyel m\u00fc\u015fteri veya E Ticaret sitelerinde Sat\u0131\u015flar\u0131m\u0131z\u0131 artt\u0131rabilmek i\u00e7in kullan\u0131c\u0131 deneyimini geli\u015ftirecek \u00e7e\u015fitli tasar\u0131m,kampanya vb \u00e7al\u0131\u015fmalar\u0131 yapmaktay\u0131z.\n<\/p>\t\t\t\t\t\t\t\t\t\t\t<\/div><!-- \/.inner -->\r\n\t\t\t\t\t\t\t\t\t\t<\/div>\r\n\t\t\t\t\t\t\t\t\t<\/div>\r\n\t\t\t\t\t\t\t\t\t\t\t\t\t\t\t\t\t<div class=\"accrodion \">\r\n\t\t\t\t\t\t\t\t\t\t<div class=\"accrodion-title\">\r\n\t\t\t\t\t\t\t\t\t\t\t<h4 class=\"   \">\u0130\u00e7erik Olu\u015fturuyor musunuz ?<\/h4>\t\t\t\t\t\t\t\t\t\t<\/div>\r\n\t\t\t\t\t\t\t\t\t\t<div class=\"accrodion-content\">\r\n\t\t\t\t\t\t\t\t\t\t\t<div class=\"inner\">\r\n\t\t\t\t\t\t\t\t\t\t\t\t<p class=\"   \">Kaliteli ve ilgi \u00e7ekici reklam metinleri, i\u00e7erik edit\u00f6rlerimiz taraf\u0131ndan sa\u011flanmaktad\u0131r.\n<\/p>\t\t\t\t\t\t\t\t\t\t\t<\/div><!-- \/.inner -->\r\n\t\t\t\t\t\t\t\t\t\t<\/div>\r\n\t\t\t\t\t\t\t\t\t<\/div>\r\n\t\t\t\t\t\t\t\t\t\t\t\t\t\t\t<\/div>\r\n\t\t\t\t\t\t<\/div>\r\n\t\t\t\t\t<\/div>\r\n\t\t\t\t<\/div>\r\n\t\t\t<\/div>\r\n\t\t<\/div>\r\n\t<\/section>\r\n\t<!--FAQ One End-->\r\n\r\n\t\t\t\t<\/div>\n\t\t\t\t<\/div>\n\t\t\t\t\t<\/div>\n\t\t<\/div>\n\t\t\t\t\t<\/div>\n\t\t<\/section>\n\t\t\t\t<\/div>\n\t\t","protected":false},"excerpt":{"rendered":"<p>T\u00fcm Hizmetler Mobile Applications Digital Marketing Graphic Designing Web Development Social Marketing SEO &#038; Content Writing Dijital Pazarlama Ajans\u0131 m\u0131 Ar\u0131yorsunuz ? Contact Tan\u0131t\u0131m Dosya\u0131m\u0131z 2.5 MB Google Ads Ajans\u0131 Google Partner Ajans G\u00fcvencesiyle Do\u011fru Pazarlama Stratejisi Google Ads Ajans\u0131 olarak, do\u011fru hedef kitleye, markan\u0131z\u0131 duyurarak sat\u0131\u015flar\u0131n\u0131z\u0131 artt\u0131rmay\u0131 hedefliyoruz. Google Partner Ajans kalitesiyle sekt\u00f6r,rakip ve [&hellip;]<\/p>\n","protected":false},"author":1,"featured_media":8705,"parent":0,"menu_order":0,"comment_status":"closed","ping_status":"closed","template":"elementor_header_footer","meta":{"footnotes":""},"class_list":["post-92","page","type-page","status-publish","has-post-thumbnail","hentry"],"aioseo_notices":[],"_hostinger_reach_plugin_has_subscription_block":false,"_hostinger_reach_plugin_is_elementor":false,"_links":{"self":[{"href":"https:\/\/www.timeseoagency.com.tr\/sr\/wp-json\/wp\/v2\/pages\/92","targetHints":{"allow":["GET"]}}],"collection":[{"href":"https:\/\/www.timeseoagency.com.tr\/sr\/wp-json\/wp\/v2\/pages"}],"about":[{"href":"https:\/\/www.timeseoagency.com.tr\/sr\/wp-json\/wp\/v2\/types\/page"}],"author":[{"embeddable":true,"href":"https:\/\/www.timeseoagency.com.tr\/sr\/wp-json\/wp\/v2\/users\/1"}],"replies":[{"embeddable":true,"href":"https:\/\/www.timeseoagency.com.tr\/sr\/wp-json\/wp\/v2\/comments?post=92"}],"version-history":[{"count":8,"href":"https:\/\/www.timeseoagency.com.tr\/sr\/wp-json\/wp\/v2\/pages\/92\/revisions"}],"predecessor-version":[{"id":9121,"href":"https:\/\/www.timeseoagency.com.tr\/sr\/wp-json\/wp\/v2\/pages\/92\/revisions\/9121"}],"wp:featuredmedia":[{"embeddable":true,"href":"https:\/\/www.timeseoagency.com.tr\/sr\/wp-json\/wp\/v2\/media\/8705"}],"wp:attachment":[{"href":"https:\/\/www.timeseoagency.com.tr\/sr\/wp-json\/wp\/v2\/media?parent=92"}],"curies":[{"name":"wp","href":"https:\/\/api.w.org\/{rel}","templated":true}]}}