{"id":94,"date":"2023-05-10T12:24:13","date_gmt":"2023-05-10T12:24:13","guid":{"rendered":"http:\/\/pitoonwp.pixydrops.com\/?page_id=94"},"modified":"2025-10-16T17:54:52","modified_gmt":"2025-10-16T14:54:52","slug":"agjenci-dizajni-web","status":"publish","type":"page","link":"https:\/\/www.timeseoagency.com.tr\/sq\/agjenci-dizajni-web\/","title":{"rendered":"Agjenci Dizajni Uebi"},"content":{"rendered":"<div data-elementor-type=\"wp-page\" data-elementor-id=\"94\" class=\"elementor elementor-94\">\n\t\t\t\t\t\t<section class=\"elementor-section elementor-top-section elementor-element elementor-element-60da76a9 services-details elementor-section-boxed elementor-section-height-default elementor-section-height-default\" data-id=\"60da76a9\" data-element_type=\"section\">\n\t\t\t\t\t\t<div class=\"elementor-container elementor-column-gap-no\">\n\t\t\t\t\t<div class=\"elementor-column elementor-col-50 elementor-top-column elementor-element elementor-element-70e9ff93\" data-id=\"70e9ff93\" data-element_type=\"column\">\n\t\t\t<div class=\"elementor-widget-wrap elementor-element-populated\">\n\t\t\t\t\t\t<div class=\"elementor-element elementor-element-76399cc6 elementor-widget elementor-widget-sidebar-nav\" data-id=\"76399cc6\" data-element_type=\"widget\" data-widget_type=\"sidebar-nav.default\">\n\t\t\t\t<div class=\"elementor-widget-container\">\n\t\t\t\t\t    <div class=\"services-details__services-list\">\r\n                    <div class=\"services-details__services-title\">\r\n                <h3 class=\"\">T\u00fcm Hizmetler<\/h3>            <\/div>\r\n                            <ul id=\"menu-service-menu\" class=\"services-details__services list-unstyled ml-0\"><li id=\"menu-item-1189\" class=\"menu-item menu-item-type-post_type menu-item-object-page menu-item-1189\"><a href=\"https:\/\/www.timeseoagency.com.tr\/sq\/agjenci-seo\/\">Agjenci SEO<\/a><\/li>\n<li id=\"menu-item-1187\" class=\"menu-item menu-item-type-post_type menu-item-object-page menu-item-1187\"><a href=\"https:\/\/www.timeseoagency.com.tr\/sq\/google-ads-ajansi\/\">Agjencia e Google Ads<\/a><\/li>\n<li id=\"menu-item-1188\" class=\"menu-item menu-item-type-post_type menu-item-object-page menu-item-1188\"><a href=\"https:\/\/www.timeseoagency.com.tr\/sq\/agjenci-dizajni-web\/\">Agjenci Dizajni Uebi<\/a><\/li>\n<li id=\"menu-item-1192\" class=\"menu-item menu-item-type-post_type menu-item-object-page menu-item-1192\"><a href=\"https:\/\/www.timeseoagency.com.tr\/sq\/seo-e-garantuar-ne-faqen-e-pare\/\">SEO e garantuar n\u00eb faqen e par\u00eb<\/a><\/li>\n<li id=\"menu-item-1191\" class=\"menu-item menu-item-type-post_type menu-item-object-page menu-item-1191\"><a href=\"https:\/\/www.timeseoagency.com.tr\/sq\/ideasoft-seo\/\">Ideasoft SEO<\/a><\/li>\n<li id=\"menu-item-11194\" class=\"menu-item menu-item-type-post_type menu-item-object-page menu-item-11194\"><a href=\"https:\/\/www.timeseoagency.com.tr\/sq\/seo-per-tregtine-elektronike\/\">SEO p\u00ebr tregtin\u00eb elektronike<\/a><\/li>\n<li id=\"menu-item-11195\" class=\"menu-item menu-item-type-post_type menu-item-object-page menu-item-11195\"><a href=\"https:\/\/www.timeseoagency.com.tr\/sq\/agjenci-e-mediave-sociale\/\">Agjencia e Mediave Sociale<\/a><\/li>\n<li id=\"menu-item-11196\" class=\"menu-item menu-item-type-post_type menu-item-object-page menu-item-11196\"><a href=\"https:\/\/www.timeseoagency.com.tr\/sq\/ticimax-seo\/\">Ticimax SEO<\/a><\/li>\n<\/ul>            <\/div>\r\n\r\n\t\t\t\t<\/div>\n\t\t\t\t<\/div>\n\t\t\t\t<div class=\"elementor-element elementor-element-f07638e elementor-widget elementor-widget-pitoon-sidebar-banner\" data-id=\"f07638e\" data-element_type=\"widget\" data-widget_type=\"pitoon-sidebar-banner.default\">\n\t\t\t\t<div class=\"elementor-widget-container\">\n\t\t\t\t\t    <div class=\"banner-one\">\r\n        <div class=\"banner-one__shape-1\">\r\n            <img decoding=\"async\" src=\"https:\/\/www.timeseoagency.com.tr\/wp-content\/uploads\/2025\/10\/banner-one-shape-1.png\" alt=\"#imazh_titull\" title=\"banner-nj\u00eb-form\u00eb-1png\" >        <\/div>\r\n        <div class=\"banner-one__img\">\r\n            <img decoding=\"async\" src=\"https:\/\/www.timeseoagency.com.tr\/wp-content\/uploads\/2025\/10\/banner-one-img.png\" alt=\"#imazh_titull\" title=\"banner-one-imgpng\" >        <\/div>\r\n        <h3 class=\"banner-one__title\">Dixhitale <br> Marketing <br> \u00c7\u00f6z\u00fcmleri <br> mi Ar\u0131yorsunuz?<\/h3>                    <div class=\"banner-one__btn-box\">\r\n                <a class=\"banner-one__btn thm-btn\" href=\"\/sq\/komunikim\/\"  >\u0130LET\u0130\u015e\u0130M<\/a>            <\/div>\r\n            <\/div>\r\n\r\n\t\t\t\t<\/div>\n\t\t\t\t<\/div>\n\t\t\t\t<div class=\"elementor-element elementor-element-a053a7e elementor-widget elementor-widget-pitoon-document\" data-id=\"a053a7e\" data-element_type=\"widget\" data-widget_type=\"pitoon-document.default\">\n\t\t\t\t<div class=\"elementor-widget-container\">\n\t\t\t\t\t            <div class=\"services-details__documents\">\r\n            <div class=\"icon\">\r\n                <span aria-hidden=\"true\" class=\"icon-pdf-file\"><\/span>            <\/div>\r\n            <div class=\"content\">\r\n                <h3>\r\n                    <a class=\"\" href=\"http:\/\/www.seocunuz.com.tr\/wp-content\/uploads\/2025\/10\/Time-SEO-Ajansi-Sunum.pdf\"  >Tan\u0131t\u0131m Dosya\u0131m\u0131z<\/a>                <\/h3>\r\n                <p class=\"\">2.5 MB<\/p>            <\/div>\r\n        <\/div>\r\n    \r\n\t\t\t\t<\/div>\n\t\t\t\t<\/div>\n\t\t\t\t\t<\/div>\n\t\t<\/div>\n\t\t\t\t<div class=\"elementor-column elementor-col-50 elementor-top-column elementor-element elementor-element-26fc91d7\" data-id=\"26fc91d7\" data-element_type=\"column\">\n\t\t\t<div class=\"elementor-widget-wrap elementor-element-populated\">\n\t\t\t\t\t\t<div class=\"elementor-element elementor-element-65f2b787 services-details__img elementor-widget elementor-widget-image\" data-id=\"65f2b787\" data-element_type=\"widget\" data-widget_type=\"image.default\">\n\t\t\t\t<div class=\"elementor-widget-container\">\n\t\t\t\t\t\t\t\t\t\t\t\t\t\t\t<img fetchpriority=\"high\" decoding=\"async\" width=\"770\" height=\"381\" src=\"https:\/\/www.timeseoagency.com.tr\/wp-content\/uploads\/2023\/05\/services-details-img-3.jpg\" class=\"attachment-full size-full wp-image-1431\" alt=\"\" srcset=\"https:\/\/www.timeseoagency.com.tr\/wp-content\/uploads\/2023\/05\/services-details-img-3.jpg 770w, https:\/\/www.timeseoagency.com.tr\/wp-content\/uploads\/2023\/05\/services-details-img-3-570x282.jpg 570w, https:\/\/www.timeseoagency.com.tr\/wp-content\/uploads\/2023\/05\/services-details-img-3-300x148.jpg 300w, https:\/\/www.timeseoagency.com.tr\/wp-content\/uploads\/2023\/05\/services-details-img-3-768x380.jpg 768w\" sizes=\"(max-width: 770px) 100vw, 770px\" \/>\t\t\t\t\t\t\t\t\t\t\t\t\t\t\t<\/div>\n\t\t\t\t<\/div>\n\t\t\t\t<div class=\"elementor-element elementor-element-17ed2d7f elementor-widget elementor-widget-heading\" data-id=\"17ed2d7f\" data-element_type=\"widget\" data-widget_type=\"heading.default\">\n\t\t\t\t<div class=\"elementor-widget-container\">\n\t\t\t\t\t<h2 class=\"elementor-heading-title elementor-size-default\">Agjenci Dizajni Uebi<\/h2>\t\t\t\t<\/div>\n\t\t\t\t<\/div>\n\t\t\t\t<div class=\"elementor-element elementor-element-6b2d657f elementor-widget elementor-widget-text-editor\" data-id=\"6b2d657f\" data-element_type=\"widget\" data-widget_type=\"text-editor.default\">\n\t\t\t\t<div class=\"elementor-widget-container\">\n\t\t\t\t\t\t\t\t\t<div class=\"elementor-element elementor-element-4801106 elementor-widget elementor-widget-text-editor\" data-id=\"4801106\" data-element_type=\"widget\" data-widget_type=\"text-editor.default\"><div class=\"elementor-widget-container\"><p>Mobil uyumlu, i\u015flevsel, modern, kullan\u0131c\u0131 dostu, ekonomik, SEO uyumlu web sitelerinizi uzman kadromuzla yap\u0131yoruz. Dijital D\u00f6n\u00fc\u015f\u00fcmle D\u00fcnya\u2019ya a\u00e7\u0131l\u0131n. Uzmanlar\u0131m\u0131z ile birlikte size \u00f6zg\u00fc, 1500+ farkl\u0131 tema ve taslak se\u00e7enekleriyle, kurumsal tan\u0131t\u0131m, E-Ticaret,B2B ve B2C platformlar\u0131 taraf\u0131m\u0131zca haz\u0131rlanmaktad\u0131r.<\/p><\/div><\/div><section class=\"elementor-section elementor-inner-section elementor-element elementor-element-815bb2b elementor-section-boxed elementor-section-height-default elementor-section-height-default tf-sticky-no tf-sticky-scroll-down-yes\" data-id=\"815bb2b\" data-element_type=\"section\" data-settings=\"{&quot;tf_sticky&quot;:&quot;no&quot;,&quot;tf_sticky_scroll_down&quot;:&quot;yes&quot;}\"><div class=\"elementor-container elementor-column-gap-no\"><div class=\"elementor-column elementor-col-50 elementor-inner-column elementor-element elementor-element-c01d7e1 animated\" data-id=\"c01d7e1\" data-element_type=\"column\"><div class=\"elementor-widget-wrap elementor-element-populated\"><div class=\"elementor-element elementor-element-96d037a elementor-icon-list--layout-traditional elementor-list-item-link-full_width elementor-widget elementor-widget-icon-list\" data-id=\"96d037a\" data-element_type=\"widget\" data-widget_type=\"icon-list.default\"><div class=\"elementor-widget-container\"><ul class=\"elementor-icon-list-items\"><li class=\"elementor-icon-list-item\"><i class=\"fas fa-circle\" aria-hidden=\"true\"><\/i><span class=\"elementor-icon-list-text\">Mobil ve SEO uyumlu g\u00fcncel alt yap\u0131<\/span><\/li><li class=\"elementor-icon-list-item\"><i class=\"fas fa-circle\" aria-hidden=\"true\"><\/i><span class=\"elementor-icon-list-text\">Kullan\u0131c\u0131 dostu y\u00f6netim paneli<\/span><\/li><\/ul><\/div><\/div><\/div><\/div><div class=\"elementor-column elementor-col-50 elementor-inner-column elementor-element elementor-element-6ec3b87 animated\" data-id=\"6ec3b87\" data-element_type=\"column\"><div class=\"elementor-widget-wrap elementor-element-populated\"><div class=\"elementor-element elementor-element-bf81368 elementor-icon-list--layout-traditional elementor-list-item-link-full_width elementor-widget elementor-widget-icon-list\" data-id=\"bf81368\" data-element_type=\"widget\" data-widget_type=\"icon-list.default\"><div class=\"elementor-widget-container\"><ul class=\"elementor-icon-list-items\"><li class=\"elementor-icon-list-item\"><i class=\"fas fa-circle\" aria-hidden=\"true\"><\/i><span class=\"elementor-icon-list-text\">Anti Spam ve DDOS koruma kalkan\u0131<\/span><\/li><li class=\"elementor-icon-list-item\"><i class=\"fas fa-circle\" aria-hidden=\"true\"><\/i><span class=\"elementor-icon-list-text\">Teknolojik alt yap\u0131 ve Hosting a\u011f\u0131<\/span><\/li><\/ul><\/div><\/div><\/div><\/div><\/div><\/section>\t\t\t\t\t\t\t\t<\/div>\n\t\t\t\t<\/div>\n\t\t\t\t<div class=\"elementor-element elementor-element-1ad55ed2 elementor-widget elementor-widget-text-editor\" data-id=\"1ad55ed2\" data-element_type=\"widget\" data-widget_type=\"text-editor.default\">\n\t\t\t\t<div class=\"elementor-widget-container\">\n\t\t\t\t\t\t\t\t\t<div class=\"tfl-subtitle\">S\u0130Z\u0130N \u0130\u00c7\u0130N SA\u011eLADI\u011eIMIZ H\u0130ZMETLER<\/div>\t\t\t\t\t\t\t\t<\/div>\n\t\t\t\t<\/div>\n\t\t\t\t<div class=\"elementor-element elementor-element-4e4db42a elementor-widget elementor-widget-text-editor\" data-id=\"4e4db42a\" data-element_type=\"widget\" data-widget_type=\"text-editor.default\">\n\t\t\t\t<div class=\"elementor-widget-container\">\n\t\t\t\t\t\t\t\t\t<div class=\"elementor-accordion-item\"><div id=\"elementor-tab-title-2271\" class=\"elementor-tab-title\" tabindex=\"-1\" role=\"button\" data-tab=\"1\" aria-controls=\"elementor-tab-content-2271\" aria-expanded=\"false\" aria-selected=\"false\"><strong><a class=\"elementor-accordion-title\" tabindex=\"0\">Kurumsal Site Tasar\u0131m\u0131;<\/a><\/strong><\/div><\/div><div class=\"elementor-accordion-item\"><div id=\"elementor-tab-title-2272\" class=\"elementor-tab-title\" role=\"button\" data-tab=\"2\" aria-controls=\"elementor-tab-content-2272\" aria-expanded=\"false\">Markan\u0131z\u0131 ve hizmetlerinizi tan\u0131t\u0131c\u0131 site tasar\u0131mlar\u0131. G\u00fcncel PHP alt yap\u0131s\u0131. Kolay y\u00f6netim paneli. Otomatik g\u00fcncelleme ve g\u00fcvenlik duvar\u0131 ile birlikte.<br \/><br \/><strong>E Ticaret Site Tasar\u0131m\u0131;<br \/><\/strong>\u0130htiya\u00e7lar\u0131n\u0131za uygun ve size \u00f6zel tasar\u0131mlarla ma\u011fazan\u0131z\u0131 online platforma ta\u015f\u0131yoruz. Kolay \u00fcr\u00fcn y\u00fckleme, kargo ve \u00f6deme entegrasyonu, muhasebe entegrasyonu ve g\u00fc\u00e7l\u00fc alt yap\u0131.<br \/><br \/><strong><strong>Faqet e Tregut;<br \/><\/strong><\/strong><div class=\"vc_row wpb_row vc_row-fluid vc_custom_1531307459430\" data-vc-full-width=\"true\" data-vc-full-width-init=\"true\"><div class=\"wpb_column vc_column_container vc_col-sm-4\"><div class=\"vc_column-inner vc_custom_1531307509463\"><div class=\"wpb_wrapper\"><div class=\"rt-fancy-text-box element-ten  rt1822132998\"><div class=\"holder matchHeight  vc_custom_1647686384523\"><div class=\"data\"><p class=\"content\">Sizin i\u00e7in pazar yeri kurulumu yap\u0131yoruz. G\u00fc\u00e7l\u00fc cloud server, g\u00fcncel yaz\u0131l\u0131m dili, mobil ve seo uyumlu C2C, C2B platformlar\u0131n\u0131z\u0131 kuruyoruz. \u00d6zel site tasar\u0131mlar\u0131 dahil \u00e7al\u0131\u015fma modelleri ile uzmanlar\u0131m\u0131z sizlere destek vermektedir.<\/p><\/div><\/div><\/div><\/div><\/div><\/div><\/div><br \/><strong><br \/><\/strong><\/div><\/div>\t\t\t\t\t\t\t\t<\/div>\n\t\t\t\t<\/div>\n\t\t\t\t<div class=\"elementor-element elementor-element-58c2bd81 elementor-widget elementor-widget-heading\" data-id=\"58c2bd81\" data-element_type=\"widget\" data-widget_type=\"heading.default\">\n\t\t\t\t<div class=\"elementor-widget-container\">\n\t\t\t\t\t<h4 class=\"elementor-heading-title elementor-size-default\">Pse t\u00eb zgjidhni Agjencin\u00eb Time SEO?<\/h4>\t\t\t\t<\/div>\n\t\t\t\t<\/div>\n\t\t\t\t<div class=\"elementor-element elementor-element-7d413b76 elementor-widget elementor-widget-pitoon-business-box\" data-id=\"7d413b76\" data-element_type=\"widget\" data-widget_type=\"pitoon-business-box.default\">\n\t\t\t\t<div class=\"elementor-widget-container\">\n\t\t\t\t\t    <ul class=\"services-details__points list-unstyled ml-0\">\r\n                    <li>\r\n                <div class=\"icon\">\r\n                    <span aria-hidden=\"true\" class=\"icon-copy-writing\"><\/span>                <\/div>\r\n                <div class=\"text\">\r\n                    <p class=\"service-details__business-title\">G\u00fcncel<br> Yaz\u0131l\u0131m Dili<\/p>                <\/div>\r\n            <\/li>\r\n                    <li>\r\n                <div class=\"icon\">\r\n                    <span aria-hidden=\"true\" class=\"icon-conversion-rate\"><\/span>                <\/div>\r\n                <div class=\"text\">\r\n                    <p class=\"service-details__business-title service-details__business-title\">Inteligjenca artificiale<br> Integrimi<\/p>                <\/div>\r\n            <\/li>\r\n                    <li>\r\n                <div class=\"icon\">\r\n                    <span aria-hidden=\"true\" class=\"icon-world\"><\/span>                <\/div>\r\n                <div class=\"text\">\r\n                    <p class=\"service-details__business-title service-details__business-title service-details__business-title\">SEO dhe celular\u00eb <br> Pajtueshm\u00ebria<\/p>                <\/div>\r\n            <\/li>\r\n            <\/ul>\r\n\t\t\t\t<\/div>\n\t\t\t\t<\/div>\n\t\t\t\t<div class=\"elementor-element elementor-element-b7ec35d elementor-widget elementor-widget-text-editor\" data-id=\"b7ec35d\" data-element_type=\"widget\" data-widget_type=\"text-editor.default\">\n\t\t\t\t<div class=\"elementor-widget-container\">\n\t\t\t\t\t\t\t\t\t<!-- Time SEO - Web Hizmetleri (3'l\u00fc Grid, Transparan Arka Plan, p Ba\u015fl\u0131klar) -->\n<section class=\"ts-services-three\">\n  <style>\n    .ts-services-three {\n      font-family: \"Inter\", system-ui, -apple-system, \"Segoe UI\", Roboto, Arial, sans-serif;\n      background: transparent;\n      color: #0f172a;\n      padding: clamp(50px, 5vw, 90px) clamp(20px, 5vw, 60px);\n    }\n\n    .tst-grid {\n      display: grid;\n      grid-template-columns: repeat(3, 1fr);\n      gap: 32px;\n      max-width: 1200px;\n      margin: 0 auto;\n    }\n\n    .tst-card {\n      background: rgba(255, 255, 255, 0.9);\n      border: 1px solid rgba(226, 232, 240, 0.7);\n      border-radius: 14px;\n      box-shadow: 0 6px 22px rgba(0, 0, 0, 0.05);\n      padding: 28px 26px;\n      backdrop-filter: blur(6px);\n      transition: all 0.25s ease;\n    }\n\n    .tst-card:hover {\n      transform: translateY(-4px);\n      box-shadow: 0 12px 30px rgba(0, 0, 0, 0.08);\n    }\n\n    .tst-card .title {\n      font-weight: 700;\n      font-size: 1.05rem;\n      margin-bottom: 8px;\n      letter-spacing: -0.01em;\n      color: #0f172a;\n    }\n\n    .tst-card .desc {\n      font-size: 0.95rem;\n      line-height: 1.6;\n      color: #475569;\n      margin: 0;\n    }\n\n    @media (max-width: 1024px) {\n      .tst-grid {\n        grid-template-columns: repeat(2, 1fr);\n      }\n    }\n\n    @media (max-width: 640px) {\n      .tst-grid {\n        grid-template-columns: 1fr;\n      }\n      .tst-card {\n        padding: 22px 18px;\n      }\n      .tst-card .title {\n        font-size: 1rem;\n      }\n    }\n  <\/style>\n\n  <div class=\"tst-grid\">\n    <div class=\"tst-card\">\n      <p class=\"title\">D\u00f6n\u00fc\u015f\u00fcm Oran\u0131 Optimizasyonu<\/p>\n      <p class=\"desc\">\n        Trafik oran\u0131n\u0131z artmadan dahi, d\u00f6n\u00fc\u015f\u00fcm oran\u0131n\u0131z\u0131 artt\u0131racak sayfa optimizasyonu ve kurgusu uzmanlar\u0131m\u0131z taraf\u0131ndan haz\u0131rlanmaktad\u0131r.\n      <\/p>\n    <\/div>\n\n    <div class=\"tst-card\">\n      <p class=\"title\">Kullan\u0131c\u0131 Deneyimi Geli\u015ftirme<\/p>\n      <p class=\"desc\">\n        Web tasar\u0131m \u00e7al\u0131\u015fmas\u0131 s\u00fcresince kullan\u0131c\u0131 deneyimini geli\u015ftirmek ad\u0131na sekt\u00f6r ve rakip analizleri yap\u0131larak sayfa tasar\u0131mlar\u0131 haz\u0131rlanmaktad\u0131r.\n      <\/p>\n    <\/div>\n\n    <div class=\"tst-card\">\n      <p class=\"title\">JAMstack Site Tasar\u0131m\u0131<\/p>\n      <p class=\"desc\">\n        JAMstack yakla\u015f\u0131m\u0131, statik varl\u0131klar\u0131n \u00f6nceden CDN&#8217;de \u00f6n y\u00fcklendi\u011fi tamamen dinamik web sitelerine sahip olman\u0131n h\u0131zl\u0131 ve g\u00fcvenli bir yolunu sa\u011flar.\n      <\/p>\n    <\/div>\n\n    <div class=\"tst-card\">\n      <p class=\"title\">Web Sitesi \u0130\u00e7erik Ta\u015f\u0131ma<\/p>\n      <p class=\"desc\">\n        Var olan sitenizi yeniden tasarlamak istedi\u011finizde herhangi bir SEO de\u011fer kayb\u0131 olmadan ta\u015f\u0131ma i\u015flemi ger\u00e7ekle\u015ftirilmektedir.\n      <\/p>\n    <\/div>\n\n    <div class=\"tst-card\">\n      <p class=\"title\">Hosting Y\u00f6netimi<\/p>\n      <p class=\"desc\">\n        DDOS sald\u0131r\u0131lar\u0131na kar\u015f\u0131 sitenizi bar\u0131nd\u0131rd\u0131\u011f\u0131n\u0131z hosting veya sunucunuzun t\u00fcm g\u00fcvenlik \u00e7al\u0131\u015fmalar\u0131 taraf\u0131m\u0131zca sa\u011flanmaktad\u0131r.\n      <\/p>\n    <\/div>\n\n    <div class=\"tst-card\">\n      <p class=\"title\">Web Site Bak\u0131m\u0131<\/p>\n      <p class=\"desc\">\n        Sitenizin g\u00fcncel kalmas\u0131 ve genel y\u00f6netimi i\u00e7in ayl\u0131k site bak\u0131m \u00e7al\u0131\u015fmalar\u0131n\u0131z\u0131 ger\u00e7ekle\u015ftirmekteyiz.\n      <\/p>\n    <\/div>\n  <\/div>\n<\/section>\n<!-- \/Time SEO - Web Hizmetleri -->\n\t\t\t\t\t\t\t\t<\/div>\n\t\t\t\t<\/div>\n\t\t\t\t<div class=\"elementor-element elementor-element-3a6c48c6 elementor-widget elementor-widget-pitoon-benefit-box\" data-id=\"3a6c48c6\" data-element_type=\"widget\" data-widget_type=\"pitoon-benefit-box.default\">\n\t\t\t\t<div class=\"elementor-widget-container\">\n\t\t\t\t\t    <div class=\"services-details__benefit\">\r\n        <div class=\"row\">\r\n            <div class=\"col-xl-6\">\r\n                <div class=\"services-details__benefit-img\">\r\n                    <img decoding=\"async\" src=\"https:\/\/www.timeseoagency.com.tr\/wp-content\/uploads\/2023\/05\/services-details-benefit-img.jpg\" alt=\"#imazh_titull\" title=\"detajet-e-sh\u00ebrbimeve-e-p\u00ebrfitimit-img\" >                <\/div>\r\n            <\/div>\r\n            <div class=\"col-xl-6\">\r\n                <div class=\"services-details__benefit-content\">\r\n                    <h3 class=\"services-details__benefit-title\">Art\u0131lar\u0131m\u0131z<\/h3><p class=\"services-details__benefit-text\">Time SEO Ajans\u0131 ile Hayalleriniz Dijital D\u00fcnya'ya Ta\u015f\u0131n\u0131yor<\/p>                    <ul class=\"services-details__benefit-points list-unstyled ml-0\">\r\n                                                    <li>\r\n                                <div class=\"icon\">\r\n                                    <span aria-hidden=\"true\" class=\"fa fa-check\"><\/span>                                <\/div>\r\n                                <div class=\"text\">\r\n                                    <p class=\"\">Miq\u00ebsor me celular\u00ebt dhe SEO-n<\/p>                                <\/div>\r\n                            <\/li>\r\n                                                    <li>\r\n                                <div class=\"icon\">\r\n                                    <span aria-hidden=\"true\" class=\"fa fa-check\"><\/span>                                <\/div>\r\n                                <div class=\"text\">\r\n                                    <p class=\"\">Yapay Zeka Entegrasyonlar\u0131<\/p>                                <\/div>\r\n                            <\/li>\r\n                                                    <li>\r\n                                <div class=\"icon\">\r\n                                    <span aria-hidden=\"true\" class=\"fa fa-check\"><\/span>                                <\/div>\r\n                                <div class=\"text\">\r\n                                    <p class=\"\">G\u00fcncel Yaz\u0131l\u0131m Dili <\/p>                                <\/div>\r\n                            <\/li>\r\n                                                    <li>\r\n                                <div class=\"icon\">\r\n                                    <span aria-hidden=\"true\" class=\"fa fa-check\"><\/span>                                <\/div>\r\n                                <div class=\"text\">\r\n                                    <p class=\"\">Y\u00fcksek G\u00fcvenlik Sistemi<\/p>                                <\/div>\r\n                            <\/li>\r\n                                            <\/ul>\r\n                <\/div>\r\n            <\/div>\r\n        <\/div>\r\n    <\/div>\r\n\t\t\t\t<\/div>\n\t\t\t\t<\/div>\n\t\t\t\t<div class=\"elementor-element elementor-element-9fb9a9d elementor-widget elementor-widget-pitoon-importance\" data-id=\"9fb9a9d\" data-element_type=\"widget\" data-widget_type=\"pitoon-importance.default\">\n\t\t\t\t<div class=\"elementor-widget-container\">\n\t\t\t\t\t    <div class=\"services-details__importance\">\r\n        <div class=\"services-details__importance-shape-1\">\r\n            <img decoding=\"async\" src=\"https:\/\/www.timeseoagency.com.tr\/wp-content\/uploads\/2025\/10\/services-details-importance-shape-1.png\" alt=\"#imazh_titull\" title=\"detajet-e-sh\u00ebrbimeve-r\u00ebnd\u00ebsia-forma-1png\" >        <\/div>\r\n        <div class=\"services-details__importance-img\">\r\n            <img decoding=\"async\" src=\"https:\/\/www.timeseoagency.com.tr\/wp-content\/uploads\/2025\/10\/services-details-importance-img.png\" alt=\"#imazh_titull\" title=\"detajet-e-sh\u00ebrbimeve-e-r\u00ebnd\u00ebsis\u00eb-imgpng\" >        <\/div>\r\n        <div class=\"services-details__importance-title-box\">\r\n            <h3 class=\"services-details__importance-title\">Size \u00d6zel \u00c7\u00f6z\u00fcmler \u0130\u00e7in <br> Ne po ju presim.<\/h3>                            <div class=\"services-details__importance-btn-box\">\r\n                    <a class=\"services-details__importance-btn\" href=\"tel:+902626061238\"  >B\u0130ZE ULA\u015eIN<\/a>                <\/div>\r\n            \r\n        <\/div>\r\n    <\/div>\r\n\t\t\t\t<\/div>\n\t\t\t\t<\/div>\n\t\t\t\t\t<\/div>\n\t\t<\/div>\n\t\t\t\t\t<\/div>\n\t\t<\/section>\n\t\t\t\t<\/div>","protected":false},"excerpt":{"rendered":"<p>T\u00fcm Hizmetler SEO Ajans\u0131 Google Ads Ajans\u0131 Web Tasar\u0131m Ajans\u0131 \u0130lk Sayfa Garantili SEO \u0130deasoft SEO SEO &#038; Content Writing Dijital Pazarlama \u00c7\u00f6z\u00fcmleri mi Ar\u0131yorsunuz? \u0130LET\u0130\u015e\u0130M Tan\u0131t\u0131m Dosya\u0131m\u0131z 2.5 MB Web Tasar\u0131m Ajans\u0131 Mobil uyumlu, i\u015flevsel, modern, kullan\u0131c\u0131 dostu, ekonomik, SEO uyumlu web sitelerinizi uzman kadromuzla yap\u0131yoruz. Dijital D\u00f6n\u00fc\u015f\u00fcmle D\u00fcnya\u2019ya a\u00e7\u0131l\u0131n. Uzmanlar\u0131m\u0131z ile birlikte size [&hellip;]<\/p>\n","protected":false},"author":1,"featured_media":7787,"parent":0,"menu_order":0,"comment_status":"closed","ping_status":"closed","template":"elementor_header_footer","meta":{"footnotes":""},"class_list":["post-94","page","type-page","status-publish","has-post-thumbnail","hentry"],"aioseo_notices":[],"_hostinger_reach_plugin_has_subscription_block":false,"_hostinger_reach_plugin_is_elementor":false,"_links":{"self":[{"href":"https:\/\/www.timeseoagency.com.tr\/sq\/wp-json\/wp\/v2\/pages\/94","targetHints":{"allow":["GET"]}}],"collection":[{"href":"https:\/\/www.timeseoagency.com.tr\/sq\/wp-json\/wp\/v2\/pages"}],"about":[{"href":"https:\/\/www.timeseoagency.com.tr\/sq\/wp-json\/wp\/v2\/types\/page"}],"author":[{"embeddable":true,"href":"https:\/\/www.timeseoagency.com.tr\/sq\/wp-json\/wp\/v2\/users\/1"}],"replies":[{"embeddable":true,"href":"https:\/\/www.timeseoagency.com.tr\/sq\/wp-json\/wp\/v2\/comments?post=94"}],"version-history":[{"count":11,"href":"https:\/\/www.timeseoagency.com.tr\/sq\/wp-json\/wp\/v2\/pages\/94\/revisions"}],"predecessor-version":[{"id":9200,"href":"https:\/\/www.timeseoagency.com.tr\/sq\/wp-json\/wp\/v2\/pages\/94\/revisions\/9200"}],"wp:featuredmedia":[{"embeddable":true,"href":"https:\/\/www.timeseoagency.com.tr\/sq\/wp-json\/wp\/v2\/media\/7787"}],"wp:attachment":[{"href":"https:\/\/www.timeseoagency.com.tr\/sq\/wp-json\/wp\/v2\/media?parent=94"}],"curies":[{"name":"wp","href":"https:\/\/api.w.org\/{rel}","templated":true}]}}