{"id":8871,"date":"2025-10-12T15:49:31","date_gmt":"2025-10-12T12:49:31","guid":{"rendered":"https:\/\/www.timeseoagency.com.tr\/?page_id=8871"},"modified":"2025-10-16T19:58:51","modified_gmt":"2025-10-16T16:58:51","slug":"seo","status":"publish","type":"page","link":"https:\/\/www.timeseoagency.com.tr\/sq\/seo\/","title":{"rendered":"SEO"},"content":{"rendered":"<div data-elementor-type=\"wp-page\" data-elementor-id=\"8871\" class=\"elementor elementor-8871\">\n\t\t\t\t\t\t<section class=\"elementor-section elementor-top-section elementor-element elementor-element-524a8cb5 elementor-section-boxed elementor-section-height-default elementor-section-height-default\" data-id=\"524a8cb5\" data-element_type=\"section\">\n\t\t\t\t\t\t<div class=\"elementor-container elementor-column-gap-no\">\n\t\t\t\t\t<div class=\"elementor-column elementor-col-100 elementor-top-column elementor-element elementor-element-8261f6a\" data-id=\"8261f6a\" data-element_type=\"column\">\n\t\t\t<div class=\"elementor-widget-wrap elementor-element-populated\">\n\t\t\t\t\t\t<section class=\"elementor-section elementor-inner-section elementor-element elementor-element-136e5926 elementor-section-boxed elementor-section-height-default elementor-section-height-default\" data-id=\"136e5926\" data-element_type=\"section\">\n\t\t\t\t\t\t<div class=\"elementor-container elementor-column-gap-extended\">\n\t\t\t\t\t<div class=\"elementor-column elementor-col-50 elementor-inner-column elementor-element elementor-element-3d00d381 tfl-col-5\" data-id=\"3d00d381\" data-element_type=\"column\">\n\t\t\t<div class=\"elementor-widget-wrap elementor-element-populated\">\n\t\t\t\t\t\t<div class=\"elementor-element elementor-element-71d56a41 elementor-widget elementor-widget-spacer\" data-id=\"71d56a41\" data-element_type=\"widget\" data-widget_type=\"spacer.default\">\n\t\t\t\t<div class=\"elementor-widget-container\">\n\t\t\t\t\t\t\t<div class=\"elementor-spacer\">\n\t\t\t<div class=\"elementor-spacer-inner\"><\/div>\n\t\t<\/div>\n\t\t\t\t\t\t<\/div>\n\t\t\t\t<\/div>\n\t\t\t\t<div class=\"elementor-element elementor-element-6e3b20db elementor-widget elementor-widget-text-editor\" data-id=\"6e3b20db\" data-element_type=\"widget\" data-widget_type=\"text-editor.default\">\n\t\t\t\t<div class=\"elementor-widget-container\">\n\t\t\t\t\t\t\t\t\t<p>\u0130\u015finizi \u015fansa b\u0131rakmadan\u00a0<strong>SEO\u00a0<\/strong>ile Organik olarak b\u00fcy\u00fcy\u00fcn !<\/p>\t\t\t\t\t\t\t\t<\/div>\n\t\t\t\t<\/div>\n\t\t\t\t<div class=\"elementor-element elementor-element-716e0845 elementor-widget elementor-widget-spacer\" data-id=\"716e0845\" data-element_type=\"widget\" data-widget_type=\"spacer.default\">\n\t\t\t\t<div class=\"elementor-widget-container\">\n\t\t\t\t\t\t\t<div class=\"elementor-spacer\">\n\t\t\t<div class=\"elementor-spacer-inner\"><\/div>\n\t\t<\/div>\n\t\t\t\t\t\t<\/div>\n\t\t\t\t<\/div>\n\t\t\t\t<div class=\"elementor-element elementor-element-601ce87 elementor-widget elementor-widget-text-editor\" data-id=\"601ce87\" data-element_type=\"widget\" data-widget_type=\"text-editor.default\">\n\t\t\t\t<div class=\"elementor-widget-container\">\n\t\t\t\t\t\t\t\t\t<p><span style=\"max-width: 380px; display: block; font-family: 'Open Sans', sans-serif; color: var( --e-global-color-text ); font-weight: var( --e-global-typography-text-font-weight ); font-size: 14px;\">Time\u00a0<strong>SEO\u00a0<\/strong>Ajans\u0131 ile\u00a0<strong>SEO\u00a0<\/strong>\u00e7al\u0131\u015fmas\u0131 kapsam\u0131nda siteniz \u00f6zenle analize al\u0131n\u0131p, yol haritas\u0131 belirlenmekte. Bu analiz neticesinde \u00f6ncelikle site i\u00e7i\u00a0<strong>SEO\u00a0<\/strong>sonu\u00e7lar\u0131n\u0131z, sekt\u00f6r analiziniz, rakip analiziniz ve reklam analizleri yer almakta. Hedeflenen ve rekabete girilecek olan kelime veya hizmet grubu i\u00e7in strateji belirlenmekte ve m\u00fc\u015fterimize kapsaml\u0131 rapor olarak iletilmekte.\u00a0<\/span><\/p>\t\t\t\t\t\t\t\t<\/div>\n\t\t\t\t<\/div>\n\t\t\t\t<div class=\"elementor-element elementor-element-38539c1f elementor-widget elementor-widget-spacer\" data-id=\"38539c1f\" data-element_type=\"widget\" data-widget_type=\"spacer.default\">\n\t\t\t\t<div class=\"elementor-widget-container\">\n\t\t\t\t\t\t\t<div class=\"elementor-spacer\">\n\t\t\t<div class=\"elementor-spacer-inner\"><\/div>\n\t\t<\/div>\n\t\t\t\t\t\t<\/div>\n\t\t\t\t<\/div>\n\t\t\t\t<div class=\"elementor-element elementor-element-3823d7b5 elementor-widget elementor-widget-text-editor\" data-id=\"3823d7b5\" data-element_type=\"widget\" data-widget_type=\"text-editor.default\">\n\t\t\t\t<div class=\"elementor-widget-container\">\n\t\t\t\t\t\t\t\t\t<p><strong>SEO\u00a0<\/strong>raporumuz m\u00fc\u015fterimize iletildikten sonra site ile ilgili yetkiler m\u00fc\u015fterimizden talep edilip, onpage d\u00fczenlemelerle beraber\u00a0<strong>SEO\u00a0<\/strong>\u00e7al\u0131\u015fmas\u0131 taraf\u0131m\u0131zca ba\u015flat\u0131l\u0131r. S\u00fcre\u00e7 \u015feffaf bir \u015fekilde m\u00fc\u015fteri panelimiz ile m\u00fc\u015fterimize iletilmekte. T\u00fcm\u00a0<strong> SEO\u00a0<\/strong>\u00e7al\u0131\u015fmalar\u0131nda kapsaml\u0131 raporlama d\u00fczenli aral\u0131klarla m\u00fc\u015fteri paneli \u00fczerinden m\u00fc\u015fterilerimize iletilmektedir.\u00a0<\/p>\t\t\t\t\t\t\t\t<\/div>\n\t\t\t\t<\/div>\n\t\t\t\t<div class=\"elementor-element elementor-element-8efa22e elementor-widget elementor-widget-spacer\" data-id=\"8efa22e\" data-element_type=\"widget\" data-widget_type=\"spacer.default\">\n\t\t\t\t<div class=\"elementor-widget-container\">\n\t\t\t\t\t\t\t<div class=\"elementor-spacer\">\n\t\t\t<div class=\"elementor-spacer-inner\"><\/div>\n\t\t<\/div>\n\t\t\t\t\t\t<\/div>\n\t\t\t\t<\/div>\n\t\t\t\t\t<\/div>\n\t\t<\/div>\n\t\t\t\t<div class=\"elementor-column elementor-col-50 elementor-inner-column elementor-element elementor-element-5cd77fd tfl-col-7\" data-id=\"5cd77fd\" data-element_type=\"column\">\n\t\t\t<div class=\"elementor-widget-wrap elementor-element-populated\">\n\t\t\t\t\t\t<div class=\"elementor-element elementor-element-6f3eaa8a elementor-widget elementor-widget-image\" data-id=\"6f3eaa8a\" data-element_type=\"widget\" data-widget_type=\"image.default\">\n\t\t\t\t<div class=\"elementor-widget-container\">\n\t\t\t\t\t\t\t\t\t\t\t\t\t\t\t<img fetchpriority=\"high\" decoding=\"async\" width=\"670\" height=\"649\" src=\"https:\/\/www.timeseoagency.com.tr\/wp-content\/uploads\/2021\/07\/service-detail-1.jpg\" class=\"attachment-full size-full wp-image-83\" alt=\"SEO p\u00ebr tregtin\u00eb elektronike\" srcset=\"https:\/\/www.timeseoagency.com.tr\/wp-content\/uploads\/2021\/07\/service-detail-1.jpg 670w, https:\/\/www.timeseoagency.com.tr\/wp-content\/uploads\/2021\/07\/service-detail-1-300x291.jpg 300w\" sizes=\"(max-width: 670px) 100vw, 670px\" \/>\t\t\t\t\t\t\t\t\t\t\t\t\t\t\t<\/div>\n\t\t\t\t<\/div>\n\t\t\t\t\t<\/div>\n\t\t<\/div>\n\t\t\t\t\t<\/div>\n\t\t<\/section>\n\t\t\t\t<div class=\"elementor-element elementor-element-10301b99 elementor-widget elementor-widget-spacer\" data-id=\"10301b99\" data-element_type=\"widget\" data-widget_type=\"spacer.default\">\n\t\t\t\t<div class=\"elementor-widget-container\">\n\t\t\t\t\t\t\t<div class=\"elementor-spacer\">\n\t\t\t<div class=\"elementor-spacer-inner\"><\/div>\n\t\t<\/div>\n\t\t\t\t\t\t<\/div>\n\t\t\t\t<\/div>\n\t\t\t\t\t<\/div>\n\t\t<\/div>\n\t\t\t\t\t<\/div>\n\t\t<\/section>\n\t\t\t\t<section class=\"elementor-section elementor-top-section elementor-element elementor-element-259bdcd3 no-icon elementor-section-boxed elementor-section-height-default elementor-section-height-default\" data-id=\"259bdcd3\" data-element_type=\"section\">\n\t\t\t\t\t\t<div class=\"elementor-container elementor-column-gap-extended\">\n\t\t\t\t\t<div class=\"elementor-column elementor-col-100 elementor-top-column elementor-element elementor-element-490e02f0\" data-id=\"490e02f0\" data-element_type=\"column\">\n\t\t\t<div class=\"elementor-widget-wrap elementor-element-populated\">\n\t\t\t\t\t\t<div class=\"elementor-element elementor-element-43970a21 elementor-widget elementor-widget-spacer\" data-id=\"43970a21\" data-element_type=\"widget\" data-widget_type=\"spacer.default\">\n\t\t\t\t<div class=\"elementor-widget-container\">\n\t\t\t\t\t\t\t<div class=\"elementor-spacer\">\n\t\t\t<div class=\"elementor-spacer-inner\"><\/div>\n\t\t<\/div>\n\t\t\t\t\t\t<\/div>\n\t\t\t\t<\/div>\n\t\t\t\t<div class=\"elementor-element elementor-element-7ee3e4c1 elementor-widget elementor-widget-text-editor\" data-id=\"7ee3e4c1\" data-element_type=\"widget\" data-widget_type=\"text-editor.default\">\n\t\t\t\t<div class=\"elementor-widget-container\">\n\t\t\t\t\t\t\t\t\t<p><strong class=\"style1\">SEO, Stratejilerin harmanland\u0131\u011f\u0131 ve her hamlenin ince matematik i\u015flemine tabii tutuldu\u011fu bir mant\u0131k oyunudur.\u00a0<\/strong><\/p>\t\t\t\t\t\t\t\t<\/div>\n\t\t\t\t<\/div>\n\t\t\t\t\t<\/div>\n\t\t<\/div>\n\t\t\t\t\t<\/div>\n\t\t<\/section>\n\t\t\t\t<section class=\"elementor-section elementor-top-section elementor-element elementor-element-545872cf elementor-section-boxed elementor-section-height-default elementor-section-height-default\" data-id=\"545872cf\" data-element_type=\"section\">\n\t\t\t\t\t\t<div class=\"elementor-container elementor-column-gap-extended\">\n\t\t\t\t\t<div class=\"elementor-column elementor-col-100 elementor-top-column elementor-element elementor-element-dad2d6e\" data-id=\"dad2d6e\" data-element_type=\"column\">\n\t\t\t<div class=\"elementor-widget-wrap elementor-element-populated\">\n\t\t\t\t\t\t<div class=\"elementor-element elementor-element-3550ac75 elementor-widget elementor-widget-spacer\" data-id=\"3550ac75\" data-element_type=\"widget\" data-widget_type=\"spacer.default\">\n\t\t\t\t<div class=\"elementor-widget-container\">\n\t\t\t\t\t\t\t<div class=\"elementor-spacer\">\n\t\t\t<div class=\"elementor-spacer-inner\"><\/div>\n\t\t<\/div>\n\t\t\t\t\t\t<\/div>\n\t\t\t\t<\/div>\n\t\t\t\t<section class=\"elementor-section elementor-inner-section elementor-element elementor-element-5a59da2 elementor-section-boxed elementor-section-height-default elementor-section-height-default\" data-id=\"5a59da2\" data-element_type=\"section\">\n\t\t\t\t\t\t<div class=\"elementor-container elementor-column-gap-extended\">\n\t\t\t\t\t<div class=\"elementor-column elementor-col-50 elementor-inner-column elementor-element elementor-element-087c37d tfl-col-5\" data-id=\"087c37d\" data-element_type=\"column\">\n\t\t\t<div class=\"elementor-widget-wrap elementor-element-populated\">\n\t\t\t\t\t\t<div class=\"elementor-element elementor-element-b1e5d84 elementor-widget elementor-widget-spacer\" data-id=\"b1e5d84\" data-element_type=\"widget\" data-widget_type=\"spacer.default\">\n\t\t\t\t<div class=\"elementor-widget-container\">\n\t\t\t\t\t\t\t<div class=\"elementor-spacer\">\n\t\t\t<div class=\"elementor-spacer-inner\"><\/div>\n\t\t<\/div>\n\t\t\t\t\t\t<\/div>\n\t\t\t\t<\/div>\n\t\t\t\t<div class=\"elementor-element elementor-element-afeb816 elementor-widget elementor-widget-text-editor\" data-id=\"afeb816\" data-element_type=\"widget\" data-widget_type=\"text-editor.default\">\n\t\t\t\t<div class=\"elementor-widget-container\">\n\t\t\t\t\t\t\t\t\t<p>D\u00fczenli takip ve rekabete girilen t\u00fcm rakipleriniz ile ilgili kapsaml\u0131 raporlarla birlikte strateji d\u00fczenli olarak revize edilmektedir. Unutmay\u0131n\u00a0<strong> SEO\u00a0<\/strong>s\u00fcrekli olarak geli\u015ftirilmesi gerekilen stratejiler b\u00fct\u00fcn\u00fcd\u00fcr.\u00a0<\/p>\t\t\t\t\t\t\t\t<\/div>\n\t\t\t\t<\/div>\n\t\t\t\t<div class=\"elementor-element elementor-element-379fc2e elementor-widget elementor-widget-text-editor\" data-id=\"379fc2e\" data-element_type=\"widget\" data-widget_type=\"text-editor.default\">\n\t\t\t\t<div class=\"elementor-widget-container\">\n\t\t\t\t\t\t\t\t\t<p><b>Agjenci SEO<\/b>m\u0131z\u0131n genel prensibi \u015feffaf s\u00fcre\u00e7.\u00a0<strong>SEO\u00a0<\/strong>yap\u0131 olarak manip\u00fclasyona \u00e7ok a\u00e7\u0131k bir \u00e7al\u0131\u015fmalar b\u00fct\u00fcn\u00fc olmas\u0131 sebebiyle, m\u00fc\u015fterilerimize olabildi\u011fince \u00e7ok fazla rapor ileterek m\u00fc\u015fterilerimizin kar\u015f\u0131la\u015ft\u0131rma yapmalar\u0131n\u0131 istiyoruz. Bu sayede m\u00fcmk\u00fcn oldu\u011funca \u00e7ok fazla bir \u015fekilde verdi\u011fimiz verilerin do\u011frulu\u011funu kontrol etmelerini ve g\u00fcven mekanizmas\u0131n\u0131n artmas\u0131n\u0131 istiyoruz.\u00a0<br \/><br \/><strong>Pun\u00eb SEO<\/strong>nda uygulad\u0131\u011f\u0131m\u0131z ad\u0131mlar ;<\/p><p>1- On page analiz ve d\u00fczenleme<br \/>2- Off page analiz ve d\u00fczenleme\u00a0<br \/>3-\u00a0<strong>Lokal SEO\u00a0<\/strong>analiz ve d\u00fczenleme<br \/>4- Sosyal Medya analizleri ve yol haritas\u0131 olu\u015fturma<br \/>5- Google ADS ve Yandex reklamlar\u0131 analiz ve strateji olu\u015fturma<br \/>6- G\u00f6rsel SEO analizleri ve d\u00fczenlemeleri<br \/>7- Sunucu\/hosting optimizasyonlar\u0131\u00a0<br \/>9- UX-UI analiz ve d\u00fczenleme\u00a0<br \/>10- Data analizleri\u00a0<\/p>\t\t\t\t\t\t\t\t<\/div>\n\t\t\t\t<\/div>\n\t\t\t\t<div class=\"elementor-element elementor-element-3797103 elementor-widget elementor-widget-spacer\" data-id=\"3797103\" data-element_type=\"widget\" data-widget_type=\"spacer.default\">\n\t\t\t\t<div class=\"elementor-widget-container\">\n\t\t\t\t\t\t\t<div class=\"elementor-spacer\">\n\t\t\t<div class=\"elementor-spacer-inner\"><\/div>\n\t\t<\/div>\n\t\t\t\t\t\t<\/div>\n\t\t\t\t<\/div>\n\t\t\t\t\t<\/div>\n\t\t<\/div>\n\t\t\t\t<div class=\"elementor-column elementor-col-50 elementor-inner-column elementor-element elementor-element-a8f7f6f tfl-col-7\" data-id=\"a8f7f6f\" data-element_type=\"column\">\n\t\t\t<div class=\"elementor-widget-wrap elementor-element-populated\">\n\t\t\t\t\t\t<div class=\"elementor-element elementor-element-4d3f500 elementor-widget elementor-widget-image\" data-id=\"4d3f500\" data-element_type=\"widget\" data-widget_type=\"image.default\">\n\t\t\t\t<div class=\"elementor-widget-container\">\n\t\t\t\t\t\t\t\t\t\t\t\t\t\t\t<img fetchpriority=\"high\" decoding=\"async\" width=\"670\" height=\"649\" src=\"https:\/\/www.timeseoagency.com.tr\/wp-content\/uploads\/2021\/07\/service-detail-1.jpg\" class=\"attachment-full size-full wp-image-83\" alt=\"SEO p\u00ebr tregtin\u00eb elektronike\" srcset=\"https:\/\/www.timeseoagency.com.tr\/wp-content\/uploads\/2021\/07\/service-detail-1.jpg 670w, https:\/\/www.timeseoagency.com.tr\/wp-content\/uploads\/2021\/07\/service-detail-1-300x291.jpg 300w\" sizes=\"(max-width: 670px) 100vw, 670px\" \/>\t\t\t\t\t\t\t\t\t\t\t\t\t\t\t<\/div>\n\t\t\t\t<\/div>\n\t\t\t\t\t<\/div>\n\t\t<\/div>\n\t\t\t\t\t<\/div>\n\t\t<\/section>\n\t\t\t\t<div class=\"elementor-element elementor-element-38e9c0e elementor-widget elementor-widget-spacer\" data-id=\"38e9c0e\" data-element_type=\"widget\" data-widget_type=\"spacer.default\">\n\t\t\t\t<div class=\"elementor-widget-container\">\n\t\t\t\t\t\t\t<div class=\"elementor-spacer\">\n\t\t\t<div class=\"elementor-spacer-inner\"><\/div>\n\t\t<\/div>\n\t\t\t\t\t\t<\/div>\n\t\t\t\t<\/div>\n\t\t\t\t\t<\/div>\n\t\t<\/div>\n\t\t\t\t\t<\/div>\n\t\t<\/section>\n\t\t\t\t<section class=\"elementor-section elementor-top-section elementor-element elementor-element-f4dbd90 elementor-section-boxed elementor-section-height-default elementor-section-height-default\" data-id=\"f4dbd90\" data-element_type=\"section\">\n\t\t\t\t\t\t<div class=\"elementor-container elementor-column-gap-no\">\n\t\t\t\t\t<div class=\"elementor-column elementor-col-100 elementor-top-column elementor-element elementor-element-bf41f61\" data-id=\"bf41f61\" data-element_type=\"column\">\n\t\t\t<div class=\"elementor-widget-wrap elementor-element-populated\">\n\t\t\t\t\t\t<div class=\"elementor-element elementor-element-66b6f10 elementor-widget elementor-widget-spacer\" data-id=\"66b6f10\" data-element_type=\"widget\" data-widget_type=\"spacer.default\">\n\t\t\t\t<div class=\"elementor-widget-container\">\n\t\t\t\t\t\t\t<div class=\"elementor-spacer\">\n\t\t\t<div class=\"elementor-spacer-inner\"><\/div>\n\t\t<\/div>\n\t\t\t\t\t\t<\/div>\n\t\t\t\t<\/div>\n\t\t\t\t\t<\/div>\n\t\t<\/div>\n\t\t\t\t\t<\/div>\n\t\t<\/section>\n\t\t\t\t<section class=\"elementor-section elementor-top-section elementor-element elementor-element-6ee3f8c4 elementor-section-boxed elementor-section-height-default elementor-section-height-default\" data-id=\"6ee3f8c4\" data-element_type=\"section\">\n\t\t\t\t\t\t<div class=\"elementor-container elementor-column-gap-default\">\n\t\t\t\t\t<div class=\"elementor-column elementor-col-100 elementor-top-column elementor-element elementor-element-79353cda\" data-id=\"79353cda\" data-element_type=\"column\">\n\t\t\t<div class=\"elementor-widget-wrap elementor-element-populated\">\n\t\t\t\t\t\t<div class=\"elementor-element elementor-element-6ddba7b7 elementor-widget elementor-widget-spacer\" data-id=\"6ddba7b7\" data-element_type=\"widget\" data-widget_type=\"spacer.default\">\n\t\t\t\t<div class=\"elementor-widget-container\">\n\t\t\t\t\t\t\t<div class=\"elementor-spacer\">\n\t\t\t<div class=\"elementor-spacer-inner\"><\/div>\n\t\t<\/div>\n\t\t\t\t\t\t<\/div>\n\t\t\t\t<\/div>\n\t\t\t\t\t<\/div>\n\t\t<\/div>\n\t\t\t\t\t<\/div>\n\t\t<\/section>\n\t\t\t\t<\/div>","protected":false},"excerpt":{"rendered":"<p>\u0130\u015finizi \u015fansa b\u0131rakmadan\u00a0SEO\u00a0ile Organik olarak b\u00fcy\u00fcy\u00fcn ! Time\u00a0SEO\u00a0Ajans\u0131 ile\u00a0SEO\u00a0\u00e7al\u0131\u015fmas\u0131 kapsam\u0131nda siteniz \u00f6zenle analize al\u0131n\u0131p, yol haritas\u0131 belirlenmekte. Bu analiz neticesinde \u00f6ncelikle site i\u00e7i\u00a0SEO\u00a0sonu\u00e7lar\u0131n\u0131z, sekt\u00f6r analiziniz, rakip analiziniz ve reklam analizleri yer almakta. Hedeflenen ve rekabete girilecek olan kelime veya hizmet grubu i\u00e7in strateji belirlenmekte ve m\u00fc\u015fterimize kapsaml\u0131 rapor olarak iletilmekte.\u00a0 SEO\u00a0raporumuz m\u00fc\u015fterimize iletildikten sonra site [&hellip;]<\/p>\n","protected":false},"author":1,"featured_media":0,"parent":0,"menu_order":0,"comment_status":"closed","ping_status":"closed","template":"elementor_header_footer","meta":{"footnotes":""},"class_list":["post-8871","page","type-page","status-publish","hentry"],"aioseo_notices":[],"_hostinger_reach_plugin_has_subscription_block":false,"_hostinger_reach_plugin_is_elementor":false,"_links":{"self":[{"href":"https:\/\/www.timeseoagency.com.tr\/sq\/wp-json\/wp\/v2\/pages\/8871","targetHints":{"allow":["GET"]}}],"collection":[{"href":"https:\/\/www.timeseoagency.com.tr\/sq\/wp-json\/wp\/v2\/pages"}],"about":[{"href":"https:\/\/www.timeseoagency.com.tr\/sq\/wp-json\/wp\/v2\/types\/page"}],"author":[{"embeddable":true,"href":"https:\/\/www.timeseoagency.com.tr\/sq\/wp-json\/wp\/v2\/users\/1"}],"replies":[{"embeddable":true,"href":"https:\/\/www.timeseoagency.com.tr\/sq\/wp-json\/wp\/v2\/comments?post=8871"}],"version-history":[{"count":7,"href":"https:\/\/www.timeseoagency.com.tr\/sq\/wp-json\/wp\/v2\/pages\/8871\/revisions"}],"predecessor-version":[{"id":9223,"href":"https:\/\/www.timeseoagency.com.tr\/sq\/wp-json\/wp\/v2\/pages\/8871\/revisions\/9223"}],"wp:attachment":[{"href":"https:\/\/www.timeseoagency.com.tr\/sq\/wp-json\/wp\/v2\/media?parent=8871"}],"curies":[{"name":"wp","href":"https:\/\/api.w.org\/{rel}","templated":true}]}}