{"id":11240,"date":"2025-10-31T17:34:15","date_gmt":"2025-10-31T14:34:15","guid":{"rendered":"https:\/\/www.timeseoagency.com.tr\/refund_returns\/"},"modified":"2025-10-31T17:34:15","modified_gmt":"2025-10-31T14:34:15","slug":"rimbursim_parash","status":"publish","type":"page","link":"https:\/\/www.timeseoagency.com.tr\/sq\/rimbursim_parash\/","title":{"rendered":"Politika e Rimbursimit dhe Kthimit"},"content":{"rendered":"<p><b>Kjo \u00ebsht\u00eb nj\u00eb faqe shembull.<\/b><\/p>\n\n\n\n<h2 class=\"wp-block-heading\">P\u00ebrmbledhje<\/h2>\n\n\n\n<p>Our refund and returns policy lasts 30 days. If 30 days have passed since your purchase, we can\u2019t offer you a full refund or exchange.<\/p>\n\n\n\n<p>P\u00ebr t&#039;u kualifikuar p\u00ebr kthim, artikulli juaj duhet t\u00eb jet\u00eb i pap\u00ebrdorur dhe n\u00eb t\u00eb nj\u00ebjt\u00ebn gjendje n\u00eb t\u00eb cil\u00ebn e keni marr\u00eb. Gjithashtu, duhet t\u00eb jet\u00eb n\u00eb paketimin origjinal.<\/p>\n\n\n\n<p>Disa lloje mallrash p\u00ebrjashtohen nga kthimi. Mallrat q\u00eb prishen si\u00e7 jan\u00eb ushqimi, lulet, gazetat ose revistat nuk mund t\u00eb kthehen. Gjithashtu, ne nuk pranojm\u00eb produkte q\u00eb jan\u00eb mallra intime ose sanitare, materiale t\u00eb rrezikshme ose l\u00ebngje ose gazra t\u00eb ndezshme.<\/p>\n\n\n\n<p>Artikuj t\u00eb tjer\u00eb q\u00eb nuk mund t\u00eb kthehen:<\/p>\n\n\n\n<ul class=\"wp-block-list\">\n<li>Kartat dhurat\u00eb<\/li>\n<li>Produkte softuer\u00ebsh t\u00eb shkarkueshme<\/li>\n<li>Disa artikuj sh\u00ebndet\u00ebsor\u00eb dhe t\u00eb kujdesit personal<\/li>\n<\/ul>\n\n\n\n<p>P\u00ebr t\u00eb p\u00ebrfunduar kthimin tuaj, na duhet nj\u00eb fatur\u00eb ose prov\u00eb blerjeje.<\/p>\n\n\n\n<p>Ju lutemi mos e ktheni blerjen tuaj te prodhuesi.<\/p>\n\n\n\n<p>Ka situata t\u00eb caktuara kur jepen vet\u00ebm rimbursime t\u00eb pjesshme:<\/p>\n\n\n\n<ul class=\"wp-block-list\">\n<li>Lib\u00ebr me shenja t\u00eb dukshme p\u00ebrdorimi<\/li>\n<li>CD, DVD, kaset\u00eb VHS, program kompjuterik, loj\u00eb video, kaset\u00eb ose disk vinili q\u00eb \u00ebsht\u00eb hapur.<\/li>\n<li>\u00c7do artikull q\u00eb nuk \u00ebsht\u00eb n\u00eb gjendjen e tij origjinale, \u00ebsht\u00eb i d\u00ebmtuar ose i mungojn\u00eb pjes\u00eb p\u00ebr arsye q\u00eb nuk jan\u00eb p\u00ebr shkak t\u00eb gabimit ton\u00eb.<\/li>\n<li>\u00c7do artikull q\u00eb kthehet m\u00eb shum\u00eb se 30 dit\u00eb pas dor\u00ebzimit<\/li>\n<\/ul>\n\n\n\n<h2 class=\"wp-block-heading\">Rimbursimet<\/h2>\n\n\n\n<p>Pasi kthimi juaj t\u00eb jet\u00eb pranuar dhe inspektuar, ne do t&#039;ju d\u00ebrgojm\u00eb nj\u00eb email p\u00ebr t&#039;ju njoftuar se e kemi marr\u00eb artikullin tuaj t\u00eb kthyer. Gjithashtu do t&#039;ju njoftojm\u00eb p\u00ebr miratimin ose refuzimin e rimbursimit tuaj.<\/p>\n\n\n\n<p>N\u00ebse miratoheni, rimbursimi juaj do t\u00eb p\u00ebrpunohet dhe nj\u00eb kredi do t\u00eb aplikohet automatikisht n\u00eb kart\u00ebn tuaj t\u00eb kreditit ose n\u00eb metod\u00ebn origjinale t\u00eb pages\u00ebs, brenda nj\u00eb numri t\u00eb caktuar dit\u00ebsh.<\/p>\n\n\n\n<h3 class=\"wp-block-heading\">Rimbursime t\u00eb vonuara ose t\u00eb humbura<\/h3>\n\n\n\n<p>If you haven\u2019t received a refund yet, first check your bank account again.<\/p>\n\n\n\n<p>Pastaj kontaktoni kompanin\u00eb e kart\u00ebs suaj t\u00eb kreditit, mund t\u00eb duhet pak koh\u00eb para se rimbursimi juaj t\u00eb regjistrohet zyrtarisht.<\/p>\n\n\n\n<p>M\u00eb pas kontaktoni bank\u00ebn tuaj. Shpesh ka nj\u00ebfar\u00eb kohe p\u00ebrpunimi p\u00ebrpara se t\u00eb b\u00ebhet nj\u00eb rimbursim.<\/p>\n\n\n\n<p>If you\u2019ve done all of this and you still have not received your refund yet, please contact us at {email address}.<\/p>\n\n\n\n<h3 class=\"wp-block-heading\">Artikuj n\u00eb ofert\u00eb<\/h3>\n\n\n\n<p>Vet\u00ebm artikujt me \u00e7mim t\u00eb rregullt mund t\u00eb rimbursohen. Artikujt n\u00eb ofert\u00eb nuk mund t\u00eb rimbursohen.<\/p>\n\n\n\n<h2 class=\"wp-block-heading\">Bursat<\/h2>\n\n\n\n<p>Ne i z\u00ebvend\u00ebsojm\u00eb artikujt vet\u00ebm n\u00ebse jan\u00eb me defekt ose t\u00eb d\u00ebmtuar. N\u00ebse keni nevoj\u00eb ta nd\u00ebrroni me t\u00eb nj\u00ebjtin artikull, na d\u00ebrgoni nj\u00eb email n\u00eb {email address} dhe d\u00ebrgojeni artikullin tuaj n\u00eb: {physical address}.<\/p>\n\n\n\n<h2 class=\"wp-block-heading\">Dhurata<\/h2>\n\n\n\n<p>If the item was marked as a gift when purchased and shipped directly to you, you\u2019ll receive a gift credit for the value of your return. Once the returned item is received, a gift certificate will be mailed to you.<\/p>\n\n\n\n<p>If the item wasn\u2019t marked as a gift when purchased, or the gift giver had the order shipped to themselves to give to you later, we will send a refund to the gift giver and they will find out about your return.<\/p>\n\n\n\n<h2 class=\"wp-block-heading\">Kthimet e d\u00ebrgesave<\/h2>\n\n\n\n<p>P\u00ebr t\u00eb kthyer produktin tuaj, duhet ta d\u00ebrgoni me post\u00eb n\u00eb adres\u00ebn: {adresa fizike}.<\/p>\n\n\n\n<p>Ju do t\u00eb jeni p\u00ebrgjegj\u00ebs p\u00ebr t\u00eb paguar kostot tuaja t\u00eb transportit p\u00ebr kthimin e artikullit tuaj. Kostot e transportit nuk rimbursohen. N\u00ebse merrni nj\u00eb rimbursim, kostoja e transportit t\u00eb kthimit do t\u00eb zbritet nga rimbursimi juaj.<\/p>\n\n\n\n<p>N\u00eb var\u00ebsi t\u00eb vendit ku jetoni, koha q\u00eb mund t\u00eb duhet q\u00eb produkti i shk\u00ebmbyer t\u00eb arrij\u00eb tek ju mund t\u00eb ndryshoj\u00eb.<\/p>\n\n\n\n<p>If you are returning more expensive items, you may consider using a trackable shipping service or purchasing shipping insurance. We don\u2019t guarantee that we will receive your returned item.<\/p>\n\n\n\n<h2 class=\"wp-block-heading\">Keni nevoj\u00eb p\u00ebr ndihm\u00eb?<\/h2>\n\n\n\n<p>Na kontaktoni n\u00eb {email} p\u00ebr pyetje n\u00eb lidhje me rimbursimet dhe kthimet.<\/p>","protected":false},"excerpt":{"rendered":"<p>This is a sample page. Overview Our refund and returns policy lasts 30 days. If 30 days have passed since your purchase, we can\u2019t offer you a full refund or exchange. To be eligible for a return, your item must be unused and in the same condition that you received it. It must also be [&hellip;]<\/p>\n","protected":false},"author":1,"featured_media":0,"parent":0,"menu_order":0,"comment_status":"closed","ping_status":"closed","template":"","meta":{"footnotes":""},"class_list":["post-11240","page","type-page","status-publish","hentry"],"aioseo_notices":[],"_hostinger_reach_plugin_has_subscription_block":false,"_hostinger_reach_plugin_is_elementor":false,"_links":{"self":[{"href":"https:\/\/www.timeseoagency.com.tr\/sq\/wp-json\/wp\/v2\/pages\/11240","targetHints":{"allow":["GET"]}}],"collection":[{"href":"https:\/\/www.timeseoagency.com.tr\/sq\/wp-json\/wp\/v2\/pages"}],"about":[{"href":"https:\/\/www.timeseoagency.com.tr\/sq\/wp-json\/wp\/v2\/types\/page"}],"author":[{"embeddable":true,"href":"https:\/\/www.timeseoagency.com.tr\/sq\/wp-json\/wp\/v2\/users\/1"}],"replies":[{"embeddable":true,"href":"https:\/\/www.timeseoagency.com.tr\/sq\/wp-json\/wp\/v2\/comments?post=11240"}],"version-history":[{"count":0,"href":"https:\/\/www.timeseoagency.com.tr\/sq\/wp-json\/wp\/v2\/pages\/11240\/revisions"}],"wp:attachment":[{"href":"https:\/\/www.timeseoagency.com.tr\/sq\/wp-json\/wp\/v2\/media?parent=11240"}],"curies":[{"name":"wp","href":"https:\/\/api.w.org\/{rel}","templated":true}]}}