{"id":11031,"date":"2025-10-20T00:42:44","date_gmt":"2025-10-19T21:42:44","guid":{"rendered":"https:\/\/www.timeseoagency.com.tr\/?page_id=11031"},"modified":"2026-02-13T13:53:40","modified_gmt":"2026-02-13T10:53:40","slug":"oztek-kase-360-seo","status":"publish","type":"page","link":"https:\/\/www.timeseoagency.com.tr\/sq\/projekte\/oztek-kase-360-seo\/","title":{"rendered":"Oztek Stamp 360 SEO"},"content":{"rendered":"<div data-elementor-type=\"wp-page\" data-elementor-id=\"11031\" class=\"elementor elementor-11031\">\n\t\t\t\t\t\t<section class=\"elementor-section elementor-top-section elementor-element elementor-element-1cd8135c project-details elementor-section-boxed elementor-section-height-default elementor-section-height-default\" data-id=\"1cd8135c\" data-element_type=\"section\">\n\t\t\t\t\t\t<div class=\"elementor-container elementor-column-gap-no\">\n\t\t\t\t\t<div class=\"elementor-column elementor-col-100 elementor-top-column elementor-element elementor-element-2f9eb725\" data-id=\"2f9eb725\" data-element_type=\"column\">\n\t\t\t<div class=\"elementor-widget-wrap elementor-element-populated\">\n\t\t\t\t\t\t<div class=\"elementor-element elementor-element-13aee0cb elementor-widget elementor-widget-pitoon-date-box\" data-id=\"13aee0cb\" data-element_type=\"widget\" data-widget_type=\"pitoon-date-box.default\">\n\t\t\t\t<div class=\"elementor-widget-container\">\n\t\t\t\t\t    <div class=\"project-details__title-and-date-box\">\r\n        <div class=\"project-details__title\">\r\n            <h3 class=\"\">\u00d6ztek Ka\u015fe - 360 SEO \u00c7al\u0131\u015fmas\u0131<\/h3>        <\/div>\r\n                    <div class=\"project-details__date-box\">\r\n                <p class=\"project-details__date\">23 janar 2021<\/p>            <\/div>\r\n            <\/div>\r\n\t\t\t\t<\/div>\n\t\t\t\t<\/div>\n\t\t\t\t<div class=\"elementor-element elementor-element-11f9ff78 project-details__img-1 img elementor-widget elementor-widget-image\" data-id=\"11f9ff78\" data-element_type=\"widget\" data-widget_type=\"image.default\">\n\t\t\t\t<div class=\"elementor-widget-container\">\n\t\t\t\t\t\t\t\t\t\t\t\t\t\t\t<img fetchpriority=\"high\" decoding=\"async\" width=\"1901\" height=\"943\" src=\"https:\/\/www.timeseoagency.com.tr\/wp-content\/uploads\/2025\/10\/oztek-kase-seo-calismasi.png\" class=\"attachment-full size-full wp-image-11033\" alt=\"Pun\u00eb SEO p\u00ebr Stampat Oztek\" srcset=\"https:\/\/www.timeseoagency.com.tr\/wp-content\/uploads\/2025\/10\/oztek-kase-seo-calismasi.png 1901w, https:\/\/www.timeseoagency.com.tr\/wp-content\/uploads\/2025\/10\/oztek-kase-seo-calismasi-300x149.png 300w, https:\/\/www.timeseoagency.com.tr\/wp-content\/uploads\/2025\/10\/oztek-kase-seo-calismasi-1024x508.png 1024w, https:\/\/www.timeseoagency.com.tr\/wp-content\/uploads\/2025\/10\/oztek-kase-seo-calismasi-768x381.png 768w, https:\/\/www.timeseoagency.com.tr\/wp-content\/uploads\/2025\/10\/oztek-kase-seo-calismasi-1536x762.png 1536w, https:\/\/www.timeseoagency.com.tr\/wp-content\/uploads\/2025\/10\/oztek-kase-seo-calismasi-570x283.png 570w\" sizes=\"(max-width: 1901px) 100vw, 1901px\" \/>\t\t\t\t\t\t\t\t\t\t\t\t\t\t\t<\/div>\n\t\t\t\t<\/div>\n\t\t\t\t<section class=\"elementor-section elementor-inner-section elementor-element elementor-element-65cab3d2 elementor-section-full_width elementor-section-height-default elementor-section-height-default\" data-id=\"65cab3d2\" data-element_type=\"section\">\n\t\t\t\t\t\t<div class=\"elementor-container elementor-column-gap-no\">\n\t\t\t\t\t<div class=\"elementor-column elementor-col-50 elementor-inner-column elementor-element elementor-element-49691ebf\" data-id=\"49691ebf\" data-element_type=\"column\">\n\t\t\t<div class=\"elementor-widget-wrap elementor-element-populated\">\n\t\t\t\t\t\t<div class=\"elementor-element elementor-element-1310b21a elementor-widget elementor-widget-text-editor\" data-id=\"1310b21a\" data-element_type=\"widget\" data-widget_type=\"text-editor.default\">\n\t\t\t\t<div class=\"elementor-widget-container\">\n\t\t\t\t\t\t\t\t\t<p>2021 y\u0131l\u0131ndan g\u00fcn\u00fcm\u00fcze devam eden SEO projemizde m\u00fc\u015fterimizin oztekkase.com adl\u0131 websitesinin \u00f6ncelikle ideasoft kurulumu site kurulumu yap\u0131ld\u0131. T\u00fcm Google ve Meta entegrasyonlar\u0131 yap\u0131ld\u0131. E\u015f zamanl\u0131 olarak SEO ve ADS \u00e7al\u0131\u015fmalar\u0131 s\u00fcrd\u00fcr\u00fcld\u00fc ve halen \u00e7al\u0131\u015fmaya devam etmekteyiz.<\/p>\t\t\t\t\t\t\t\t<\/div>\n\t\t\t\t<\/div>\n\t\t\t\t<div class=\"elementor-element elementor-element-4215a2c9 elementor-widget elementor-widget-text-editor\" data-id=\"4215a2c9\" data-element_type=\"widget\" data-widget_type=\"text-editor.default\">\n\t\t\t\t<div class=\"elementor-widget-container\">\n\t\t\t\t\t\t\t\t\t<p>\u00c7al\u0131\u015fma s\u00fcresinde ilk 6 ayl\u0131k s\u00fcre\u00e7te hedeflenen s\u00fcre\u00e7 i\u00e7erisinde do\u011frudan 2 temel anahtar kelime \u00f6zelinde \u00e7al\u0131\u015fma sa\u011fland\u0131. H\u0131zl\u0131 Ka\u015fe ve Acil Ka\u015fe kelimeleri temel al\u0131nd\u0131 ve ilk 6 ayl\u0131k s\u00fcre\u00e7 i\u00e7erisinde Ankara b\u00f6lgesinde 1. sayfa 9. s\u0131raya gelindi. \u00dclke geneli aramalarda ise 2.sayfa 15. S\u0131raya gelindi. 2. 6 ayl\u0131k s\u00fcre\u00e7 i\u00e7erisinde Lokal SEO da hedeflenen kelimeler 1. sayfa 2.s\u0131raya gelindi, genel aramalarda ise 1. sayfa 6.s\u0131raya gelindi. Sonras\u0131nda ise strateji de\u011fi\u015ftirerek \u00fcr\u00fcn bazl\u0131 seo \u00e7al\u0131\u015fmas\u0131na ge\u00e7ildi. T\u00fcm \u00fcr\u00fcnler hedeflemeye al\u0131narak \u00fcr\u00fcnlerin liste ba\u015f\u0131na \u00e7\u0131kmas\u0131 i\u00e7in t\u00fcm stratejiler uyguland\u0131 ve ortalama 3. ay i\u00e7erisinde sonu\u00e7 al\u0131narak standart koruma \u00e7al\u0131\u015fmalar\u0131na ge\u00e7ildi.\u00a0<\/p>\t\t\t\t\t\t\t\t<\/div>\n\t\t\t\t<\/div>\n\t\t\t\t<div class=\"elementor-element elementor-element-526e266 elementor-widget elementor-widget-heading\" data-id=\"526e266\" data-element_type=\"widget\" data-widget_type=\"heading.default\">\n\t\t\t\t<div class=\"elementor-widget-container\">\n\t\t\t\t\t<h3 class=\"elementor-heading-title elementor-size-default\">Proje Kapsam\u0131nda Ba\u015far\u0131lanlar<\/h3>\t\t\t\t<\/div>\n\t\t\t\t<\/div>\n\t\t\t\t<div class=\"elementor-element elementor-element-6097f873 elementor-widget elementor-widget-html\" data-id=\"6097f873\" data-element_type=\"widget\" data-widget_type=\"html.default\">\n\t\t\t\t<div class=\"elementor-widget-container\">\n\t\t\t\t\t<ul class=\"project-details__points list-unstyled ml-0\">\n    <li><div class=\"icon\">\n         <span class=\"fa fa-check\"><\/span>\n        <\/div>\n        <div class=\"text\">\n            <p>5 milyon G\u00f6sterim ve 1.7 Milyon T\u0131klanma Al\u0131nd\u0131<\/p>\n        <\/div>\n    <\/li>\n    <li>\n        <div class=\"icon\">\n        <span class=\"fa fa-check\">\n        <\/span>\n        <\/div>\n        <div class=\"text\">\n          <p>Organik Roas De\u011feri %7.02 Sa\u011fland\u0131<\/p>\n         <\/div>\n    <\/li>\n    <li>\n        <div class=\"icon\">\n                <span class=\"fa fa-check\"><\/span>\n        <\/div>\n        <div class=\"text\">\n            <p>Ortalama 2.18 DK sitede kalma s\u00fcresi sa\u011flan\u0131ld\u0131<\/p>\n        <\/div>\n    <\/li>\n<\/ul>\t\t\t\t<\/div>\n\t\t\t\t<\/div>\n\t\t\t\t\t<\/div>\n\t\t<\/div>\n\t\t\t\t<div class=\"elementor-column elementor-col-50 elementor-inner-column elementor-element elementor-element-3d819420\" data-id=\"3d819420\" data-element_type=\"column\">\n\t\t\t<div class=\"elementor-widget-wrap elementor-element-populated\">\n\t\t\t\t\t\t<div class=\"elementor-element elementor-element-18ec44b2 elementor-widget elementor-widget-pitoon-contact-info\" data-id=\"18ec44b2\" data-element_type=\"widget\" data-widget_type=\"pitoon-contact-info.default\">\n\t\t\t\t<div class=\"elementor-widget-container\">\n\t\t\t\t\t    <div class=\"project-details__right\">\r\n        <ul class=\"list-unstyled project-details__info-list ml-0\">\r\n                            <li>\r\n                    <span class=\"\">\u00c7al\u0131\u015fma:<\/span>                    <p class=\"\">SEO <\/p>                <\/li>\r\n                            <li>\r\n                    <span class=\"\">M\u00fc\u015fteri:<\/span>                    <p class=\"\">\u00d6ztek Ka\u015fe <\/p>                <\/li>\r\n                            <li>\r\n                    <span class=\"\">Vendndodhja:<\/span>                    <p class=\"\">Ankara <\/p>                <\/li>\r\n                    <\/ul>\r\n        <div class=\"project-details__social\">\r\n                    <\/div>\r\n    <\/div>\r\n\r\n\t\t\t\t<\/div>\n\t\t\t\t<\/div>\n\t\t\t\t<div class=\"elementor-element elementor-element-76fae0c7 elementor-widget elementor-widget-pitoon-pagination\" data-id=\"76fae0c7\" data-element_type=\"widget\" data-widget_type=\"pitoon-pagination.default\">\n\t\t\t\t<div class=\"elementor-widget-container\">\n\t\t\t\t\t\t<div class=\"project-details__pagination-box\">\r\n\t\t<ul class=\"project-details__pagination list-unstyled clearfix ml-0\">\r\n\t\t\t<li class=\"next\">\r\n\t\t\t\t<a href=\"http:\/\/pitoonwp.pixydrops.com\/mobile-applications\/\" aria-label=\"M\u00ebparshme\"><i aria-hidden=\"true\" class=\"icon-left-arrow\"><\/i>\u00d6ncesi<\/a>\r\n\t\t\t<\/li>\r\n\t\t\t<li class=\"count\"><a href=\"#\"><\/a><\/li>\r\n\t\t\t<li class=\"count\"><a href=\"#\"><\/a><\/li>\r\n\t\t\t<li class=\"count\"><a href=\"#\"><\/a><\/li>\r\n\t\t\t<li class=\"count\"><a href=\"#\"><\/a><\/li>\r\n\t\t\t<li class=\"previous\">\r\n\t\t\t\t<a href=\"http:\/\/pitoonwp.pixydrops.com\/web-development\/\" aria-label=\"Tjetra\">Sonras\u0131<i aria-hidden=\"true\" class=\"icon-right-arrow\"><\/i><\/a>\r\n\t\t\t<\/li>\r\n\t\t<\/ul>\r\n\t<\/div>\r\n\t\t\t\t<\/div>\n\t\t\t\t<\/div>\n\t\t\t\t\t<\/div>\n\t\t<\/div>\n\t\t\t\t\t<\/div>\n\t\t<\/section>\n\t\t\t\t\t<\/div>\n\t\t<\/div>\n\t\t\t\t\t<\/div>\n\t\t<\/section>\n\t\t\t\t<section class=\"elementor-section elementor-top-section elementor-element elementor-element-3026762f elementor-section-full_width elementor-section-height-default elementor-section-height-default\" data-id=\"3026762f\" data-element_type=\"section\">\n\t\t\t\t\t\t<div class=\"elementor-container elementor-column-gap-no\">\n\t\t\t\t\t<div class=\"elementor-column elementor-col-100 elementor-top-column elementor-element elementor-element-4ee03072\" data-id=\"4ee03072\" data-element_type=\"column\">\n\t\t\t<div class=\"elementor-widget-wrap elementor-element-populated\">\n\t\t\t\t\t\t<div class=\"elementor-element elementor-element-41f052c4 elementor-widget elementor-widget-pitoon-project\" data-id=\"41f052c4\" data-element_type=\"widget\" data-widget_type=\"pitoon-project.default\">\n\t\t\t\t<div class=\"elementor-widget-container\">\n\t\t\t\t\t    <!--Similar Portfolio Start-->\r\n    <section class=\"similar-project\">\r\n        <div class=\"container\">\r\n                            <div class=\"section-title text-center\">\r\n                    <div class=\"section-title__tagline-box\">\r\n                        <span class=\"section-title__tagline\">Projektet tona<\/span>                        <div class=\"section-title__icon-box-1\">\r\n                            <i aria-hidden=\"true\" class=\"fa fa-angle-left\"><\/i>                            <i aria-hidden=\"true\" class=\"fa fa-angle-left\"><\/i>                            <i aria-hidden=\"true\" class=\"fa fa-angle-left\"><\/i>                        <\/div>\r\n                        <div class=\"section-title__icon-box-2\">\r\n                            <i aria-hidden=\"true\" class=\"fa fa-angle-right\"><\/i>                            <i aria-hidden=\"true\" class=\"fa fa-angle-right\"><\/i>                            <i aria-hidden=\"true\" class=\"fa fa-angle-right\"><\/i>                        <\/div>\r\n                    <\/div>\r\n                    <h2 class=\"section-title__title\">Benzer Tamamanan \u0130\u015fler<\/h2>                <\/div>\r\n                        <div class=\"owl-carousel thm-owl__carousel owl-with-shadow\" data-owl-options='        {        &quot;loop&quot;: true,        &quot;margin&quot;: 0,        &quot;items&quot;: 1        ,&quot;nav&quot;: false                    ,&quot;autoplay&quot;: true            ,&quot;autoplayTimeout&quot;: 5000                            ,&quot;autoplayHoverPause&quot;: true                        ,&quot;dots&quot;: false        ,&quot;smartSpeed&quot;: 700                    ,            &quot;responsive&quot;:            {                            &quot;0&quot;: {                &quot;margin&quot;: 30,                &quot;items&quot;: 1                },                            &quot;768&quot;: {                &quot;margin&quot;: 30,                &quot;items&quot;: 2                },                            &quot;1200&quot;: {                &quot;margin&quot;: 30,                &quot;items&quot;: 3                }                        }                }    '>\r\n                                    <!--Project One Single Start-->\r\n                    <div class=\"item\">\r\n                        <div class=\"project-one__single\">\r\n                            <div class=\"project-one__img-box\">\r\n                                <div class=\"project-one__img\">\r\n                                    <img decoding=\"async\" src=\"https:\/\/www.timeseoagency.com.tr\/wp-content\/uploads\/2023\/05\/project-page-1-1-1.jpg\" alt=\"#imazh_titull\" title=\"faqja-e-projektit-1-1\" >                                <\/div>\r\n                                <div class=\"project-one__content\">\r\n                                    <div class=\"project-one__tag\">\r\n                                        <p class=\"\">Marketing<\/p>                                    <\/div>\r\n                                    <div class=\"project-one__title-box\">\r\n                                        <h3 class=\"project-one__title\">\r\n                                            <a class=\"\" href=\"http:\/\/pitoonwp.pixydrops.com\/projects\/\"  >Platforma e Aplikacionit <br> Integrimi<\/a>                                        <\/h3>\r\n                                    <\/div>\r\n                                <\/div>\r\n                                                                    <div class=\"project-one__arrow-box\">\r\n                                        <a class=\"img-popup project-one__arrow\" href=\"http:\/\/pitoonwp.pixydrops.com\/wp-content\/uploads\/2023\/05\/project-page-1-1-1.jpg\"><span aria-hidden=\"true\" class=\"icon-right-arrow\"><\/span><\/a>\r\n                                    <\/div>\r\n                                                            <\/div>\r\n                        <\/div>\r\n                    <\/div>\r\n                    <!--Project One Single End-->\r\n                                    <!--Project One Single Start-->\r\n                    <div class=\"item\">\r\n                        <div class=\"project-one__single\">\r\n                            <div class=\"project-one__img-box\">\r\n                                <div class=\"project-one__img\">\r\n                                    <img decoding=\"async\" src=\"https:\/\/www.timeseoagency.com.tr\/wp-content\/uploads\/2023\/05\/project-page-1-2.jpg\" alt=\"#imazh_titull\" title=\"faqja-e-projektit-1-2\" >                                <\/div>\r\n                                <div class=\"project-one__content\">\r\n                                    <div class=\"project-one__tag\">\r\n                                        <p class=\"\">Marketing<\/p>                                    <\/div>\r\n                                    <div class=\"project-one__title-box\">\r\n                                        <h3 class=\"project-one__title\">\r\n                                            <a class=\"\" href=\"http:\/\/pitoonwp.pixydrops.com\/projects\/\"  >Mjete Softuerike <br> Zhvillimi<\/a>                                        <\/h3>\r\n                                    <\/div>\r\n                                <\/div>\r\n                                                                    <div class=\"project-one__arrow-box\">\r\n                                        <a class=\"img-popup project-one__arrow\" href=\"http:\/\/pitoonwp.pixydrops.com\/wp-content\/uploads\/2023\/05\/project-page-1-2.jpg\"><span aria-hidden=\"true\" class=\"icon-right-arrow\"><\/span><\/a>\r\n                                    <\/div>\r\n                                                            <\/div>\r\n                        <\/div>\r\n                    <\/div>\r\n                    <!--Project One Single End-->\r\n                                    <!--Project One Single Start-->\r\n                    <div class=\"item\">\r\n                        <div class=\"project-one__single\">\r\n                            <div class=\"project-one__img-box\">\r\n                                <div class=\"project-one__img\">\r\n                                    <img decoding=\"async\" src=\"https:\/\/www.timeseoagency.com.tr\/wp-content\/uploads\/2023\/05\/project-page-1-3.jpg\" alt=\"#imazh_titull\" title=\"faqja-e-projektit-1-3\" >                                <\/div>\r\n                                <div class=\"project-one__content\">\r\n                                    <div class=\"project-one__tag\">\r\n                                        <p class=\"\">Marketing<\/p>                                    <\/div>\r\n                                    <div class=\"project-one__title-box\">\r\n                                        <h3 class=\"project-one__title\">\r\n                                            <a class=\"\" href=\"http:\/\/pitoonwp.pixydrops.com\/projects\/\"  >Faqe interneti p\u00ebr teknologji <br> Zgjidhje<\/a>                                        <\/h3>\r\n                                    <\/div>\r\n                                <\/div>\r\n                                                                    <div class=\"project-one__arrow-box\">\r\n                                        <a class=\"img-popup project-one__arrow\" href=\"http:\/\/pitoonwp.pixydrops.com\/wp-content\/uploads\/2023\/05\/project-page-1-3.jpg\"><span aria-hidden=\"true\" class=\"icon-right-arrow\"><\/span><\/a>\r\n                                    <\/div>\r\n                                                            <\/div>\r\n                        <\/div>\r\n                    <\/div>\r\n                    <!--Project One Single End-->\r\n                                    <!--Project One Single Start-->\r\n                    <div class=\"item\">\r\n                        <div class=\"project-one__single\">\r\n                            <div class=\"project-one__img-box\">\r\n                                <div class=\"project-one__img\">\r\n                                    <img decoding=\"async\" src=\"https:\/\/www.timeseoagency.com.tr\/wp-content\/uploads\/2023\/05\/project-page-1-4.jpg\" alt=\"#imazh_titull\" title=\"faqja-e-projektit-1-4\" >                                <\/div>\r\n                                <div class=\"project-one__content\">\r\n                                    <div class=\"project-one__tag\">\r\n                                        <p class=\"\">Marketing<\/p>                                    <\/div>\r\n                                    <div class=\"project-one__title-box\">\r\n                                        <h3 class=\"project-one__title\">\r\n                                            <a class=\"\" href=\"http:\/\/pitoonwp.pixydrops.com\/projects\/\"  >Platforma e Aplikacionit <br> Integrimi<\/a>                                        <\/h3>\r\n                                    <\/div>\r\n                                <\/div>\r\n                                                                    <div class=\"project-one__arrow-box\">\r\n                                        <a class=\"img-popup project-one__arrow\" href=\"http:\/\/pitoonwp.pixydrops.com\/wp-content\/uploads\/2023\/05\/project-page-1-4.jpg\"><span aria-hidden=\"true\" class=\"icon-right-arrow\"><\/span><\/a>\r\n                                    <\/div>\r\n                                                            <\/div>\r\n                        <\/div>\r\n                    <\/div>\r\n                    <!--Project One Single End-->\r\n                                    <!--Project One Single Start-->\r\n                    <div class=\"item\">\r\n                        <div class=\"project-one__single\">\r\n                            <div class=\"project-one__img-box\">\r\n                                <div class=\"project-one__img\">\r\n                                    <img decoding=\"async\" src=\"https:\/\/www.timeseoagency.com.tr\/wp-content\/uploads\/2023\/05\/project-page-1-5.jpg\" alt=\"#imazh_titull\" title=\"faqja-e-projektit-1-5\" >                                <\/div>\r\n                                <div class=\"project-one__content\">\r\n                                    <div class=\"project-one__tag\">\r\n                                        <p class=\"\">Marketing<\/p>                                    <\/div>\r\n                                    <div class=\"project-one__title-box\">\r\n                                        <h3 class=\"project-one__title\">\r\n                                            <a class=\"\" href=\"http:\/\/pitoonwp.pixydrops.com\/projects\/\"  >Mjete Softuerike <br> Zhvillimi<\/a>                                        <\/h3>\r\n                                    <\/div>\r\n                                <\/div>\r\n                                                                    <div class=\"project-one__arrow-box\">\r\n                                        <a class=\"img-popup project-one__arrow\" href=\"http:\/\/pitoonwp.pixydrops.com\/wp-content\/uploads\/2023\/05\/project-page-1-5.jpg\"><span aria-hidden=\"true\" class=\"icon-right-arrow\"><\/span><\/a>\r\n                                    <\/div>\r\n                                                            <\/div>\r\n                        <\/div>\r\n                    <\/div>\r\n                    <!--Project One Single End-->\r\n                                    <!--Project One Single Start-->\r\n                    <div class=\"item\">\r\n                        <div class=\"project-one__single\">\r\n                            <div class=\"project-one__img-box\">\r\n                                <div class=\"project-one__img\">\r\n                                    <img decoding=\"async\" src=\"https:\/\/www.timeseoagency.com.tr\/wp-content\/uploads\/2023\/05\/project-page-1-6.jpg\" alt=\"#imazh_titull\" title=\"faqja-e-projektit-1-6\" >                                <\/div>\r\n                                <div class=\"project-one__content\">\r\n                                    <div class=\"project-one__tag\">\r\n                                        <p class=\"\">Marketing<\/p>                                    <\/div>\r\n                                    <div class=\"project-one__title-box\">\r\n                                        <h3 class=\"project-one__title\">\r\n                                            <a class=\"\" href=\"http:\/\/pitoonwp.pixydrops.com\/projects\/\"  >Faqe interneti p\u00ebr teknologji <br> Zgjidhje<\/a>                                        <\/h3>\r\n                                    <\/div>\r\n                                <\/div>\r\n                                                                    <div class=\"project-one__arrow-box\">\r\n                                        <a class=\"img-popup project-one__arrow\" href=\"http:\/\/pitoonwp.pixydrops.com\/wp-content\/uploads\/2023\/05\/project-page-1-6.jpg\"><span aria-hidden=\"true\" class=\"icon-right-arrow\"><\/span><\/a>\r\n                                    <\/div>\r\n                                                            <\/div>\r\n                        <\/div>\r\n                    <\/div>\r\n                    <!--Project One Single End-->\r\n                            <\/div>\r\n        <\/div>\r\n    <\/section>\r\n    <!--Similar Portfolio End-->\r\n\r\n\t\t\t\t<\/div>\n\t\t\t\t<\/div>\n\t\t\t\t\t<\/div>\n\t\t<\/div>\n\t\t\t\t\t<\/div>\n\t\t<\/section>\n\t\t\t\t<\/div>","protected":false},"excerpt":{"rendered":"<p>\u00d6ztek Ka\u015fe &#8211; 360 SEO \u00c7al\u0131\u015fmas\u0131 23 Jan 2021 2021 y\u0131l\u0131ndan g\u00fcn\u00fcm\u00fcze devam eden SEO projemizde m\u00fc\u015fterimizin oztekkase.com adl\u0131 websitesinin \u00f6ncelikle ideasoft kurulumu site kurulumu yap\u0131ld\u0131. T\u00fcm Google ve Meta entegrasyonlar\u0131 yap\u0131ld\u0131. E\u015f zamanl\u0131 olarak SEO ve ADS \u00e7al\u0131\u015fmalar\u0131 s\u00fcrd\u00fcr\u00fcld\u00fc ve halen \u00e7al\u0131\u015fmaya devam etmekteyiz. \u00c7al\u0131\u015fma s\u00fcresinde ilk 6 ayl\u0131k s\u00fcre\u00e7te hedeflenen s\u00fcre\u00e7 i\u00e7erisinde do\u011frudan [&hellip;]<\/p>\n","protected":false},"author":1,"featured_media":0,"parent":14,"menu_order":0,"comment_status":"closed","ping_status":"closed","template":"elementor_header_footer","meta":{"footnotes":""},"class_list":["post-11031","page","type-page","status-publish","hentry"],"aioseo_notices":[],"_hostinger_reach_plugin_has_subscription_block":false,"_hostinger_reach_plugin_is_elementor":false,"_links":{"self":[{"href":"https:\/\/www.timeseoagency.com.tr\/sq\/wp-json\/wp\/v2\/pages\/11031","targetHints":{"allow":["GET"]}}],"collection":[{"href":"https:\/\/www.timeseoagency.com.tr\/sq\/wp-json\/wp\/v2\/pages"}],"about":[{"href":"https:\/\/www.timeseoagency.com.tr\/sq\/wp-json\/wp\/v2\/types\/page"}],"author":[{"embeddable":true,"href":"https:\/\/www.timeseoagency.com.tr\/sq\/wp-json\/wp\/v2\/users\/1"}],"replies":[{"embeddable":true,"href":"https:\/\/www.timeseoagency.com.tr\/sq\/wp-json\/wp\/v2\/comments?post=11031"}],"version-history":[{"count":6,"href":"https:\/\/www.timeseoagency.com.tr\/sq\/wp-json\/wp\/v2\/pages\/11031\/revisions"}],"predecessor-version":[{"id":11315,"href":"https:\/\/www.timeseoagency.com.tr\/sq\/wp-json\/wp\/v2\/pages\/11031\/revisions\/11315"}],"up":[{"embeddable":true,"href":"https:\/\/www.timeseoagency.com.tr\/sq\/wp-json\/wp\/v2\/pages\/14"}],"wp:attachment":[{"href":"https:\/\/www.timeseoagency.com.tr\/sq\/wp-json\/wp\/v2\/media?parent=11031"}],"curies":[{"name":"wp","href":"https:\/\/api.w.org\/{rel}","templated":true}]}}