{"id":8139,"date":"2023-03-04T12:41:02","date_gmt":"2023-03-04T09:41:02","guid":{"rendered":"https:\/\/www.time.webdesignshop.me\/?page_id=8139"},"modified":"2025-10-12T23:10:40","modified_gmt":"2025-10-12T20:10:40","slug":"%d0%b1%d0%b5%d1%81%d0%bf%d0%bb%d0%b0%d1%82%d0%bd%d1%8b%d0%b9-seo-%d0%b0%d0%bd%d0%b0%d0%bb%d0%b8%d0%b7","status":"publish","type":"page","link":"https:\/\/www.timeseoagency.com.tr\/ru\/%d0%b1%d0%b5%d1%81%d0%bf%d0%bb%d0%b0%d1%82%d0%bd%d1%8b%d0%b9-seo-%d0%b0%d0%bd%d0%b0%d0%bb%d0%b8%d0%b7\/","title":{"rendered":"\u0411\u0435\u0441\u043f\u043b\u0430\u0442\u043d\u044b\u0439 SEO-\u0430\u043d\u0430\u043b\u0438\u0437"},"content":{"rendered":"\t\t<div data-elementor-type=\"wp-page\" data-elementor-id=\"8139\" class=\"elementor elementor-8139\">\n\t\t\t\t\t\t<section class=\"elementor-section elementor-top-section elementor-element elementor-element-d2c03f1 elementor-section-boxed elementor-section-height-default elementor-section-height-default\" data-id=\"d2c03f1\" data-element_type=\"section\">\n\t\t\t\t\t\t<div class=\"elementor-container elementor-column-gap-default\">\n\t\t\t\t\t<div class=\"elementor-column elementor-col-100 elementor-top-column elementor-element elementor-element-cf52527\" data-id=\"cf52527\" data-element_type=\"column\">\n\t\t\t<div class=\"elementor-widget-wrap elementor-element-populated\">\n\t\t\t\t\t\t<div class=\"elementor-element elementor-element-507e511 elementor-widget elementor-widget-image\" data-id=\"507e511\" data-element_type=\"widget\" data-widget_type=\"image.default\">\n\t\t\t\t<div class=\"elementor-widget-container\">\n\t\t\t\t\t\t\t\t\t\t\t\t\t\t\t<img fetchpriority=\"high\" decoding=\"async\" width=\"640\" height=\"313\" src=\"https:\/\/www.timeseoagency.com.tr\/wp-content\/uploads\/2023\/03\/ucretsiz-seo-analizi-1024x501.webp\" class=\"attachment-large size-large wp-image-8144\" alt=\"\u00fccretsiz seo analizi\" srcset=\"https:\/\/www.timeseoagency.com.tr\/wp-content\/uploads\/2023\/03\/ucretsiz-seo-analizi-1024x501.webp 1024w, https:\/\/www.timeseoagency.com.tr\/wp-content\/uploads\/2023\/03\/ucretsiz-seo-analizi-570x279.webp 570w, https:\/\/www.timeseoagency.com.tr\/wp-content\/uploads\/2023\/03\/ucretsiz-seo-analizi-300x147.webp 300w, https:\/\/www.timeseoagency.com.tr\/wp-content\/uploads\/2023\/03\/ucretsiz-seo-analizi-768x376.webp 768w, https:\/\/www.timeseoagency.com.tr\/wp-content\/uploads\/2023\/03\/ucretsiz-seo-analizi-1536x752.webp 1536w, https:\/\/www.timeseoagency.com.tr\/wp-content\/uploads\/2023\/03\/ucretsiz-seo-analizi.webp 1890w\" sizes=\"(max-width: 640px) 100vw, 640px\" \/>\t\t\t\t\t\t\t\t\t\t\t\t\t\t\t<\/div>\n\t\t\t\t<\/div>\n\t\t\t\t<div class=\"elementor-element elementor-element-29ff362 elementor-widget elementor-widget-text-editor\" data-id=\"29ff362\" data-element_type=\"widget\" data-widget_type=\"text-editor.default\">\n\t\t\t\t<div class=\"elementor-widget-container\">\n\t\t\t\t\t\t\t\t\t<p style=\"text-align: left;\"><em>SEO \u00e7al\u0131\u015fmas\u0131<\/em>\u00a0, web sitelerin ba\u015fta Google olmak \u00fczere,Yandex,Baidu vb arama motorlar\u0131n\u0131n istemi\u015f oldu\u011fu kalite kriterlerinin sitenize uygulanmas\u0131 ve optimizasyon i\u015flemidir. SEO \u00e7al\u0131\u015fmas\u0131nda temel ama\u00e7 anahtar kelimelerinizin \u00fcst s\u0131rada yer almas\u0131d\u0131r. Bu sayede sitenin kalite puan\u0131 y\u00fckselecek, kullan\u0131c\u0131 deneyimi artacak ve organik trafik \u00e7ekerek reklam maliyetleri d\u00fc\u015fecektir. SEO \u00e7al\u0131\u015fmas\u0131 uzman kadrolarca yap\u0131lmas\u0131 gereken bir sistematik \u00e7al\u0131\u015fma b\u00fct\u00fcn\u00fcd\u00fcr. Basit ve karma\u015f\u0131k bir yap\u0131n\u0131n do\u011fru zamanlama ve kurguyla uygulanmas\u0131 gerekmektedir. Time\u00a0<strong>SEO Ajans\u0131\u00a0<\/strong>uzman kadrosu ve\u00a0<strong>Google Partner Ajans\u00a0<\/strong>kalitesiyle size SEO hizmeti sunmaktad\u0131r.<\/p>\t\t\t\t\t\t\t\t<\/div>\n\t\t\t\t<\/div>\n\t\t\t\t\t<\/div>\n\t\t<\/div>\n\t\t\t\t\t<\/div>\n\t\t<\/section>\n\t\t\t\t<section class=\"elementor-section elementor-top-section elementor-element elementor-element-6a00f08 elementor-section-boxed elementor-section-height-default elementor-section-height-default\" data-id=\"6a00f08\" data-element_type=\"section\">\n\t\t\t\t\t\t<div class=\"elementor-container elementor-column-gap-default\">\n\t\t\t\t\t<div class=\"elementor-column elementor-col-33 elementor-top-column elementor-element elementor-element-a5afe1c\" data-id=\"a5afe1c\" data-element_type=\"column\">\n\t\t\t<div class=\"elementor-widget-wrap elementor-element-populated\">\n\t\t\t\t\t\t<div class=\"elementor-element elementor-element-4b001b2 elementor-position-top elementor-widget elementor-widget-image-box\" data-id=\"4b001b2\" data-element_type=\"widget\" data-widget_type=\"image-box.default\">\n\t\t\t\t<div class=\"elementor-widget-container\">\n\t\t\t\t\t<div class=\"elementor-image-box-wrapper\"><figure class=\"elementor-image-box-img\"><img decoding=\"async\" width=\"512\" height=\"512\" src=\"https:\/\/www.timeseoagency.com.tr\/wp-content\/uploads\/2023\/03\/research.webp\" class=\"attachment-full size-full wp-image-8145\" alt=\"research\" srcset=\"https:\/\/www.timeseoagency.com.tr\/wp-content\/uploads\/2023\/03\/research.webp 512w, https:\/\/www.timeseoagency.com.tr\/wp-content\/uploads\/2023\/03\/research-270x270.webp 270w, https:\/\/www.timeseoagency.com.tr\/wp-content\/uploads\/2023\/03\/research-100x100.webp 100w, https:\/\/www.timeseoagency.com.tr\/wp-content\/uploads\/2023\/03\/research-300x300.webp 300w, https:\/\/www.timeseoagency.com.tr\/wp-content\/uploads\/2023\/03\/research-150x150.webp 150w\" sizes=\"(max-width: 512px) 100vw, 512px\" \/><\/figure><div class=\"elementor-image-box-content\"><p class=\"elementor-image-box-title\">Ba\u015fl\u0131k,Etiket,H1-H6 ve Sayfa Boyutu Kontrolleri<\/p><p class=\"elementor-image-box-description\">Siteniz detayl\u0131 analize al\u0131narak on page (i\u00e7 seo) d\u00fczenlemelerinizin kontrolleri sa\u011flanmakta. Yol haritas\u0131 \u00e7\u0131kart\u0131lmaktad\u0131r.\n\n<\/p><\/div><\/div>\t\t\t\t<\/div>\n\t\t\t\t<\/div>\n\t\t\t\t\t<\/div>\n\t\t<\/div>\n\t\t\t\t<div class=\"elementor-column elementor-col-33 elementor-top-column elementor-element elementor-element-f8ef11e\" data-id=\"f8ef11e\" data-element_type=\"column\">\n\t\t\t<div class=\"elementor-widget-wrap elementor-element-populated\">\n\t\t\t\t\t\t<div class=\"elementor-element elementor-element-94db7a4 elementor-position-top elementor-widget elementor-widget-image-box\" data-id=\"94db7a4\" data-element_type=\"widget\" data-widget_type=\"image-box.default\">\n\t\t\t\t<div class=\"elementor-widget-container\">\n\t\t\t\t\t<div class=\"elementor-image-box-wrapper\"><figure class=\"elementor-image-box-img\"><img decoding=\"async\" width=\"512\" height=\"512\" src=\"https:\/\/www.timeseoagency.com.tr\/wp-content\/uploads\/2023\/03\/search.webp\" class=\"attachment-full size-full wp-image-8146\" alt=\"SEO Hizmeti\" srcset=\"https:\/\/www.timeseoagency.com.tr\/wp-content\/uploads\/2023\/03\/search.webp 512w, https:\/\/www.timeseoagency.com.tr\/wp-content\/uploads\/2023\/03\/search-270x270.webp 270w, https:\/\/www.timeseoagency.com.tr\/wp-content\/uploads\/2023\/03\/search-100x100.webp 100w, https:\/\/www.timeseoagency.com.tr\/wp-content\/uploads\/2023\/03\/search-300x300.webp 300w, https:\/\/www.timeseoagency.com.tr\/wp-content\/uploads\/2023\/03\/search-150x150.webp 150w\" sizes=\"(max-width: 512px) 100vw, 512px\" \/><\/figure><div class=\"elementor-image-box-content\"><p class=\"elementor-image-box-title\">External And Internal Link Kontrolleri<\/p><p class=\"elementor-image-box-description\">Dahili ve Harici URL ba\u011flant\u0131lar\u0131n\u0131z kontrol edilmektedir. Buradan \u00e7\u0131kan sonu\u00e7lar kapsaml\u0131 bir rapor olarak taraf\u0131n\u0131za sunulmaktad\u0131r.\n\n<\/p><\/div><\/div>\t\t\t\t<\/div>\n\t\t\t\t<\/div>\n\t\t\t\t\t<\/div>\n\t\t<\/div>\n\t\t\t\t<div class=\"elementor-column elementor-col-33 elementor-top-column elementor-element elementor-element-b81942f\" data-id=\"b81942f\" data-element_type=\"column\">\n\t\t\t<div class=\"elementor-widget-wrap elementor-element-populated\">\n\t\t\t\t\t\t<div class=\"elementor-element elementor-element-f9d69e6 elementor-position-top elementor-widget elementor-widget-image-box\" data-id=\"f9d69e6\" data-element_type=\"widget\" data-widget_type=\"image-box.default\">\n\t\t\t\t<div class=\"elementor-widget-container\">\n\t\t\t\t\t<div class=\"elementor-image-box-wrapper\"><figure class=\"elementor-image-box-img\"><img loading=\"lazy\" decoding=\"async\" width=\"512\" height=\"512\" src=\"https:\/\/www.timeseoagency.com.tr\/wp-content\/uploads\/2023\/03\/backlink.webp\" class=\"attachment-full size-full wp-image-8147\" alt=\"backlink\" srcset=\"https:\/\/www.timeseoagency.com.tr\/wp-content\/uploads\/2023\/03\/backlink.webp 512w, https:\/\/www.timeseoagency.com.tr\/wp-content\/uploads\/2023\/03\/backlink-270x270.webp 270w, https:\/\/www.timeseoagency.com.tr\/wp-content\/uploads\/2023\/03\/backlink-100x100.webp 100w, https:\/\/www.timeseoagency.com.tr\/wp-content\/uploads\/2023\/03\/backlink-300x300.webp 300w, https:\/\/www.timeseoagency.com.tr\/wp-content\/uploads\/2023\/03\/backlink-150x150.webp 150w\" sizes=\"(max-width: 512px) 100vw, 512px\" \/><\/figure><div class=\"elementor-image-box-content\"><h3 class=\"elementor-image-box-title\">Google ve \u00c7e\u015fitli Analiz Skor Kontrolleri<\/h3><p class=\"elementor-image-box-description\">T\u00fcm analiz skorunuz \u00e7\u0131kart\u0131larak skor olarak bir \u00f6zet rapor \u00e7\u0131kart\u0131lmaktad\u0131r. \u00c7al\u0131\u015fma \u00f6ncesi ve \u00c7al\u0131\u015fma sonras\u0131 k\u0131yaslamak ad\u0131na rapor i\u00e7erisinde bu bilgiler aktar\u0131lmaktad\u0131r.\n\n<\/p><\/div><\/div>\t\t\t\t<\/div>\n\t\t\t\t<\/div>\n\t\t\t\t\t<\/div>\n\t\t<\/div>\n\t\t\t\t\t<\/div>\n\t\t<\/section>\n\t\t<div class=\"elementor-element elementor-element-4fe4c2a e-con-full e-flex e-con e-parent\" data-id=\"4fe4c2a\" data-element_type=\"container\">\n\t\t\t\t<div class=\"elementor-element elementor-element-ede7255 elementor-widget__width-inherit elementor-widget elementor-widget-html\" data-id=\"ede7255\" data-element_type=\"widget\" data-widget_type=\"html.default\">\n\t\t\t\t<div class=\"elementor-widget-container\">\n\t\t\t\t\t<link href=\"https:\/\/fonts.googleapis.com\/css2?family=Exo:wght@400;600&display=swap\" rel=\"stylesheet\">\r\n\r\n<style>\r\n    .seo-form-container {\r\n        font-family: 'Exo', sans-serif;\r\n        background-color: #666;\r\n        border: 3px solid #f5a623;\r\n        border-radius: 10px;\r\n        padding: 40px 30px;\r\n        max-width: 1000px;\r\n        margin: 0 auto;\r\n        color: #fff;\r\n        box-sizing: border-box;\r\n    }\r\n\r\n    .seo-form-container h2 {\r\n        text-align: center;\r\n        font-size: 24px;\r\n        color: #f5a623;\r\n        font-weight: 600;\r\n        text-transform: uppercase;\r\n        margin-bottom: 30px;\r\n    }\r\n\r\n    .seo-form {\r\n        display: flex;\r\n        flex-direction: column;\r\n        gap: 20px;\r\n    }\r\n\r\n    .seo-form input[type=\"text\"],\r\n    .seo-form input[type=\"email\"] {\r\n        width: 100%;\r\n        padding: 16px;\r\n        border-radius: 6px;\r\n        border: 1px solid #ccc;\r\n        background-color: #fff;\r\n        color: #333;\r\n        font-size: 16px;\r\n        box-sizing: border-box;\r\n    }\r\n\r\n    .seo-form input::placeholder {\r\n        color: #888;\r\n    }\r\n\r\n    .seo-form input[type=\"submit\"] {\r\n        background-color: #f5a623;\r\n        border: none;\r\n        color: #fff;\r\n        padding: 16px;\r\n        border-radius: 6px;\r\n        font-size: 16px;\r\n        font-weight: 600;\r\n        cursor: pointer;\r\n        transition: background-color 0.3s ease;\r\n    }\r\n\r\n    .seo-form input[type=\"submit\"]:hover {\r\n        background-color: #e08e00;\r\n    }\r\n<\/style>\r\n\r\n<div class=\"seo-form-container\">\r\n    <h2>\u00dccretsiz SEO Analizi<\/h2>\r\n    <form class=\"seo-form\" action=\"https:\/\/www.websiteauditserver.com\/process-embedded.inc\" target=\"so-iframe\"\r\n          onsubmit=\"return soSubmit(this)\"\r\n          data-behaviour=\"modal\"\r\n          data-title=\" i\u00e7in Web Sitesi Raporu\"\r\n          data-touch=\"Rapor talebiniz i\u00e7in te\u015fekk\u00fcr ederiz. K\u0131sa s\u00fcre i\u00e7inde sizinle ileti\u015fime ge\u00e7ece\u011fiz!\">\r\n        <input type=\"hidden\" name=\"type\" value=\"web\">\r\n        <input type=\"hidden\" name=\"uid\" value=\"78605\">\r\n        <input type=\"hidden\" name=\"csrf_token\" value=\"33c3ddabaaa37b90440b6719c9630bd77d74f520\">\r\n        <input type=\"hidden\" name=\"behaviour\" value=\"modal\">\r\n        <input type=\"hidden\" name=\"template\" value=\"0\">\r\n        <input type=\"hidden\" name=\"button\" value=\"http:\/\/tel:+908503092641\" title=\"\u0130leti\u015fime Ge\u00e7in\">\r\n\r\n        <input type=\"text\" name=\"domain\" placeholder=\"Web Sitesi URL'si\" required\r\n               data-validation=\"L\u00fctfen do\u011fru bir Web Sitesi URL\u2019si girin. Sadece ana sayfalar kabul edilir.\">\r\n        <input type=\"email\" name=\"email\" placeholder=\"E-posta\" required\r\n               data-validation=\"L\u00fctfen ge\u00e7erli bir e-posta adresi girin.\">\r\n        <input type=\"submit\" value=\"SEO Denetimini Ba\u015flat\">\r\n    <\/form>\r\n<\/div>\r\n\t\t\t\t<\/div>\n\t\t\t\t<\/div>\n\t\t\t\t<\/div>\n\t\t\t\t<\/div>\n\t\t","protected":false},"excerpt":{"rendered":"<p>SEO \u00e7al\u0131\u015fmas\u0131\u00a0, web sitelerin ba\u015fta Google olmak \u00fczere,Yandex,Baidu vb arama motorlar\u0131n\u0131n istemi\u015f oldu\u011fu kalite kriterlerinin sitenize uygulanmas\u0131 ve optimizasyon i\u015flemidir. SEO \u00e7al\u0131\u015fmas\u0131nda temel ama\u00e7 anahtar kelimelerinizin \u00fcst s\u0131rada yer almas\u0131d\u0131r. Bu sayede sitenin kalite puan\u0131 y\u00fckselecek, kullan\u0131c\u0131 deneyimi artacak ve organik trafik \u00e7ekerek reklam maliyetleri d\u00fc\u015fecektir. SEO \u00e7al\u0131\u015fmas\u0131 uzman kadrolarca yap\u0131lmas\u0131 gereken bir sistematik \u00e7al\u0131\u015fma [&hellip;]<\/p>\n","protected":false},"author":1,"featured_media":0,"parent":0,"menu_order":0,"comment_status":"closed","ping_status":"closed","template":"elementor_header_footer","meta":{"footnotes":""},"class_list":["post-8139","page","type-page","status-publish","hentry"],"aioseo_notices":[],"_hostinger_reach_plugin_has_subscription_block":false,"_hostinger_reach_plugin_is_elementor":false,"_links":{"self":[{"href":"https:\/\/www.timeseoagency.com.tr\/ru\/wp-json\/wp\/v2\/pages\/8139","targetHints":{"allow":["GET"]}}],"collection":[{"href":"https:\/\/www.timeseoagency.com.tr\/ru\/wp-json\/wp\/v2\/pages"}],"about":[{"href":"https:\/\/www.timeseoagency.com.tr\/ru\/wp-json\/wp\/v2\/types\/page"}],"author":[{"embeddable":true,"href":"https:\/\/www.timeseoagency.com.tr\/ru\/wp-json\/wp\/v2\/users\/1"}],"replies":[{"embeddable":true,"href":"https:\/\/www.timeseoagency.com.tr\/ru\/wp-json\/wp\/v2\/comments?post=8139"}],"version-history":[{"count":8,"href":"https:\/\/www.timeseoagency.com.tr\/ru\/wp-json\/wp\/v2\/pages\/8139\/revisions"}],"predecessor-version":[{"id":9088,"href":"https:\/\/www.timeseoagency.com.tr\/ru\/wp-json\/wp\/v2\/pages\/8139\/revisions\/9088"}],"wp:attachment":[{"href":"https:\/\/www.timeseoagency.com.tr\/ru\/wp-json\/wp\/v2\/media?parent=8139"}],"curies":[{"name":"wp","href":"https:\/\/api.w.org\/{rel}","templated":true}]}}