{"id":11253,"date":"2025-10-31T18:25:15","date_gmt":"2025-10-31T15:25:15","guid":{"rendered":"https:\/\/www.timeseoagency.com.tr\/?post_type=product&#038;p=11253"},"modified":"2025-10-31T18:58:06","modified_gmt":"2025-10-31T15:58:06","slug":"plan-flexible","status":"publish","type":"product","link":"https:\/\/www.timeseoagency.com.tr\/es\/afiliacion\/plan-flexible\/","title":{"rendered":"Plan flexible"},"content":{"rendered":"<div class=\"flex-plan-box\" style=\"border:1px solid #e5e5e5; border-radius:16px; padding:24px 28px; background:#fff; box-shadow:0 4px 12px rgba(0,0,0,0.05); max-width:520px; font-family:'Poppins',sans-serif; color:#222; text-align:left;\">\n<h3 style=\"font-size:22px; font-weight:600; margin-bottom:20px;\">FLEX PLAN<\/h3>\n<ul style=\"list-style:none; padding:0; margin:0; line-height:1.7; font-size:15px;\">\n<li>\u2705 <strong>Site i\u00e7i Analiz<\/strong> ve Teknik D\u00fczenleme<\/li>\n<li>\u2705 Backlink Analizi ve \u0130n\u015fas\u0131<\/li>\n<li>\u2705 Sekt\u00f6r ve Rakip Analizi<\/li>\n<li>\u2705 Her 15 G\u00fcn Raporlama<\/li>\n<li>\u2705 Lokal SEO \u00c7al\u0131\u015fmas\u0131<\/li>\n<li>\u2705 E-mail \u2013 Online Destek \u2013 Telefon<\/li>\n<li>\u2705 <strong>10 palabras clave<\/strong><\/li>\n<li>\u2705 Google Ads Dan\u0131\u015fmanl\u0131\u011f\u0131<\/li>\n<li>\u2705 Kullan\u0131c\u0131 Deneyimi Geli\u015ftirme<\/li>\n<li>\u2705 SEO Sald\u0131r\u0131lar\u0131 ile M\u00fccadele<\/li>\n<li>\u2705 \u0130\u00e7erik Deste\u011fi<\/li>\n<\/ul>\n<\/div>","protected":false},"excerpt":{"rendered":"<p>Flex Plan SEO \u00c7al\u0131\u015fmas\u0131, d\u00fc\u015f\u00fck rekabet d\u00fczeyine sahip kelimeler ve sekt\u00f6rlerde en uygun olan\u0131d\u0131r. Rekabet d\u00fczeyini \u00f6l\u00e7mek i\u00e7in bizlere ula\u015fabilir, kapsaml\u0131 \u00dccretsiz SEO analizinizi isteyebilirsiniz. Size iletilen yol haritas\u0131 ile karar\u0131n\u0131z\u0131 verebilir, Google&#8217;da g\u00f6r\u00fcn\u00fcr olabilirsiniz.<\/p>","protected":false},"featured_media":0,"comment_status":"closed","ping_status":"closed","template":"","meta":[],"product_brand":[],"product_cat":[734],"product_tag":[],"class_list":{"0":"post-11253","1":"product","2":"type-product","3":"status-publish","5":"product_cat-seo-calismasi","7":"first","8":"instock","9":"sale","10":"shipping-taxable","11":"purchasable","12":"product-type-simple"},"aioseo_notices":[],"_links":{"self":[{"href":"https:\/\/www.timeseoagency.com.tr\/es\/wp-json\/wp\/v2\/product\/11253","targetHints":{"allow":["GET"]}}],"collection":[{"href":"https:\/\/www.timeseoagency.com.tr\/es\/wp-json\/wp\/v2\/product"}],"about":[{"href":"https:\/\/www.timeseoagency.com.tr\/es\/wp-json\/wp\/v2\/types\/product"}],"replies":[{"embeddable":true,"href":"https:\/\/www.timeseoagency.com.tr\/es\/wp-json\/wp\/v2\/comments?post=11253"}],"wp:attachment":[{"href":"https:\/\/www.timeseoagency.com.tr\/es\/wp-json\/wp\/v2\/media?parent=11253"}],"wp:term":[{"taxonomy":"product_brand","embeddable":true,"href":"https:\/\/www.timeseoagency.com.tr\/es\/wp-json\/wp\/v2\/product_brand?post=11253"},{"taxonomy":"product_cat","embeddable":true,"href":"https:\/\/www.timeseoagency.com.tr\/es\/wp-json\/wp\/v2\/product_cat?post=11253"},{"taxonomy":"product_tag","embeddable":true,"href":"https:\/\/www.timeseoagency.com.tr\/es\/wp-json\/wp\/v2\/product_tag?post=11253"}],"curies":[{"name":"wp","href":"https:\/\/api.w.org\/{rel}","templated":true}]}}