{"id":6990,"date":"2021-12-17T08:16:35","date_gmt":"2021-12-17T08:16:35","guid":{"rendered":"https:\/\/www.hamelawp.demothemesflat.com\/?page_id=6990"},"modified":"2025-10-16T17:30:40","modified_gmt":"2025-10-16T14:30:40","slug":"por-que-time-seo-agencia","status":"publish","type":"page","link":"https:\/\/www.timeseoagency.com.tr\/es\/por-que-time-seo-agencia\/","title":{"rendered":"\u00bfPor qu\u00e9 elegir Time SEO Agency?"},"content":{"rendered":"<div data-elementor-type=\"wp-page\" data-elementor-id=\"6990\" class=\"elementor elementor-6990\">\n\t\t\t\t\t\t<section class=\"elementor-section elementor-top-section elementor-element elementor-element-7ee9724 elementor-section-full_width elementor-section-height-default elementor-section-height-default\" data-id=\"7ee9724\" data-element_type=\"section\" data-settings=\"{&quot;background_background&quot;:&quot;classic&quot;}\">\n\t\t\t\t\t\t<div class=\"elementor-container elementor-column-gap-no\">\n\t\t\t\t\t<div class=\"elementor-column elementor-col-100 elementor-top-column elementor-element elementor-element-4b0cb27\" data-id=\"4b0cb27\" data-element_type=\"column\">\n\t\t\t<div class=\"elementor-widget-wrap elementor-element-populated\">\n\t\t\t\t\t\t<section class=\"elementor-section elementor-inner-section elementor-element elementor-element-c35c0c2 elementor-section-boxed elementor-section-height-default elementor-section-height-default\" data-id=\"c35c0c2\" data-element_type=\"section\">\n\t\t\t\t\t\t<div class=\"elementor-container elementor-column-gap-extended\">\n\t\t\t\t\t<div class=\"elementor-column elementor-col-100 elementor-inner-column elementor-element elementor-element-b7ece5d tfl-col-5\" data-id=\"b7ece5d\" data-element_type=\"column\">\n\t\t\t<div class=\"elementor-widget-wrap elementor-element-populated\">\n\t\t\t\t\t\t<div class=\"elementor-element elementor-element-c171dbe elementor-widget elementor-widget-spacer\" data-id=\"c171dbe\" data-element_type=\"widget\" data-widget_type=\"spacer.default\">\n\t\t\t\t<div class=\"elementor-widget-container\">\n\t\t\t\t\t\t\t<div class=\"elementor-spacer\">\n\t\t\t<div class=\"elementor-spacer-inner\"><\/div>\n\t\t<\/div>\n\t\t\t\t\t\t<\/div>\n\t\t\t\t<\/div>\n\t\t\t\t<div class=\"elementor-element elementor-element-9309e19 elementor-widget__width-inherit elementor-widget elementor-widget-text-editor\" data-id=\"9309e19\" data-element_type=\"widget\" data-widget_type=\"text-editor.default\">\n\t\t\t\t<div class=\"elementor-widget-container\">\n\t\t\t\t\t\t\t\t\t<!-- Time SEO - Ba\u015fl\u0131ks\u0131z Bilgi Blo\u011fu (Beyaz) -->\n<section class=\"ts-block-minimal\">\n  <style>\n    .ts-block-minimal{\n      --text:#0f172a; --muted:#64748b; --border:#e2e8f0; --chip:#f8fafc;\n      --brand:#7c3aed; --green:#16a34a; --blue:#0ea5e9;\n      font-family:\"Inter\",system-ui,-apple-system,\"Segoe UI\",Roboto,Arial,sans-serif;\n      background:#fff; color:var(--text);\n      padding:clamp(8px,1vw,16px);\n    }\n    .tsm-wrap{\n      max-width:1120px; margin:0 auto;\n      display:grid; grid-template-columns:1.1fr .9fr; gap:clamp(20px,4vw,48px);\n      background:#fff; border:1px solid var(--border); border-radius:20px;\n      box-shadow:0 8px 28px rgba(2,6,23,.06);\n      padding:clamp(22px,3.2vw,36px);\n    }\n    \/* Sol k\u0131s\u0131m *\/\n    .tsm-intro{\n      border-left:4px solid var(--brand);\n      padding-left:14px; margin:0 0 14px;\n      color:var(--muted); font-size:clamp(1rem,.95rem + .3vw,1.06rem); line-height:1.6;\n    }\n    .tsm-intro strong{ color:var(--text) }\n    .tsm-badges{ display:flex; flex-wrap:wrap; gap:10px; margin:14px 0 18px }\n    .tsm-badge{\n      display:flex; align-items:center; gap:8px;\n      background:var(--chip); border:1px solid #e6eef7; border-radius:999px;\n      padding:.5rem .75rem; font-size:.92rem; white-space:nowrap;\n      box-shadow:0 1px 0 rgba(2,6,23,.03) inset;\n    }\n    .tsm-badge svg{ width:16px;height:16px; stroke:var(--green) }\n    .tsm-list-card{\n      background:#fff; border:1px solid var(--border); border-radius:14px; padding:14px;\n    }\n    .tsm-list{\n      list-style:none; margin:0; padding:0;\n      display:grid; grid-template-columns:repeat(2,minmax(0,1fr)); gap:10px 18px;\n    }\n    .tsm-list li{ display:flex; gap:10px; align-items:flex-start; color:var(--text); font-size:.98rem }\n    .tsm-list li svg{ flex:0 0 18px; margin-top:3px; stroke:var(--brand) }\n\n    \/* Sa\u011f k\u0131s\u0131m: istatistik kart\u0131 *\/\n    .tsm-side{\n      background:#fff; border:1px solid var(--border); border-radius:16px; padding:16px;\n      box-shadow:0 4px 18px rgba(2,6,23,.04);\n    }\n    .tsm-side p{ margin:0 0 10px; color:var(--muted); font-size:.98rem }\n    .tsm-stats{ display:grid; grid-template-columns:repeat(3,1fr); gap:10px }\n    .tsm-stat{\n      background:#f5f3ff; border:1px solid #e9e5ff; border-radius:12px; padding:12px; text-align:center;\n    }\n    .tsm-stat:nth-child(2){ background:#eff6ff; border-color:#dbeafe }\n    .tsm-stat:nth-child(3){ background:#ecfdf5; border-color:#d1fae5 }\n    .tsm-stat strong{ display:block; font-weight:800; font-size:1.1rem; color:var(--brand) }\n    .tsm-stat:nth-child(2) strong{ color:var(--blue) }\n    .tsm-stat:nth-child(3) strong{ color:var(--green) }\n    .tsm-stat span{ display:block; margin-top:4px; font-size:.8rem; color:var(--muted) }\n    .tsm-note{ margin-top:10px; font-size:.9rem; color:var(--muted) }\n\n    @media (max-width:980px){ .tsm-wrap{ grid-template-columns:1fr } }\n    @media (max-width:560px){ .tsm-list{ grid-template-columns:1fr } .tsm-stats{ grid-template-columns:repeat(2,1fr) } }\n  <\/style>\n\n  <div class=\"tsm-wrap\">\n    <!-- Sol -->\n    <div>\n      <p class=\"tsm-intro\">\n        <strong>Amat\u00f6r bir ruhla ba\u015flay\u0131p profesyonel bir yap\u0131ya evrilen bir ekibiz.<\/strong>\n        Google Premier Partneri, Wix Premier Partneri, Ticimax Yetkili Bayiisi, \u0130kas \u00c7\u00f6z\u00fcm Orta\u011f\u0131 ve Shopify Partner Ajans\u0131y\u0131z.\n        S\u00fcrd\u00fcr\u00fclebilir inovatif d\u00fc\u015f\u00fcnceler, g\u00fc\u00e7l\u00fc teknolojik altyap\u0131 ve yapay zeka kullan\u0131m\u0131yla projelerimizi hayata ge\u00e7iriyoruz.\n      <\/p>\n\n      <div class=\"tsm-badges\">\n        <span class=\"tsm-badge\">\n          <svg viewbox=\"0 0 24 24\" fill=\"none\" stroke-width=\"2\" stroke-linecap=\"round\" stroke-linejoin=\"round\"><path d=\"M20 6 9 17l-5-5\"\/><\/svg>\n          Socio Premier de Google\n        <\/span>\n        <span class=\"tsm-badge\">\n          <svg viewbox=\"0 0 24 24\" fill=\"none\" stroke-width=\"2\" stroke-linecap=\"round\" stroke-linejoin=\"round\"><path d=\"M20 6 9 17l-5-5\"\/><\/svg>\n          Socio Premier de Wix\n        <\/span>\n        <span class=\"tsm-badge\">\n          <svg viewbox=\"0 0 24 24\" fill=\"none\" stroke-width=\"2\" stroke-linecap=\"round\" stroke-linejoin=\"round\"><path d=\"M20 6 9 17l-5-5\"\/><\/svg>\n          Distribuidor autorizado de Ticimax\n        <\/span>\n        <span class=\"tsm-badge\">\n          <svg viewbox=\"0 0 24 24\" fill=\"none\" stroke-width=\"2\" stroke-linecap=\"round\" stroke-linejoin=\"round\"><path d=\"M20 6 9 17l-5-5\"\/><\/svg>\n          \u0130kas \u00c7\u00f6z\u00fcm Orta\u011f\u0131\n        <\/span>\n        <span class=\"tsm-badge\">\n          <svg viewbox=\"0 0 24 24\" fill=\"none\" stroke-width=\"2\" stroke-linecap=\"round\" stroke-linejoin=\"round\"><path d=\"M20 6 9 17l-5-5\"\/><\/svg>\n          Shopify Partner Ajans\u0131\n        <\/span>\n      <\/div>\n\n      <div class=\"tsm-list-card\">\n        <ul class=\"tsm-list\">\n          <li>\n            <svg viewbox=\"0 0 24 24\" fill=\"none\" stroke-width=\"2\"><circle cx=\"12\" cy=\"12\" r=\"9\"\/><path d=\"M8 12h8M12 8v8\" stroke-linecap=\"round\"\/><\/svg>\n            M\u00fc\u015fterilerimizi hedeflerine ula\u015ft\u0131rmak i\u00e7in stratejileri u\u00e7tan uca uygular\u0131z.\n          <\/li>\n          <li>\n            <svg viewbox=\"0 0 24 24\" fill=\"none\" stroke-width=\"2\"><path d=\"M3 12h18\" stroke-linecap=\"round\"\/><path d=\"M5 7l2-2 4 4 6-6 2 2-8 8-6-6z\" stroke-linecap=\"round\" stroke-linejoin=\"round\"\/><\/svg>\n            \u00d6l\u00e7\u00fclebilir ve \u00f6l\u00e7eklenebilir b\u00fcy\u00fcme i\u00e7in s\u00fcrd\u00fcr\u00fclebilir inovasyon k\u00fclt\u00fcr\u00fc.\n          <\/li>\n          <li>\n            <svg viewbox=\"0 0 24 24\" fill=\"none\" stroke-width=\"2\"><rect x=\"3\" y=\"4\" width=\"18\" height=\"14\" rx=\"3\"\/><path d=\"M8 21h8\" stroke-linecap=\"round\"\/><\/svg>\n            Yapay zek\u00e2 destekli i\u015f ak\u0131\u015flar\u0131yla maksimum verimlilik.\n          <\/li>\n          <li>\n            <svg viewbox=\"0 0 24 24\" fill=\"none\" stroke-width=\"2\"><path d=\"M12 6v6l4 2\" stroke-linecap=\"round\"\/><\/svg>\n            2016\u2019dan beri \u00e7ok lokasyonlu operasyon deneyimi.\n          <\/li>\n        <\/ul>\n      <\/div>\n    <\/div>\n\n    <!-- Sa\u011f: \u0130statistik Kart\u0131 -->\n    <aside class=\"tsm-side\">\n      <p>2016 y\u0131l\u0131ndan g\u00fcn\u00fcm\u00fcze Karada\u011f\u2019da 2 ofis, T\u00fcrkiye\u2019de 1 ofis ve <strong style=\"font-weight:800;color:#0f172a\">43 ki\u015filik<\/strong> ekiple Dijital D\u00f6n\u00fc\u015f\u00fcm hizmeti sa\u011fl\u0131yoruz.<\/p>\n      <div class=\"tsm-stats\">\n        <div class=\"tsm-stat\">\n          <strong>2016<\/strong>\n          <span>Kurulu\u015f<\/span>\n        <\/div>\n        <div class=\"tsm-stat\">\n          <strong>3 oficinas<\/strong>\n          <span>2 Karada\u011f \u00b7 1 T\u00fcrkiye<\/span>\n        <\/div>\n        <div class=\"tsm-stat\">\n          <strong>43+<\/strong>\n          <span>Ekip Arkada\u015f\u0131<\/span>\n        <\/div>\n      <\/div>\n      <p class=\"tsm-note\">Her proje; strateji, yarat\u0131c\u0131 \u00fcretim ve veri analizi ile y\u00f6netilir.<\/p>\n    <\/aside>\n  <\/div>\n<\/section>\n<!-- \/Ba\u015fl\u0131ks\u0131z Bilgi Blo\u011fu -->\n\t\t\t\t\t\t\t\t<\/div>\n\t\t\t\t<\/div>\n\t\t\t\t\t<\/div>\n\t\t<\/div>\n\t\t\t\t\t<\/div>\n\t\t<\/section>\n\t\t\t\t\t<\/div>\n\t\t<\/div>\n\t\t\t\t\t<\/div>\n\t\t<\/section>\n\t\t\t\t<section class=\"elementor-section elementor-top-section elementor-element elementor-element-2a6b646 elementor-section-boxed elementor-section-height-default elementor-section-height-default\" data-id=\"2a6b646\" data-element_type=\"section\" data-settings=\"{&quot;background_background&quot;:&quot;classic&quot;}\">\n\t\t\t\t\t\t<div class=\"elementor-container elementor-column-gap-no\">\n\t\t\t\t\t<div class=\"elementor-column elementor-col-100 elementor-top-column elementor-element elementor-element-a442756\" data-id=\"a442756\" data-element_type=\"column\">\n\t\t\t<div class=\"elementor-widget-wrap elementor-element-populated\">\n\t\t\t\t\t\t<div class=\"elementor-element elementor-element-4ec74f2 elementor-widget elementor-widget-text-editor\" data-id=\"4ec74f2\" data-element_type=\"widget\" data-widget_type=\"text-editor.default\">\n\t\t\t\t<div class=\"elementor-widget-container\">\n\t\t\t\t\t\t\t\t\t<p>Lorem ipsum dolor sit amet, consectetur adipiscing elit. Ut elit tellus, luctus nec ullamcorper mattis, pulvinar dapibus leo.<\/p>\t\t\t\t\t\t\t\t<\/div>\n\t\t\t\t<\/div>\n\t\t\t\t<section class=\"elementor-section elementor-inner-section elementor-element elementor-element-2434f90 elementor-section-full_width elementor-section-height-default elementor-section-height-default\" data-id=\"2434f90\" data-element_type=\"section\">\n\t\t\t\t\t\t<div class=\"elementor-container elementor-column-gap-extended\">\n\t\t\t\t\t<div class=\"elementor-column elementor-col-33 elementor-inner-column elementor-element elementor-element-8bb08f7 hamela-bg-icon\" data-id=\"8bb08f7\" data-element_type=\"column\" data-settings=\"{&quot;background_background&quot;:&quot;classic&quot;}\">\n\t\t\t<div class=\"elementor-widget-wrap elementor-element-populated\">\n\t\t\t\t\t<div class=\"elementor-background-overlay\"><\/div>\n\t\t\t\t\t\t<div class=\"elementor-element elementor-element-8828be4 elementor-widget elementor-widget-heading\" data-id=\"8828be4\" data-element_type=\"widget\" data-widget_type=\"heading.default\">\n\t\t\t\t<div class=\"elementor-widget-container\">\n\t\t\t\t\t<p class=\"elementor-heading-title elementor-size-default\">SEMANALMENTE<br>INFORMES<\/p>\t\t\t\t<\/div>\n\t\t\t\t<\/div>\n\t\t\t\t<div class=\"elementor-element elementor-element-7090eae elementor-widget elementor-widget-text-editor\" data-id=\"7090eae\" data-element_type=\"widget\" data-widget_type=\"text-editor.default\">\n\t\t\t\t<div class=\"elementor-widget-container\">\n\t\t\t\t\t\t\t\t\t<p>T\u00fcm \u00e7al\u0131\u015fmalar\u0131m\u0131zda haftal\u0131k kapsaml\u0131 raporlama sunulmaktad\u0131r.<\/p>\t\t\t\t\t\t\t\t<\/div>\n\t\t\t\t<\/div>\n\t\t\t\t<div class=\"elementor-element elementor-element-fba04a0 elementor-icon-list--layout-traditional elementor-list-item-link-full_width elementor-widget elementor-widget-icon-list\" data-id=\"fba04a0\" data-element_type=\"widget\" data-widget_type=\"icon-list.default\">\n\t\t\t\t<div class=\"elementor-widget-container\">\n\t\t\t\t\t\t\t<ul class=\"elementor-icon-list-items\">\n\t\t\t\t\t\t\t<li class=\"elementor-icon-list-item\">\n\t\t\t\t\t\t\t\t\t\t\t<span class=\"elementor-icon-list-icon\">\n\t\t\t\t\t\t\t<i aria-hidden=\"true\" class=\"fas fa-check-circle\"><\/i>\t\t\t\t\t\t<\/span>\n\t\t\t\t\t\t\t\t\t\t<span class=\"elementor-icon-list-text\">SEO Raporlamalar\u0131<\/span>\n\t\t\t\t\t\t\t\t\t<\/li>\n\t\t\t\t\t\t\t\t<li class=\"elementor-icon-list-item\">\n\t\t\t\t\t\t\t\t\t\t\t<span class=\"elementor-icon-list-icon\">\n\t\t\t\t\t\t\t<i aria-hidden=\"true\" class=\"fas fa-check-circle\"><\/i>\t\t\t\t\t\t<\/span>\n\t\t\t\t\t\t\t\t\t\t<span class=\"elementor-icon-list-text\">Google Ads Raporlamalar\u0131<\/span>\n\t\t\t\t\t\t\t\t\t<\/li>\n\t\t\t\t\t\t\t\t<li class=\"elementor-icon-list-item\">\n\t\t\t\t\t\t\t\t\t\t\t<span class=\"elementor-icon-list-icon\">\n\t\t\t\t\t\t\t<i aria-hidden=\"true\" class=\"fas fa-check-circle\"><\/i>\t\t\t\t\t\t<\/span>\n\t\t\t\t\t\t\t\t\t\t<span class=\"elementor-icon-list-text\">Sosyal Medya Raporlamalar\u0131<\/span>\n\t\t\t\t\t\t\t\t\t<\/li>\n\t\t\t\t\t\t<\/ul>\n\t\t\t\t\t\t<\/div>\n\t\t\t\t<\/div>\n\t\t\t\t\t<\/div>\n\t\t<\/div>\n\t\t\t\t<div class=\"elementor-column elementor-col-33 elementor-inner-column elementor-element elementor-element-34cc857 hamela-bg-icon\" data-id=\"34cc857\" data-element_type=\"column\" data-settings=\"{&quot;background_background&quot;:&quot;classic&quot;}\">\n\t\t\t<div class=\"elementor-widget-wrap elementor-element-populated\">\n\t\t\t\t\t<div class=\"elementor-background-overlay\"><\/div>\n\t\t\t\t\t\t<div class=\"elementor-element elementor-element-c7298a1 elementor-widget elementor-widget-heading\" data-id=\"c7298a1\" data-element_type=\"widget\" data-widget_type=\"heading.default\">\n\t\t\t\t<div class=\"elementor-widget-container\">\n\t\t\t\t\t<div class=\"elementor-heading-title elementor-size-default\">CRM <br>Deste\u011fi<\/div>\t\t\t\t<\/div>\n\t\t\t\t<\/div>\n\t\t\t\t<div class=\"elementor-element elementor-element-f1292e0 elementor-widget elementor-widget-text-editor\" data-id=\"f1292e0\" data-element_type=\"widget\" data-widget_type=\"text-editor.default\">\n\t\t\t\t<div class=\"elementor-widget-container\">\n\t\t\t\t\t\t\t\t\t<p>M\u00fc\u015fterilerimize \u00f6zel i\u015f takibi ama\u00e7l\u0131 CRM deste\u011fi sunmaktay\u0131z.<\/p>\t\t\t\t\t\t\t\t<\/div>\n\t\t\t\t<\/div>\n\t\t\t\t<div class=\"elementor-element elementor-element-5fe0ead elementor-icon-list--layout-traditional elementor-list-item-link-full_width elementor-widget elementor-widget-icon-list\" data-id=\"5fe0ead\" data-element_type=\"widget\" data-widget_type=\"icon-list.default\">\n\t\t\t\t<div class=\"elementor-widget-container\">\n\t\t\t\t\t\t\t<ul class=\"elementor-icon-list-items\">\n\t\t\t\t\t\t\t<li class=\"elementor-icon-list-item\">\n\t\t\t\t\t\t\t\t\t\t\t<span class=\"elementor-icon-list-icon\">\n\t\t\t\t\t\t\t<i aria-hidden=\"true\" class=\"fas fa-check-circle\"><\/i>\t\t\t\t\t\t<\/span>\n\t\t\t\t\t\t\t\t\t\t<span class=\"elementor-icon-list-text\">Kesintisiz Bilgi Aktar\u0131m\u0131<\/span>\n\t\t\t\t\t\t\t\t\t<\/li>\n\t\t\t\t\t\t\t\t<li class=\"elementor-icon-list-item\">\n\t\t\t\t\t\t\t\t\t\t\t<span class=\"elementor-icon-list-icon\">\n\t\t\t\t\t\t\t<i aria-hidden=\"true\" class=\"fas fa-check-circle\"><\/i>\t\t\t\t\t\t<\/span>\n\t\t\t\t\t\t\t\t\t\t<span class=\"elementor-icon-list-text\">\u015eeffaf \u0130\u015f Y\u00f6netimi<\/span>\n\t\t\t\t\t\t\t\t\t<\/li>\n\t\t\t\t\t\t\t\t<li class=\"elementor-icon-list-item\">\n\t\t\t\t\t\t\t\t\t\t\t<span class=\"elementor-icon-list-icon\">\n\t\t\t\t\t\t\t<i aria-hidden=\"true\" class=\"fas fa-check-circle\"><\/i>\t\t\t\t\t\t<\/span>\n\t\t\t\t\t\t\t\t\t\t<span class=\"elementor-icon-list-text\">Soporte t\u00e9cnico continuo<\/span>\n\t\t\t\t\t\t\t\t\t<\/li>\n\t\t\t\t\t\t<\/ul>\n\t\t\t\t\t\t<\/div>\n\t\t\t\t<\/div>\n\t\t\t\t\t<\/div>\n\t\t<\/div>\n\t\t\t\t<div class=\"elementor-column elementor-col-33 elementor-inner-column elementor-element elementor-element-d5d16af hamela-bg-icon\" data-id=\"d5d16af\" data-element_type=\"column\" data-settings=\"{&quot;background_background&quot;:&quot;classic&quot;}\">\n\t\t\t<div class=\"elementor-widget-wrap elementor-element-populated\">\n\t\t\t\t\t<div class=\"elementor-background-overlay\"><\/div>\n\t\t\t\t\t\t<div class=\"elementor-element elementor-element-f95e06e elementor-widget elementor-widget-heading\" data-id=\"f95e06e\" data-element_type=\"widget\" data-widget_type=\"heading.default\">\n\t\t\t\t<div class=\"elementor-widget-container\">\n\t\t\t\t\t<div class=\"elementor-heading-title elementor-size-default\">\u0130lk Sayfa Garantili<br>Trabajo de SEO<\/div>\t\t\t\t<\/div>\n\t\t\t\t<\/div>\n\t\t\t\t<div class=\"elementor-element elementor-element-0808da4 elementor-widget elementor-widget-text-editor\" data-id=\"0808da4\" data-element_type=\"widget\" data-widget_type=\"text-editor.default\">\n\t\t\t\t<div class=\"elementor-widget-container\">\n\t\t\t\t\t\t\t\t\t<p>S\u00f6zle\u015fme garantisi ile SEO \u00e7al\u0131\u015fmas\u0131nda \u0130lk sayfa garantisi sunmaktay\u0131z.<\/p>\t\t\t\t\t\t\t\t<\/div>\n\t\t\t\t<\/div>\n\t\t\t\t<div class=\"elementor-element elementor-element-61c19d2 elementor-icon-list--layout-traditional elementor-list-item-link-full_width elementor-widget elementor-widget-icon-list\" data-id=\"61c19d2\" data-element_type=\"widget\" data-widget_type=\"icon-list.default\">\n\t\t\t\t<div class=\"elementor-widget-container\">\n\t\t\t\t\t\t\t<ul class=\"elementor-icon-list-items\">\n\t\t\t\t\t\t\t<li class=\"elementor-icon-list-item\">\n\t\t\t\t\t\t\t\t\t\t\t<span class=\"elementor-icon-list-icon\">\n\t\t\t\t\t\t\t<i aria-hidden=\"true\" class=\"fas fa-check-circle\"><\/i>\t\t\t\t\t\t<\/span>\n\t\t\t\t\t\t\t\t\t\t<span class=\"elementor-icon-list-text\">Ba\u015far\u0131 Garantisi<\/span>\n\t\t\t\t\t\t\t\t\t<\/li>\n\t\t\t\t\t\t\t\t<li class=\"elementor-icon-list-item\">\n\t\t\t\t\t\t\t\t\t\t\t<span class=\"elementor-icon-list-icon\">\n\t\t\t\t\t\t\t<i aria-hidden=\"true\" class=\"fas fa-check-circle\"><\/i>\t\t\t\t\t\t<\/span>\n\t\t\t\t\t\t\t\t\t\t<span class=\"elementor-icon-list-text\">D\u00f6n\u00fc\u015f\u00fcm Garantisi<\/span>\n\t\t\t\t\t\t\t\t\t<\/li>\n\t\t\t\t\t\t\t\t<li class=\"elementor-icon-list-item\">\n\t\t\t\t\t\t\t\t\t\t\t<span class=\"elementor-icon-list-icon\">\n\t\t\t\t\t\t\t<i aria-hidden=\"true\" class=\"fas fa-check-circle\"><\/i>\t\t\t\t\t\t<\/span>\n\t\t\t\t\t\t\t\t\t\t<span class=\"elementor-icon-list-text\">\u00dccretsiz Hizmet Garantisi<\/span>\n\t\t\t\t\t\t\t\t\t<\/li>\n\t\t\t\t\t\t<\/ul>\n\t\t\t\t\t\t<\/div>\n\t\t\t\t<\/div>\n\t\t\t\t\t<\/div>\n\t\t<\/div>\n\t\t\t\t\t<\/div>\n\t\t<\/section>\n\t\t\t\t\t<\/div>\n\t\t<\/div>\n\t\t\t\t\t<\/div>\n\t\t<\/section>\n\t\t\t\t<\/div>","protected":false},"excerpt":{"rendered":"<p>Amat\u00f6r bir ruhla ba\u015flay\u0131p profesyonel bir yap\u0131ya evrilen bir ekibiz. Google Premier Partneri, Wix Premier Partneri, Ticimax Yetkili Bayiisi, \u0130kas \u00c7\u00f6z\u00fcm Orta\u011f\u0131 ve Shopify Partner Ajans\u0131y\u0131z. S\u00fcrd\u00fcr\u00fclebilir inovatif d\u00fc\u015f\u00fcnceler, g\u00fc\u00e7l\u00fc teknolojik altyap\u0131 ve yapay zeka kullan\u0131m\u0131yla projelerimizi hayata ge\u00e7iriyoruz. Google Premier Partneri Wix Premier Partneri Ticimax Yetkili Bayiisi \u0130kas \u00c7\u00f6z\u00fcm Orta\u011f\u0131 Shopify Partner Ajans\u0131 M\u00fc\u015fterilerimizi [&hellip;]<\/p>\n","protected":false},"author":1,"featured_media":0,"parent":0,"menu_order":0,"comment_status":"closed","ping_status":"closed","template":"elementor_header_footer","meta":{"footnotes":""},"class_list":["post-6990","page","type-page","status-publish","hentry"],"aioseo_notices":[],"_hostinger_reach_plugin_has_subscription_block":false,"_hostinger_reach_plugin_is_elementor":false,"_links":{"self":[{"href":"https:\/\/www.timeseoagency.com.tr\/es\/wp-json\/wp\/v2\/pages\/6990","targetHints":{"allow":["GET"]}}],"collection":[{"href":"https:\/\/www.timeseoagency.com.tr\/es\/wp-json\/wp\/v2\/pages"}],"about":[{"href":"https:\/\/www.timeseoagency.com.tr\/es\/wp-json\/wp\/v2\/types\/page"}],"author":[{"embeddable":true,"href":"https:\/\/www.timeseoagency.com.tr\/es\/wp-json\/wp\/v2\/users\/1"}],"replies":[{"embeddable":true,"href":"https:\/\/www.timeseoagency.com.tr\/es\/wp-json\/wp\/v2\/comments?post=6990"}],"version-history":[{"count":10,"href":"https:\/\/www.timeseoagency.com.tr\/es\/wp-json\/wp\/v2\/pages\/6990\/revisions"}],"predecessor-version":[{"id":9175,"href":"https:\/\/www.timeseoagency.com.tr\/es\/wp-json\/wp\/v2\/pages\/6990\/revisions\/9175"}],"wp:attachment":[{"href":"https:\/\/www.timeseoagency.com.tr\/es\/wp-json\/wp\/v2\/media?parent=6990"}],"curies":[{"name":"wp","href":"https:\/\/api.w.org\/{rel}","templated":true}]}}