{"id":16,"date":"2023-05-10T11:24:09","date_gmt":"2023-05-10T11:24:09","guid":{"rendered":"http:\/\/pitoonwp.pixydrops.com\/?page_id=16"},"modified":"2025-10-16T17:44:20","modified_gmt":"2025-10-16T14:44:20","slug":"comunicacion","status":"publish","type":"page","link":"https:\/\/www.timeseoagency.com.tr\/es\/comunicacion\/","title":{"rendered":"Comunicaci\u00f3n"},"content":{"rendered":"<div data-elementor-type=\"wp-page\" data-elementor-id=\"16\" class=\"elementor elementor-16\">\n\t\t\t\t\t\t<section class=\"elementor-section elementor-top-section elementor-element elementor-element-d6dcc1d elementor-section-full_width elementor-section-height-default elementor-section-height-default\" data-id=\"d6dcc1d\" data-element_type=\"section\">\n\t\t\t\t\t\t<div class=\"elementor-container elementor-column-gap-no\">\n\t\t\t\t\t<div class=\"elementor-column elementor-col-100 elementor-top-column elementor-element elementor-element-93ac978\" data-id=\"93ac978\" data-element_type=\"column\">\n\t\t\t<div class=\"elementor-widget-wrap elementor-element-populated\">\n\t\t\t\t\t\t<div class=\"elementor-element elementor-element-c824b5d elementor-widget elementor-widget-pitoon-contact-form\" data-id=\"c824b5d\" data-element_type=\"widget\" data-widget_type=\"pitoon-contact-form.default\">\n\t\t\t\t<div class=\"elementor-widget-container\">\n\t\t\t\t\t\r\n    <!--Contact Page Start-->\r\n    <section class=\"contact-page\">\r\n        <div class=\"container\">\r\n            <div class=\"row\">\r\n                <div class=\"col-xl-4 col-lg-5\">\r\n                    <div class=\"contact-page__left\">\r\n                        <div class=\"section-title text-left\">\r\n                            <div class=\"section-title__tagline-box\">\r\n                                <span class=\"section-title__tagline\">B\u0130ZE ULA\u015eIN<\/span>                                <div class=\"section-title__icon-box-1\">\r\n                                    <i aria-hidden=\"true\" class=\"fa fa-angle-left\"><\/i>                                    <i aria-hidden=\"true\" class=\"fa fa-angle-left\"><\/i>                                    <i aria-hidden=\"true\" class=\"fa fa-angle-left\"><\/i>                                <\/div>\r\n                                <div class=\"section-title__icon-box-2\">\r\n                                    <i aria-hidden=\"true\" class=\"fa fa-angle-right\"><\/i>                                    <i aria-hidden=\"true\" class=\"fa fa-angle-right\"><\/i>                                    <i aria-hidden=\"true\" class=\"fa fa-angle-right\"><\/i>                                <\/div>\r\n                            <\/div>\r\n                            <h4 class=\"section-title__title\">T\u00fcrkiye Ofisi<\/h4>                        <\/div>\r\n                        <p class=\"contact-page__text\">Ortalama 1 saat i\u00e7erisinde sorular\u0131n\u0131za ve taleplerinize yan\u0131t vermekteyiz.<\/p>                        <ul class=\"contact-page__points list-unstyled ml-0\">\r\n                                                            <li>\r\n                                    <div class=\"icon\">\r\n                                        <span aria-hidden=\"true\" class=\"fas fa-phone\"><\/span>                                    <\/div>\r\n                                    <div class=\"content\">\r\n                                                                                    <p>\u00c7a\u011fr\u0131 Merkezimiz<\/p>\r\n                                                                                                                            <h4><a href=\"tel:+902626061238\">+90 262 606 1238<\/h4>\r\n                                                                            <\/div>\r\n                                <\/li>\r\n                                                            <li>\r\n                                    <div class=\"icon\">\r\n                                        <span aria-hidden=\"true\" class=\"fas fa-envelope\"><\/span>                                    <\/div>\r\n                                    <div class=\"content\">\r\n                                                                                    <p>Nuestra direcci\u00f3n de correo electr\u00f3nico<\/p>\r\n                                                                                                                            <h4><a href=\"mailto:info@timeseoagency.com.tr\">info@timeseoagency.com.tr<\/a><\/h4>\r\n                                                                            <\/div>\r\n                                <\/li>\r\n                                                            <li>\r\n                                    <div class=\"icon\">\r\n                                        <span aria-hidden=\"true\" class=\"fas fa-map-marker\"><\/span>                                    <\/div>\r\n                                    <div class=\"content\">\r\n                                                                                    <p>Nuestra direcci\u00f3n de oficina<\/p>\r\n                                                                                                                            <h4>Kemalpa\u015fa Mah. G\u00fcmr\u00fck\u00e7\u00fcler Cad. No:13 \u0130zmit Kocaeli<\/h4>\r\n                                                                            <\/div>\r\n                                <\/li>\r\n                                                    <\/ul>\r\n                    <\/div>\r\n                <\/div>\r\n                <div class=\"col-xl-8 col-lg-7\">\r\n                    <div class=\"contact-page__right\">\r\n                        <div class=\"contact-page__form-box\">\r\n                            <div class=\"wpcf7 no-js\" id=\"wpcf7-f239-o1\" lang=\"en-US\" dir=\"ltr\" data-wpcf7-id=\"239\">\n<div class=\"screen-reader-response\"><p role=\"status\" aria-live=\"polite\" aria-atomic=\"true\"><\/p> <ul><\/ul><\/div>\n<form action=\"\/es\/wp-json\/wp\/v2\/pages\/16#wpcf7-f239-o1\" method=\"post\" class=\"wpcf7-form init\" aria-label=\"Contact form\" novalidate=\"novalidate\" data-status=\"init\" data-trp-original-action=\"\/es\/wp-json\/wp\/v2\/pages\/16#wpcf7-f239-o1\">\n<fieldset class=\"hidden-fields-container\"><input type=\"hidden\" name=\"_wpcf7\" value=\"239\" \/><input type=\"hidden\" name=\"_wpcf7_version\" value=\"6.1.2\" \/><input type=\"hidden\" name=\"_wpcf7_locale\" value=\"en_US\" \/><input type=\"hidden\" name=\"_wpcf7_unit_tag\" value=\"wpcf7-f239-o1\" \/><input type=\"hidden\" name=\"_wpcf7_container_post\" value=\"0\" \/><input type=\"hidden\" name=\"_wpcf7_posted_data_hash\" value=\"\" \/>\n<\/fieldset>\n<div class=\"row\">\n  <div class=\"col-xl-6\">\n    <div class=\"contact-page__input-box\">\n      <span class=\"wpcf7-form-control-wrap\" data-name=\"text-35\"><input size=\"40\" maxlength=\"400\" class=\"wpcf7-form-control wpcf7-text wpcf7-validates-as-required\" aria-required=\"true\" aria-invalid=\"false\" placeholder=\"Su nombre y apellido\" value=\"\" type=\"text\" name=\"text-35\" \/><\/span>\n    <\/div>\n  <\/div>\n  <div class=\"col-xl-6\">\n    <div class=\"contact-page__input-box\">\n      <span class=\"wpcf7-form-control-wrap\" data-name=\"email-569\"><input size=\"40\" maxlength=\"400\" class=\"wpcf7-form-control wpcf7-email wpcf7-validates-as-required wpcf7-text wpcf7-validates-as-email\" aria-required=\"true\" aria-invalid=\"false\" placeholder=\"Direcci\u00f3n de correo electr\u00f3nico\" value=\"\" type=\"email\" name=\"email-569\" \/><\/span>\n    <\/div>\n  <\/div>\n  <div class=\"col-xl-6\">\n    <div class=\"contact-page__input-box\">\n      <span class=\"wpcf7-form-control-wrap\" data-name=\"text-36\"><input size=\"40\" maxlength=\"400\" class=\"wpcf7-form-control wpcf7-text wpcf7-validates-as-required\" aria-required=\"true\" aria-invalid=\"false\" placeholder=\"Tel\u00e9fono\" value=\"\" type=\"text\" name=\"text-36\" \/><\/span>\n    <\/div>\n  <\/div>\n  <div class=\"col-xl-6\">\n    <div class=\"contact-page__input-box\">\n      <div class=\"contact-page__showing-sort\">\n        <span class=\"wpcf7-form-control-wrap\" data-name=\"service\"><select class=\"wpcf7-form-control wpcf7-select wpcf7-validates-as-required selectpicker\" aria-required=\"true\" aria-invalid=\"false\" name=\"service\"><option value=\"Hizmet T\u00fcr\u00fc\">Hizmet T\u00fcr\u00fc<\/option><option value=\"SEO \u00c7al\u0131\u015fmas\u0131\">Trabajo de SEO<\/option><option value=\"Web Tasar\u0131m\">Dise\u00f1o web<\/option><option value=\"Sosyal Medya \u00c7al\u0131\u015fmas\u0131\">Sosyal Medya \u00c7al\u0131\u015fmas\u0131<\/option><option value=\"Google Ads Y\u00f6netimi\">Google Ads Y\u00f6netimi<\/option><\/select><\/span>\n      <\/div>\n    <\/div>\n  <\/div>\n<\/div>\n<div class=\"row\">\n  <div class=\"col-xl-12\">\n    <div class=\"contact-page__input-box text-message-box\">\n      <span class=\"wpcf7-form-control-wrap\" data-name=\"textarea-65\"><textarea cols=\"40\" rows=\"10\" maxlength=\"2000\" class=\"wpcf7-form-control wpcf7-textarea wpcf7-validates-as-required\" aria-required=\"true\" aria-invalid=\"false\" placeholder=\"Escribe tu mensaje.\" name=\"textarea-65\"><\/textarea><\/span>\n    <\/div>\n    <div class=\"contact-page__btn-box\">\n      <button type=\"submit\" class=\"thm-btn contact-page__btn\">G\u00f6nder<\/button>\n    <\/div>\n  <\/div>\n<\/div><div class=\"wpcf7-response-output\" aria-hidden=\"true\"><\/div>\n<input type=\"hidden\" name=\"trp-form-language\" value=\"es\"\/><\/form>\n<\/div>                        <\/div>\r\n                    <\/div>\r\n                <\/div>\r\n            <\/div>\r\n        <\/div>\r\n    <\/section>\r\n    <!--Contact Page End-->\r\n\r\n\t\t\t\t<\/div>\n\t\t\t\t<\/div>\n\t\t\t\t\t<\/div>\n\t\t<\/div>\n\t\t\t\t\t<\/div>\n\t\t<\/section>\n\t\t\t\t<section class=\"elementor-section elementor-top-section elementor-element elementor-element-4a960b5 elementor-section-full_width elementor-section-height-default elementor-section-height-default\" data-id=\"4a960b5\" data-element_type=\"section\">\n\t\t\t\t\t\t<div class=\"elementor-container elementor-column-gap-no\">\n\t\t\t\t\t<div class=\"elementor-column elementor-col-100 elementor-top-column elementor-element elementor-element-22bed2e\" data-id=\"22bed2e\" data-element_type=\"column\">\n\t\t\t<div class=\"elementor-widget-wrap elementor-element-populated\">\n\t\t\t\t\t\t<div class=\"elementor-element elementor-element-40f818a elementor-widget elementor-widget-pitoon-google-maps\" data-id=\"40f818a\" data-element_type=\"widget\" data-widget_type=\"pitoon-google-maps.default\">\n\t\t\t\t<div class=\"elementor-widget-container\">\n\t\t\t\t\t\t\t<section class=\"google-map\">\r\n\t\t<iframe src=\"https:\/\/www.google.com\/maps\/embed\/v1\/place?key=AIzaSyAXZqSiATvs5Zcr1kh2_pzV458A9LcdRC0&#038;q=Time%20SEO%20Ajans%C4%B1&#038;zoom=17\" title=\"Agencia SEO Time\" class=\"google-map__one\" aria-label=\"Agencia SEO Time\" allowfullscreen><\/iframe>\r\n\t<\/section>\r\n\r\n\t\t\t\t<\/div>\n\t\t\t\t<\/div>\n\t\t\t\t\t<\/div>\n\t\t<\/div>\n\t\t\t\t\t<\/div>\n\t\t<\/section>\n\t\t\t\t<section class=\"elementor-section elementor-top-section elementor-element elementor-element-210b177 elementor-section-full_width elementor-section-height-default elementor-section-height-default\" data-id=\"210b177\" data-element_type=\"section\">\n\t\t\t\t\t\t<div class=\"elementor-container elementor-column-gap-no\">\n\t\t\t\t\t<div class=\"elementor-column elementor-col-100 elementor-top-column elementor-element elementor-element-ac5f4fa\" data-id=\"ac5f4fa\" data-element_type=\"column\">\n\t\t\t<div class=\"elementor-widget-wrap elementor-element-populated\">\n\t\t\t\t\t\t<div class=\"elementor-element elementor-element-4d0abb8 elementor-widget elementor-widget-pitoon-contact-form\" data-id=\"4d0abb8\" data-element_type=\"widget\" data-widget_type=\"pitoon-contact-form.default\">\n\t\t\t\t<div class=\"elementor-widget-container\">\n\t\t\t\t\t\r\n    <!--Contact Page Start-->\r\n    <section class=\"contact-page\">\r\n        <div class=\"container\">\r\n            <div class=\"row\">\r\n                <div class=\"col-xl-4 col-lg-5\">\r\n                    <div class=\"contact-page__left\">\r\n                        <div class=\"section-title text-left\">\r\n                            <div class=\"section-title__tagline-box\">\r\n                                <span class=\"section-title__tagline\">B\u0130ZE ULA\u015eIN<\/span>                                <div class=\"section-title__icon-box-1\">\r\n                                    <i aria-hidden=\"true\" class=\"fa fa-angle-left\"><\/i>                                    <i aria-hidden=\"true\" class=\"fa fa-angle-left\"><\/i>                                    <i aria-hidden=\"true\" class=\"fa fa-angle-left\"><\/i>                                <\/div>\r\n                                <div class=\"section-title__icon-box-2\">\r\n                                    <i aria-hidden=\"true\" class=\"fa fa-angle-right\"><\/i>                                    <i aria-hidden=\"true\" class=\"fa fa-angle-right\"><\/i>                                    <i aria-hidden=\"true\" class=\"fa fa-angle-right\"><\/i>                                <\/div>\r\n                            <\/div>\r\n                            <h4 class=\"section-title__title\">Karada\u011f Ofisi<\/h4>                        <\/div>\r\n                        <p class=\"contact-page__text\">Ortalama 1 saat i\u00e7erisinde sorular\u0131n\u0131za ve taleplerinize yan\u0131t vermekteyiz.<\/p>                        <ul class=\"contact-page__points list-unstyled ml-0\">\r\n                                                            <li>\r\n                                    <div class=\"icon\">\r\n                                        <span aria-hidden=\"true\" class=\"fas fa-phone\"><\/span>                                    <\/div>\r\n                                    <div class=\"content\">\r\n                                                                                    <p>\u00c7a\u011fr\u0131 Merkezimiz<\/p>\r\n                                                                                                                            <h4><a href=\"tel:+38268274020\">+382 68 274 020<\/h4>\r\n                                                                            <\/div>\r\n                                <\/li>\r\n                                                            <li>\r\n                                    <div class=\"icon\">\r\n                                        <span aria-hidden=\"true\" class=\"fas fa-envelope\"><\/span>                                    <\/div>\r\n                                    <div class=\"content\">\r\n                                                                                    <p>Nuestra direcci\u00f3n de correo electr\u00f3nico<\/p>\r\n                                                                                                                            <h4><a href=\"mailto:info@timeseoagencija.me\">info@timeseoagencija.me<\/a><\/h4>\r\n                                                                            <\/div>\r\n                                <\/li>\r\n                                                            <li>\r\n                                    <div class=\"icon\">\r\n                                        <span aria-hidden=\"true\" class=\"fas fa-map-marker\"><\/span>                                    <\/div>\r\n                                    <div class=\"content\">\r\n                                                                                    <p>Nuestra direcci\u00f3n de oficina<\/p>\r\n                                                                                                                            <h4>Kemalpa\u015fa Mah. G\u00fcmr\u00fck\u00e7\u00fcler Cad. No:13 \u0130zmit Kocaeli<\/h4>\r\n                                                                            <\/div>\r\n                                <\/li>\r\n                                                    <\/ul>\r\n                    <\/div>\r\n                <\/div>\r\n                <div class=\"col-xl-8 col-lg-7\">\r\n                    <div class=\"contact-page__right\">\r\n                        <div class=\"contact-page__form-box\">\r\n                            <div class=\"wpcf7 no-js\" id=\"wpcf7-f239-o2\" lang=\"en-US\" dir=\"ltr\" data-wpcf7-id=\"239\">\n<div class=\"screen-reader-response\"><p role=\"status\" aria-live=\"polite\" aria-atomic=\"true\"><\/p> <ul><\/ul><\/div>\n<form action=\"\/es\/wp-json\/wp\/v2\/pages\/16#wpcf7-f239-o2\" method=\"post\" class=\"wpcf7-form init\" aria-label=\"Contact form\" novalidate=\"novalidate\" data-status=\"init\" data-trp-original-action=\"\/es\/wp-json\/wp\/v2\/pages\/16#wpcf7-f239-o2\">\n<fieldset class=\"hidden-fields-container\"><input type=\"hidden\" name=\"_wpcf7\" value=\"239\" \/><input type=\"hidden\" name=\"_wpcf7_version\" value=\"6.1.2\" \/><input type=\"hidden\" name=\"_wpcf7_locale\" value=\"en_US\" \/><input type=\"hidden\" name=\"_wpcf7_unit_tag\" value=\"wpcf7-f239-o2\" \/><input type=\"hidden\" name=\"_wpcf7_container_post\" value=\"0\" \/><input type=\"hidden\" name=\"_wpcf7_posted_data_hash\" value=\"\" \/>\n<\/fieldset>\n<div class=\"row\">\n  <div class=\"col-xl-6\">\n    <div class=\"contact-page__input-box\">\n      <span class=\"wpcf7-form-control-wrap\" data-name=\"text-35\"><input size=\"40\" maxlength=\"400\" class=\"wpcf7-form-control wpcf7-text wpcf7-validates-as-required\" aria-required=\"true\" aria-invalid=\"false\" placeholder=\"Su nombre y apellido\" value=\"\" type=\"text\" name=\"text-35\" \/><\/span>\n    <\/div>\n  <\/div>\n  <div class=\"col-xl-6\">\n    <div class=\"contact-page__input-box\">\n      <span class=\"wpcf7-form-control-wrap\" data-name=\"email-569\"><input size=\"40\" maxlength=\"400\" class=\"wpcf7-form-control wpcf7-email wpcf7-validates-as-required wpcf7-text wpcf7-validates-as-email\" aria-required=\"true\" aria-invalid=\"false\" placeholder=\"Direcci\u00f3n de correo electr\u00f3nico\" value=\"\" type=\"email\" name=\"email-569\" \/><\/span>\n    <\/div>\n  <\/div>\n  <div class=\"col-xl-6\">\n    <div class=\"contact-page__input-box\">\n      <span class=\"wpcf7-form-control-wrap\" data-name=\"text-36\"><input size=\"40\" maxlength=\"400\" class=\"wpcf7-form-control wpcf7-text wpcf7-validates-as-required\" aria-required=\"true\" aria-invalid=\"false\" placeholder=\"Tel\u00e9fono\" value=\"\" type=\"text\" name=\"text-36\" \/><\/span>\n    <\/div>\n  <\/div>\n  <div class=\"col-xl-6\">\n    <div class=\"contact-page__input-box\">\n      <div class=\"contact-page__showing-sort\">\n        <span class=\"wpcf7-form-control-wrap\" data-name=\"service\"><select class=\"wpcf7-form-control wpcf7-select wpcf7-validates-as-required selectpicker\" aria-required=\"true\" aria-invalid=\"false\" name=\"service\"><option value=\"Hizmet T\u00fcr\u00fc\">Hizmet T\u00fcr\u00fc<\/option><option value=\"SEO \u00c7al\u0131\u015fmas\u0131\">Trabajo de SEO<\/option><option value=\"Web Tasar\u0131m\">Dise\u00f1o web<\/option><option value=\"Sosyal Medya \u00c7al\u0131\u015fmas\u0131\">Sosyal Medya \u00c7al\u0131\u015fmas\u0131<\/option><option value=\"Google Ads Y\u00f6netimi\">Google Ads Y\u00f6netimi<\/option><\/select><\/span>\n      <\/div>\n    <\/div>\n  <\/div>\n<\/div>\n<div class=\"row\">\n  <div class=\"col-xl-12\">\n    <div class=\"contact-page__input-box text-message-box\">\n      <span class=\"wpcf7-form-control-wrap\" data-name=\"textarea-65\"><textarea cols=\"40\" rows=\"10\" maxlength=\"2000\" class=\"wpcf7-form-control wpcf7-textarea wpcf7-validates-as-required\" aria-required=\"true\" aria-invalid=\"false\" placeholder=\"Escribe tu mensaje.\" name=\"textarea-65\"><\/textarea><\/span>\n    <\/div>\n    <div class=\"contact-page__btn-box\">\n      <button type=\"submit\" class=\"thm-btn contact-page__btn\">G\u00f6nder<\/button>\n    <\/div>\n  <\/div>\n<\/div><div class=\"wpcf7-response-output\" aria-hidden=\"true\"><\/div>\n<input type=\"hidden\" name=\"trp-form-language\" value=\"es\"\/><\/form>\n<\/div>                        <\/div>\r\n                    <\/div>\r\n                <\/div>\r\n            <\/div>\r\n        <\/div>\r\n    <\/section>\r\n    <!--Contact Page End-->\r\n\r\n\t\t\t\t<\/div>\n\t\t\t\t<\/div>\n\t\t\t\t\t<\/div>\n\t\t<\/div>\n\t\t\t\t\t<\/div>\n\t\t<\/section>\n\t\t\t\t<section class=\"elementor-section elementor-top-section elementor-element elementor-element-3d27ade elementor-section-full_width elementor-section-height-default elementor-section-height-default\" data-id=\"3d27ade\" data-element_type=\"section\">\n\t\t\t\t\t\t<div class=\"elementor-container elementor-column-gap-no\">\n\t\t\t\t\t<div class=\"elementor-column elementor-col-100 elementor-top-column elementor-element elementor-element-5bc842e\" data-id=\"5bc842e\" data-element_type=\"column\">\n\t\t\t<div class=\"elementor-widget-wrap elementor-element-populated\">\n\t\t\t\t\t\t<div class=\"elementor-element elementor-element-af03a39 elementor-widget elementor-widget-pitoon-google-maps\" data-id=\"af03a39\" data-element_type=\"widget\" data-widget_type=\"pitoon-google-maps.default\">\n\t\t\t\t<div class=\"elementor-widget-container\">\n\t\t\t\t\t\t\t<section class=\"google-map\">\r\n\t\t<iframe src=\"https:\/\/www.google.com\/maps\/embed\/v1\/place?key=AIzaSyAXZqSiATvs5Zcr1kh2_pzV458A9LcdRC0&#038;q=Time%20SEO%20Agencija&#038;zoom=17\" title=\"Agencia SEO Time\" class=\"google-map__one\" aria-label=\"Agencia SEO Time\" allowfullscreen><\/iframe>\r\n\t<\/section>\r\n\r\n\t\t\t\t<\/div>\n\t\t\t\t<\/div>\n\t\t\t\t\t<\/div>\n\t\t<\/div>\n\t\t\t\t\t<\/div>\n\t\t<\/section>\n\t\t\t\t<\/div>","protected":false},"excerpt":{"rendered":"<p>B\u0130ZE ULA\u015eIN T\u00fcrkiye Ofisi Ortalama 1 saat i\u00e7erisinde sorular\u0131n\u0131za ve taleplerinize yan\u0131t vermekteyiz. \u00c7a\u011fr\u0131 Merkezimiz +90 262 606 1238 E-Mail Adresimiz info@timeseoagency.com.tr Ofis Adresimiz Kemalpa\u015fa Mah. G\u00fcmr\u00fck\u00e7\u00fcler Cad. No:13 \u0130zmit Kocaeli Sort by popularSort by popular-01Sort by popular-02Sort by popular-03 Send a Message B\u0130ZE ULA\u015eIN Karada\u011f Ofisi Ortalama 1 saat i\u00e7erisinde sorular\u0131n\u0131za ve taleplerinize yan\u0131t [&hellip;]<\/p>\n","protected":false},"author":1,"featured_media":0,"parent":0,"menu_order":0,"comment_status":"closed","ping_status":"closed","template":"elementor_header_footer","meta":{"footnotes":""},"class_list":["post-16","page","type-page","status-publish","hentry"],"aioseo_notices":[],"_hostinger_reach_plugin_has_subscription_block":false,"_hostinger_reach_plugin_is_elementor":false,"_links":{"self":[{"href":"https:\/\/www.timeseoagency.com.tr\/es\/wp-json\/wp\/v2\/pages\/16","targetHints":{"allow":["GET"]}}],"collection":[{"href":"https:\/\/www.timeseoagency.com.tr\/es\/wp-json\/wp\/v2\/pages"}],"about":[{"href":"https:\/\/www.timeseoagency.com.tr\/es\/wp-json\/wp\/v2\/types\/page"}],"author":[{"embeddable":true,"href":"https:\/\/www.timeseoagency.com.tr\/es\/wp-json\/wp\/v2\/users\/1"}],"replies":[{"embeddable":true,"href":"https:\/\/www.timeseoagency.com.tr\/es\/wp-json\/wp\/v2\/comments?post=16"}],"version-history":[{"count":4,"href":"https:\/\/www.timeseoagency.com.tr\/es\/wp-json\/wp\/v2\/pages\/16\/revisions"}],"predecessor-version":[{"id":9181,"href":"https:\/\/www.timeseoagency.com.tr\/es\/wp-json\/wp\/v2\/pages\/16\/revisions\/9181"}],"wp:attachment":[{"href":"https:\/\/www.timeseoagency.com.tr\/es\/wp-json\/wp\/v2\/media?parent=16"}],"curies":[{"name":"wp","href":"https:\/\/api.w.org\/{rel}","templated":true}]}}