{"id":8011,"date":"2023-03-03T22:33:18","date_gmt":"2023-03-03T19:33:18","guid":{"rendered":"https:\/\/www.time.webdesignshop.me\/?page_id=8011"},"modified":"2025-10-19T18:06:58","modified_gmt":"2025-10-19T15:06:58","slug":"services","status":"publish","type":"page","link":"https:\/\/www.timeseoagency.com.tr\/en\/services\/","title":{"rendered":"Services"},"content":{"rendered":"<div data-elementor-type=\"wp-page\" data-elementor-id=\"8011\" class=\"elementor elementor-8011\">\n\t\t\t\t<div class=\"elementor-element elementor-element-eb7120d e-flex e-con-boxed e-con e-parent\" data-id=\"eb7120d\" data-element_type=\"container\">\n\t\t\t\t\t<div class=\"e-con-inner\">\n\t\t\t\t<div class=\"elementor-element elementor-element-087c711 elementor-widget elementor-widget-html\" data-id=\"087c711\" data-element_type=\"widget\" data-widget_type=\"html.default\">\n\t\t\t\t<div class=\"elementor-widget-container\">\n\t\t\t\t\t<!-- Google tag (gtag.js) -->\r\n<script async src=\"https:\/\/www.googletagmanager.com\/gtag\/js?id=G-XDYTFZG9VW\"><\/script>\r\n<script>\r\n  window.dataLayer = window.dataLayer || [];\r\n  function gtag(){dataLayer.push(arguments);}\r\n  gtag('js', new Date());\r\n\r\n  gtag('config', 'G-XDYTFZG9VW');\r\n<\/script>\t\t\t\t<\/div>\n\t\t\t\t<\/div>\n\t\t\t\t\t<\/div>\n\t\t\t\t<\/div>\n\t\t<div class=\"elementor-element elementor-element-26bacd0 e-flex e-con-boxed e-con e-parent\" data-id=\"26bacd0\" data-element_type=\"container\">\n\t\t\t\t\t<div class=\"e-con-inner\">\n\t\t\t\t<div class=\"elementor-element elementor-element-db63917 elementor-widget elementor-widget-pitoon-service\" data-id=\"db63917\" data-element_type=\"widget\" data-widget_type=\"pitoon-service.default\">\n\t\t\t\t<div class=\"elementor-widget-container\">\n\t\t\t\t\t\r\n\t<!--Services One Start -->\r\n\t<section class=\"services-one\">\r\n\t\t<div class=\"container\">\r\n\t\t\t<div class=\"services-one__inner\">\r\n\t\t\t\t<div class=\"services-one__shape-2 float-bob-x\">\r\n\t\t\t\t\t<img decoding=\"async\" src=\"https:\/\/www.timeseoagency.com.tr\/wp-content\/uploads\/2023\/05\/services-one-shape-2.png\" alt=\"#image_title\" title=\"services-one-shape-2\" >\t\t\t\t<\/div>\r\n\t\t\t\t<div class=\"services-one__shape-3\">\r\n\t\t\t\t\t<img decoding=\"async\" src=\"https:\/\/www.timeseoagency.com.tr\/wp-content\/uploads\/2023\/05\/services-one-shape-3.png\" alt=\"#image_title\" title=\"services-one-shape-3\" >\t\t\t\t<\/div>\r\n\t\t\t\t<div class=\"services-one__shape-4\">\r\n\t\t\t\t\t<img decoding=\"async\" src=\"https:\/\/www.timeseoagency.com.tr\/wp-content\/uploads\/2023\/05\/services-one-shape-4.png\" alt=\"#image_title\" title=\"services-one-shape-4\" >\t\t\t\t<\/div>\r\n\t\t\t\t<div class=\"services-one__top\">\r\n\t\t\t\t\t<ul class=\"list-unstyled services-one__list ml-0\">\r\n\t\t\t\t\t\t\t\t\t\t\t\t\t<!--Services One Single Start-->\r\n\t\t\t\t\t\t\t<li>\r\n\t\t\t\t\t\t\t\t<div class=\"services-one__single\">\r\n\t\t\t\t\t\t\t\t\t<div class=\"services-one__plus\">\r\n\t\t\t\t\t\t\t\t\t\t<a href=\"\/en\/seo-agency\/\"><span aria-hidden=\"true\" class=\"icon-plus\"><\/span><\/a>\r\n\t\t\t\t\t\t\t\t\t<\/div>\r\n\t\t\t\t\t\t\t\t\t<div class=\"services-one__content\">\r\n\t\t\t\t\t\t\t\t\t\t<div class=\"services-one__shape-1\">\r\n\t\t\t\t\t\t\t\t\t\t\t<img decoding=\"async\" src=\"https:\/\/www.timeseoagency.com.tr\/wp-content\/uploads\/2021\/07\/bg-video-detail-1.jpg\" alt=\"#image_title\" title=\"bg-video-detail\" >\t\t\t\t\t\t\t\t\t\t<\/div>\r\n\t\t\t\t\t\t\t\t\t\t<div class=\"services-one__icon\">\r\n\t\t\t\t\t\t\t\t\t\t\t<span aria-hidden=\"true\" class=\"icon-online-shopping\"><\/span>\t\t\t\t\t\t\t\t\t\t<\/div>\r\n\t\t\t\t\t\t\t\t\t\t<h3 class=\"services-one__title\">\r\n\t\t\t\t\t\t\t\t\t\t\t<a class=\"\" href=\"\/en\/seo-agency\/\"  >SEO <br> \u00c7al\u0131\u015fmas\u0131<\/a>\t\t\t\t\t\t\t\t\t\t<\/h3>\r\n\t\t\t\t\t\t\t\t\t<\/div>\r\n\t\t\t\t\t\t\t\t<\/div>\r\n\t\t\t\t\t\t\t<\/li>\r\n\t\t\t\t\t\t\t<!--Services One Single End-->\r\n\t\t\t\t\t\t\t\t\t\t\t\t\t<!--Services One Single Start-->\r\n\t\t\t\t\t\t\t<li>\r\n\t\t\t\t\t\t\t\t<div class=\"services-one__single\">\r\n\t\t\t\t\t\t\t\t\t<div class=\"services-one__plus\">\r\n\t\t\t\t\t\t\t\t\t\t<a href=\"\/en\/ilk-sayfa-garantili-seo\/\"><span aria-hidden=\"true\" class=\"icon-plus\"><\/span><\/a>\r\n\t\t\t\t\t\t\t\t\t<\/div>\r\n\t\t\t\t\t\t\t\t\t<div class=\"services-one__content\">\r\n\t\t\t\t\t\t\t\t\t\t<div class=\"services-one__shape-1\">\r\n\t\t\t\t\t\t\t\t\t\t\t<img decoding=\"async\" src=\"https:\/\/www.timeseoagency.com.tr\/wp-content\/uploads\/2021\/07\/bg-video-detail-1.jpg\" alt=\"#image_title\" title=\"bg-video-detail\" >\t\t\t\t\t\t\t\t\t\t<\/div>\r\n\t\t\t\t\t\t\t\t\t\t<div class=\"services-one__icon\">\r\n\t\t\t\t\t\t\t\t\t\t\t<span aria-hidden=\"true\" class=\"icon-growth\"><\/span>\t\t\t\t\t\t\t\t\t\t<\/div>\r\n\t\t\t\t\t\t\t\t\t\t<h3 class=\"services-one__title\">\r\n\t\t\t\t\t\t\t\t\t\t\t<a class=\"\" href=\"\/en\/ilk-sayfa-garantili-seo\/\"  >Guaranteed First Page SEO<\/a>\t\t\t\t\t\t\t\t\t\t<\/h3>\r\n\t\t\t\t\t\t\t\t\t<\/div>\r\n\t\t\t\t\t\t\t\t<\/div>\r\n\t\t\t\t\t\t\t<\/li>\r\n\t\t\t\t\t\t\t<!--Services One Single End-->\r\n\t\t\t\t\t\t\t\t\t\t\t\t\t<!--Services One Single Start-->\r\n\t\t\t\t\t\t\t<li>\r\n\t\t\t\t\t\t\t\t<div class=\"services-one__single\">\r\n\t\t\t\t\t\t\t\t\t<div class=\"services-one__plus\">\r\n\t\t\t\t\t\t\t\t\t\t<a href=\"https:\/\/www.timeseoagency.com.tr\/en\/en-iyi-seo-ajansi\/\"><span aria-hidden=\"true\" class=\"icon-plus\"><\/span><\/a>\r\n\t\t\t\t\t\t\t\t\t<\/div>\r\n\t\t\t\t\t\t\t\t\t<div class=\"services-one__content\">\r\n\t\t\t\t\t\t\t\t\t\t<div class=\"services-one__shape-1\">\r\n\t\t\t\t\t\t\t\t\t\t\t<img decoding=\"async\" src=\"https:\/\/www.timeseoagency.com.tr\/wp-content\/uploads\/2021\/07\/bg-video-detail-1.jpg\" alt=\"#image_title\" title=\"bg-video-detail\" >\t\t\t\t\t\t\t\t\t\t<\/div>\r\n\t\t\t\t\t\t\t\t\t\t<div class=\"services-one__icon\">\r\n\t\t\t\t\t\t\t\t\t\t\t<span aria-hidden=\"true\" class=\"icon-webpage\"><\/span>\t\t\t\t\t\t\t\t\t\t<\/div>\r\n\t\t\t\t\t\t\t\t\t\t<h3 class=\"services-one__title\">\r\n\t\t\t\t\t\t\t\t\t\t\t<a class=\"\" href=\"https:\/\/www.timeseoagency.com.tr\/en\/en-iyi-seo-ajansi\/\"  >Digital<br> Marketing<\/a>\t\t\t\t\t\t\t\t\t\t<\/h3>\r\n\t\t\t\t\t\t\t\t\t<\/div>\r\n\t\t\t\t\t\t\t\t<\/div>\r\n\t\t\t\t\t\t\t<\/li>\r\n\t\t\t\t\t\t\t<!--Services One Single End-->\r\n\t\t\t\t\t\t\t\t\t\t\t\t\t<!--Services One Single Start-->\r\n\t\t\t\t\t\t\t<li>\r\n\t\t\t\t\t\t\t\t<div class=\"services-one__single\">\r\n\t\t\t\t\t\t\t\t\t<div class=\"services-one__plus\">\r\n\t\t\t\t\t\t\t\t\t\t<a href=\"https:\/\/www.timeseoagency.com.tr\/en\/web-design-agency\/\"><span aria-hidden=\"true\" class=\"icon-plus\"><\/span><\/a>\r\n\t\t\t\t\t\t\t\t\t<\/div>\r\n\t\t\t\t\t\t\t\t\t<div class=\"services-one__content\">\r\n\t\t\t\t\t\t\t\t\t\t<div class=\"services-one__shape-1\">\r\n\t\t\t\t\t\t\t\t\t\t\t<img decoding=\"async\" src=\"https:\/\/www.timeseoagency.com.tr\/wp-content\/uploads\/2021\/07\/bg-video-detail-1.jpg\" alt=\"#image_title\" title=\"bg-video-detail\" >\t\t\t\t\t\t\t\t\t\t<\/div>\r\n\t\t\t\t\t\t\t\t\t\t<div class=\"services-one__icon\">\r\n\t\t\t\t\t\t\t\t\t\t\t<span aria-hidden=\"true\" class=\"icon-front-end\"><\/span>\t\t\t\t\t\t\t\t\t\t<\/div>\r\n\t\t\t\t\t\t\t\t\t\t<h3 class=\"services-one__title\">\r\n\t\t\t\t\t\t\t\t\t\t\t<a class=\"\" href=\"https:\/\/www.timeseoagency.com.tr\/en\/web-design-agency\/\"  >Website Design <\/a>\t\t\t\t\t\t\t\t\t\t<\/h3>\r\n\t\t\t\t\t\t\t\t\t<\/div>\r\n\t\t\t\t\t\t\t\t<\/div>\r\n\t\t\t\t\t\t\t<\/li>\r\n\t\t\t\t\t\t\t<!--Services One Single End-->\r\n\t\t\t\t\t\t\t\t\t\t\t\t\t<!--Services One Single Start-->\r\n\t\t\t\t\t\t\t<li>\r\n\t\t\t\t\t\t\t\t<div class=\"services-one__single\">\r\n\t\t\t\t\t\t\t\t\t<div class=\"services-one__plus\">\r\n\t\t\t\t\t\t\t\t\t\t<a href=\"\/en\/e-ticaret-seo\/\"><span aria-hidden=\"true\" class=\"icon-plus\"><\/span><\/a>\r\n\t\t\t\t\t\t\t\t\t<\/div>\r\n\t\t\t\t\t\t\t\t\t<div class=\"services-one__content\">\r\n\t\t\t\t\t\t\t\t\t\t<div class=\"services-one__shape-1\">\r\n\t\t\t\t\t\t\t\t\t\t\t<img decoding=\"async\" src=\"https:\/\/www.timeseoagency.com.tr\/wp-content\/uploads\/2021\/07\/bg-video-detail-1.jpg\" alt=\"#image_title\" title=\"bg-video-detail\" >\t\t\t\t\t\t\t\t\t\t<\/div>\r\n\t\t\t\t\t\t\t\t\t\t<div class=\"services-one__icon\">\r\n\t\t\t\t\t\t\t\t\t\t\t<span aria-hidden=\"true\" class=\"icon-bullhorn\"><\/span>\t\t\t\t\t\t\t\t\t\t<\/div>\r\n\t\t\t\t\t\t\t\t\t\t<h3 class=\"services-one__title\">\r\n\t\t\t\t\t\t\t\t\t\t\t<a class=\"\" href=\"\/en\/e-ticaret-seo\/\"  >E Ticaret SEO \u00c7al\u0131\u015fmas\u0131<\/a>\t\t\t\t\t\t\t\t\t\t<\/h3>\r\n\t\t\t\t\t\t\t\t\t<\/div>\r\n\t\t\t\t\t\t\t\t<\/div>\r\n\t\t\t\t\t\t\t<\/li>\r\n\t\t\t\t\t\t\t<!--Services One Single End-->\r\n\t\t\t\t\t\t\t\t\t\t\t\t\t<!--Services One Single Start-->\r\n\t\t\t\t\t\t\t<li>\r\n\t\t\t\t\t\t\t\t<div class=\"services-one__single\">\r\n\t\t\t\t\t\t\t\t\t<div class=\"services-one__plus\">\r\n\t\t\t\t\t\t\t\t\t\t<a href=\"\/en\/grafik-tasarim\/\"><span aria-hidden=\"true\" class=\"icon-plus\"><\/span><\/a>\r\n\t\t\t\t\t\t\t\t\t<\/div>\r\n\t\t\t\t\t\t\t\t\t<div class=\"services-one__content\">\r\n\t\t\t\t\t\t\t\t\t\t<div class=\"services-one__shape-1\">\r\n\t\t\t\t\t\t\t\t\t\t\t\t\t\t\t\t\t\t\t\t\t<\/div>\r\n\t\t\t\t\t\t\t\t\t\t<div class=\"services-one__icon\">\r\n\t\t\t\t\t\t\t\t\t\t\t<span aria-hidden=\"true\" class=\"icon-online-shopping\"><\/span>\t\t\t\t\t\t\t\t\t\t<\/div>\r\n\t\t\t\t\t\t\t\t\t\t<h3 class=\"services-one__title\">\r\n\t\t\t\t\t\t\t\t\t\t\t<a class=\"\" href=\"\/en\/grafik-tasarim\/\"  >Grafik Tasar\u0131m<\/a>\t\t\t\t\t\t\t\t\t\t<\/h3>\r\n\t\t\t\t\t\t\t\t\t<\/div>\r\n\t\t\t\t\t\t\t\t<\/div>\r\n\t\t\t\t\t\t\t<\/li>\r\n\t\t\t\t\t\t\t<!--Services One Single End-->\r\n\t\t\t\t\t\t\t\t\t\t\t\t\t<!--Services One Single Start-->\r\n\t\t\t\t\t\t\t<li>\r\n\t\t\t\t\t\t\t\t<div class=\"services-one__single\">\r\n\t\t\t\t\t\t\t\t\t<div class=\"services-one__plus\">\r\n\t\t\t\t\t\t\t\t\t\t<a href=\"\/en\/mobil-uygulama\/\"><span aria-hidden=\"true\" class=\"icon-plus\"><\/span><\/a>\r\n\t\t\t\t\t\t\t\t\t<\/div>\r\n\t\t\t\t\t\t\t\t\t<div class=\"services-one__content\">\r\n\t\t\t\t\t\t\t\t\t\t<div class=\"services-one__shape-1\">\r\n\t\t\t\t\t\t\t\t\t\t\t\t\t\t\t\t\t\t\t\t\t<\/div>\r\n\t\t\t\t\t\t\t\t\t\t<div class=\"services-one__icon\">\r\n\t\t\t\t\t\t\t\t\t\t\t<span aria-hidden=\"true\" class=\"icon-online-shopping\"><\/span>\t\t\t\t\t\t\t\t\t\t<\/div>\r\n\t\t\t\t\t\t\t\t\t\t<h3 class=\"services-one__title\">\r\n\t\t\t\t\t\t\t\t\t\t\t<a class=\"\" href=\"\/en\/mobil-uygulama\/\"  >Mobile Application<\/a>\t\t\t\t\t\t\t\t\t\t<\/h3>\r\n\t\t\t\t\t\t\t\t\t<\/div>\r\n\t\t\t\t\t\t\t\t<\/div>\r\n\t\t\t\t\t\t\t<\/li>\r\n\t\t\t\t\t\t\t<!--Services One Single End-->\r\n\t\t\t\t\t\t\t\t\t\t\t\t\t<!--Services One Single Start-->\r\n\t\t\t\t\t\t\t<li>\r\n\t\t\t\t\t\t\t\t<div class=\"services-one__single\">\r\n\t\t\t\t\t\t\t\t\t<div class=\"services-one__plus\">\r\n\t\t\t\t\t\t\t\t\t\t<a href=\"\/en\/crm-ve-erp-yazilimlari\/\"><span aria-hidden=\"true\" class=\"icon-plus\"><\/span><\/a>\r\n\t\t\t\t\t\t\t\t\t<\/div>\r\n\t\t\t\t\t\t\t\t\t<div class=\"services-one__content\">\r\n\t\t\t\t\t\t\t\t\t\t<div class=\"services-one__shape-1\">\r\n\t\t\t\t\t\t\t\t\t\t\t\t\t\t\t\t\t\t\t\t\t<\/div>\r\n\t\t\t\t\t\t\t\t\t\t<div class=\"services-one__icon\">\r\n\t\t\t\t\t\t\t\t\t\t\t<span aria-hidden=\"true\" class=\"icon-online-shopping\"><\/span>\t\t\t\t\t\t\t\t\t\t<\/div>\r\n\t\t\t\t\t\t\t\t\t\t<h3 class=\"services-one__title\">\r\n\t\t\t\t\t\t\t\t\t\t\t<a class=\"\" href=\"\/en\/crm-ve-erp-yazilimlari\/\"  >CRM ve ERP Yaz\u0131l\u0131mlar\u0131<\/a>\t\t\t\t\t\t\t\t\t\t<\/h3>\r\n\t\t\t\t\t\t\t\t\t<\/div>\r\n\t\t\t\t\t\t\t\t<\/div>\r\n\t\t\t\t\t\t\t<\/li>\r\n\t\t\t\t\t\t\t<!--Services One Single End-->\r\n\t\t\t\t\t\t\t\t\t\t\t\t\t<!--Services One Single Start-->\r\n\t\t\t\t\t\t\t<li>\r\n\t\t\t\t\t\t\t\t<div class=\"services-one__single\">\r\n\t\t\t\t\t\t\t\t\t<div class=\"services-one__plus\">\r\n\t\t\t\t\t\t\t\t\t\t<a href=\"https:\/\/www.timeseoagency.com.tr\/en\/ideasoft-seo\/\"><span aria-hidden=\"true\" class=\"icon-plus\"><\/span><\/a>\r\n\t\t\t\t\t\t\t\t\t<\/div>\r\n\t\t\t\t\t\t\t\t\t<div class=\"services-one__content\">\r\n\t\t\t\t\t\t\t\t\t\t<div class=\"services-one__shape-1\">\r\n\t\t\t\t\t\t\t\t\t\t\t\t\t\t\t\t\t\t\t\t\t<\/div>\r\n\t\t\t\t\t\t\t\t\t\t<div class=\"services-one__icon\">\r\n\t\t\t\t\t\t\t\t\t\t\t<span aria-hidden=\"true\" class=\"icon-online-shopping\"><\/span>\t\t\t\t\t\t\t\t\t\t<\/div>\r\n\t\t\t\t\t\t\t\t\t\t<h3 class=\"services-one__title\">\r\n\t\t\t\t\t\t\t\t\t\t\t<a class=\"\" href=\"https:\/\/www.timeseoagency.com.tr\/en\/ideasoft-seo\/\"  >Ideasoft SEO \u00c7al\u0131\u015fmas\u0131<\/a>\t\t\t\t\t\t\t\t\t\t<\/h3>\r\n\t\t\t\t\t\t\t\t\t<\/div>\r\n\t\t\t\t\t\t\t\t<\/div>\r\n\t\t\t\t\t\t\t<\/li>\r\n\t\t\t\t\t\t\t<!--Services One Single End-->\r\n\t\t\t\t\t\t\t\t\t\t\t\t\t<!--Services One Single Start-->\r\n\t\t\t\t\t\t\t<li>\r\n\t\t\t\t\t\t\t\t<div class=\"services-one__single\">\r\n\t\t\t\t\t\t\t\t\t<div class=\"services-one__plus\">\r\n\t\t\t\t\t\t\t\t\t\t<a href=\"https:\/\/www.timeseoagency.com.tr\/en\/ticimax-seo\/\"><span aria-hidden=\"true\" class=\"icon-plus\"><\/span><\/a>\r\n\t\t\t\t\t\t\t\t\t<\/div>\r\n\t\t\t\t\t\t\t\t\t<div class=\"services-one__content\">\r\n\t\t\t\t\t\t\t\t\t\t<div class=\"services-one__shape-1\">\r\n\t\t\t\t\t\t\t\t\t\t\t\t\t\t\t\t\t\t\t\t\t<\/div>\r\n\t\t\t\t\t\t\t\t\t\t<div class=\"services-one__icon\">\r\n\t\t\t\t\t\t\t\t\t\t\t<span aria-hidden=\"true\" class=\"icon-online-shopping\"><\/span>\t\t\t\t\t\t\t\t\t\t<\/div>\r\n\t\t\t\t\t\t\t\t\t\t<h3 class=\"services-one__title\">\r\n\t\t\t\t\t\t\t\t\t\t\t<a class=\"\" href=\"https:\/\/www.timeseoagency.com.tr\/en\/ticimax-seo\/\"  >Ticimax SEO \u00c7al\u0131\u015fmas\u0131<\/a>\t\t\t\t\t\t\t\t\t\t<\/h3>\r\n\t\t\t\t\t\t\t\t\t<\/div>\r\n\t\t\t\t\t\t\t\t<\/div>\r\n\t\t\t\t\t\t\t<\/li>\r\n\t\t\t\t\t\t\t<!--Services One Single End-->\r\n\t\t\t\t\t\t\t\t\t\t\t<\/ul>\r\n\t\t\t\t<\/div>\r\n\t\t\t\t<div class=\"services-one__bottom\">\r\n\t\t\t\t\t<div class=\"services-one__satisfied\">\r\n\t\t\t\t\t\t<ul class=\"list-unstyled services-one__satisfied-list ml-0\">\r\n\t\t\t\t\t\t\t\t\t\t\t\t\t<\/ul>\r\n\t\t\t\t\t\t<div class=\"services-one__satisfied-content count-box\">\r\n\t\t\t\t\t\t\t\t\t\t\t\t\t<\/div>\r\n\t\t\t\t\t<\/div>\r\n\t\t\t\t<\/div>\r\n\t\t\t<\/div>\r\n\t\t<\/div>\r\n\t<\/section>\r\n\t<!--Services One End -->\r\n\r\n\t\t\t\t<\/div>\n\t\t\t\t<\/div>\n\t\t\t\t\t<\/div>\n\t\t\t\t<\/div>\n\t\t\t\t<\/div>","protected":false},"excerpt":{"rendered":"<p>SEO \u00c7al\u0131\u015fmas\u0131 \u0130lk Sayfa Garantili SEO Dijital Pazarlama Website Tasarm E Ticaret SEO \u00c7al\u0131\u015fmas\u0131 Grafik Tasar\u0131m Mobil Uygulama CRM ve ERP Yaz\u0131l\u0131mlar\u0131 Ideasoft SEO \u00c7al\u0131\u015fmas\u0131 Ticimax SEO \u00c7al\u0131\u015fmas\u0131<\/p>","protected":false},"author":1,"featured_media":0,"parent":0,"menu_order":0,"comment_status":"closed","ping_status":"closed","template":"elementor_header_footer","meta":{"footnotes":""},"class_list":["post-8011","page","type-page","status-publish","hentry"],"aioseo_notices":[],"_hostinger_reach_plugin_has_subscription_block":false,"_hostinger_reach_plugin_is_elementor":false,"_links":{"self":[{"href":"https:\/\/www.timeseoagency.com.tr\/en\/wp-json\/wp\/v2\/pages\/8011","targetHints":{"allow":["GET"]}}],"collection":[{"href":"https:\/\/www.timeseoagency.com.tr\/en\/wp-json\/wp\/v2\/pages"}],"about":[{"href":"https:\/\/www.timeseoagency.com.tr\/en\/wp-json\/wp\/v2\/types\/page"}],"author":[{"embeddable":true,"href":"https:\/\/www.timeseoagency.com.tr\/en\/wp-json\/wp\/v2\/users\/1"}],"replies":[{"embeddable":true,"href":"https:\/\/www.timeseoagency.com.tr\/en\/wp-json\/wp\/v2\/comments?post=8011"}],"version-history":[{"count":7,"href":"https:\/\/www.timeseoagency.com.tr\/en\/wp-json\/wp\/v2\/pages\/8011\/revisions"}],"predecessor-version":[{"id":10976,"href":"https:\/\/www.timeseoagency.com.tr\/en\/wp-json\/wp\/v2\/pages\/8011\/revisions\/10976"}],"wp:attachment":[{"href":"https:\/\/www.timeseoagency.com.tr\/en\/wp-json\/wp\/v2\/media?parent=8011"}],"curies":[{"name":"wp","href":"https:\/\/api.w.org\/{rel}","templated":true}]}}