{"id":9209,"date":"2025-10-16T19:29:05","date_gmt":"2025-10-16T16:29:05","guid":{"rendered":"https:\/\/www.timeseoagency.com.tr\/?page_id=9209"},"modified":"2025-10-16T19:36:25","modified_gmt":"2025-10-16T16:36:25","slug":"social-media-agentur","status":"publish","type":"page","link":"https:\/\/www.timeseoagency.com.tr\/de\/social-media-agentur\/","title":{"rendered":"Social-Media-Agentur"},"content":{"rendered":"<div data-elementor-type=\"wp-page\" data-elementor-id=\"9209\" class=\"elementor elementor-9209\">\n\t\t\t\t\t\t<section class=\"elementor-section elementor-top-section elementor-element elementor-element-4f3c8a4b services-details elementor-section-boxed elementor-section-height-default elementor-section-height-default\" data-id=\"4f3c8a4b\" data-element_type=\"section\">\n\t\t\t\t\t\t<div class=\"elementor-container elementor-column-gap-no\">\n\t\t\t\t\t<div class=\"elementor-column elementor-col-50 elementor-top-column elementor-element elementor-element-36912b4c\" data-id=\"36912b4c\" data-element_type=\"column\">\n\t\t\t<div class=\"elementor-widget-wrap elementor-element-populated\">\n\t\t\t\t\t\t<div class=\"elementor-element elementor-element-75d8acfe elementor-widget elementor-widget-sidebar-nav\" data-id=\"75d8acfe\" data-element_type=\"widget\" data-widget_type=\"sidebar-nav.default\">\n\t\t\t\t<div class=\"elementor-widget-container\">\n\t\t\t\t\t    <div class=\"services-details__services-list\">\r\n                    <div class=\"services-details__services-title\">\r\n                <h3 class=\"\">T\u00fcm Hizmetler<\/h3>            <\/div>\r\n                            <ul id=\"menu-service-menu\" class=\"services-details__services list-unstyled ml-0\"><li id=\"menu-item-1189\" class=\"menu-item menu-item-type-post_type menu-item-object-page menu-item-1189\"><a href=\"https:\/\/www.timeseoagency.com.tr\/de\/seo-agentur\/\">SEO-Agentur<\/a><\/li>\n<li id=\"menu-item-1187\" class=\"menu-item menu-item-type-post_type menu-item-object-page menu-item-1187\"><a href=\"https:\/\/www.timeseoagency.com.tr\/de\/google-ads-agentur-2\/\">Google Ads Agentur<\/a><\/li>\n<li id=\"menu-item-1188\" class=\"menu-item menu-item-type-post_type menu-item-object-page menu-item-1188\"><a href=\"https:\/\/www.timeseoagency.com.tr\/de\/webdesign-agentur\/\">Webdesign-Agentur<\/a><\/li>\n<li id=\"menu-item-1192\" class=\"menu-item menu-item-type-post_type menu-item-object-page menu-item-1192\"><a href=\"https:\/\/www.timeseoagency.com.tr\/de\/ilk-sayfa-garantili-seo\/\">Garantierte Platzierung auf der ersten Seite<\/a><\/li>\n<li id=\"menu-item-1191\" class=\"menu-item menu-item-type-post_type menu-item-object-page menu-item-1191\"><a href=\"https:\/\/www.timeseoagency.com.tr\/de\/ideasoft-seo\/\">Ideasoft SEO<\/a><\/li>\n<li id=\"menu-item-11194\" class=\"menu-item menu-item-type-post_type menu-item-object-page menu-item-11194\"><a href=\"https:\/\/www.timeseoagency.com.tr\/de\/e-commerce-seo-2\/\">E-Commerce-SEO<\/a><\/li>\n<li id=\"menu-item-11195\" class=\"menu-item menu-item-type-post_type menu-item-object-page menu-item-11195\"><a href=\"https:\/\/www.timeseoagency.com.tr\/de\/social-media-agentur\/\">Social-Media-Agentur<\/a><\/li>\n<li id=\"menu-item-11196\" class=\"menu-item menu-item-type-post_type menu-item-object-page menu-item-11196\"><a href=\"https:\/\/www.timeseoagency.com.tr\/de\/ticimax-seo\/\">Ticimax SEO<\/a><\/li>\n<\/ul>            <\/div>\r\n\r\n\t\t\t\t<\/div>\n\t\t\t\t<\/div>\n\t\t\t\t<div class=\"elementor-element elementor-element-d131c36 elementor-widget elementor-widget-pitoon-sidebar-banner\" data-id=\"d131c36\" data-element_type=\"widget\" data-widget_type=\"pitoon-sidebar-banner.default\">\n\t\t\t\t<div class=\"elementor-widget-container\">\n\t\t\t\t\t    <div class=\"banner-one\">\r\n        <div class=\"banner-one__shape-1\">\r\n            <img decoding=\"async\" src=\"https:\/\/www.timeseoagency.com.tr\/wp-content\/uploads\/2025\/10\/banner-one-shape-1.png\" alt=\"#image_title\" title=\"banner-one-shape-1png\" >        <\/div>\r\n        <div class=\"banner-one__img\">\r\n            <img decoding=\"async\" src=\"https:\/\/www.timeseoagency.com.tr\/wp-content\/uploads\/2025\/10\/banner-one-img.png\" alt=\"#image_title\" title=\"banner-one-imgpng\" >        <\/div>\r\n        <h3 class=\"banner-one__title\">Digital <br> Marketing <br> \u00c7\u00f6z\u00fcmleri <br> mi Ar\u0131yorsunuz?<\/h3>                    <div class=\"banner-one__btn-box\">\r\n                <a class=\"banner-one__btn thm-btn\" href=\"\/de\/iletisim\/\"  >\u0130LET\u0130\u015e\u0130M<\/a>            <\/div>\r\n            <\/div>\r\n\r\n\t\t\t\t<\/div>\n\t\t\t\t<\/div>\n\t\t\t\t<div class=\"elementor-element elementor-element-b317d48 elementor-widget elementor-widget-pitoon-document\" data-id=\"b317d48\" data-element_type=\"widget\" data-widget_type=\"pitoon-document.default\">\n\t\t\t\t<div class=\"elementor-widget-container\">\n\t\t\t\t\t            <div class=\"services-details__documents\">\r\n            <div class=\"icon\">\r\n                <span aria-hidden=\"true\" class=\"icon-pdf-file\"><\/span>            <\/div>\r\n            <div class=\"content\">\r\n                <h3>\r\n                    <a class=\"\" href=\"http:\/\/www.seocunuz.com.tr\/wp-content\/uploads\/2025\/10\/Time-SEO-Ajansi-Sunum.pdf\"  >Tan\u0131t\u0131m Dosya\u0131m\u0131z<\/a>                <\/h3>\r\n                <p class=\"\">2,5 MB<\/p>            <\/div>\r\n        <\/div>\r\n    \r\n\t\t\t\t<\/div>\n\t\t\t\t<\/div>\n\t\t\t\t\t<\/div>\n\t\t<\/div>\n\t\t\t\t<div class=\"elementor-column elementor-col-50 elementor-top-column elementor-element elementor-element-1a1f6a8d\" data-id=\"1a1f6a8d\" data-element_type=\"column\">\n\t\t\t<div class=\"elementor-widget-wrap elementor-element-populated\">\n\t\t\t\t\t\t<div class=\"elementor-element elementor-element-30c9cc18 services-details__img elementor-widget elementor-widget-image\" data-id=\"30c9cc18\" data-element_type=\"widget\" data-widget_type=\"image.default\">\n\t\t\t\t<div class=\"elementor-widget-container\">\n\t\t\t\t\t\t\t\t\t\t\t\t\t\t\t<img fetchpriority=\"high\" decoding=\"async\" width=\"770\" height=\"381\" src=\"https:\/\/www.timeseoagency.com.tr\/wp-content\/uploads\/2023\/05\/services-details-img-5.jpg\" class=\"attachment-full size-full wp-image-1439\" alt=\"\" srcset=\"https:\/\/www.timeseoagency.com.tr\/wp-content\/uploads\/2023\/05\/services-details-img-5.jpg 770w, https:\/\/www.timeseoagency.com.tr\/wp-content\/uploads\/2023\/05\/services-details-img-5-570x282.jpg 570w, https:\/\/www.timeseoagency.com.tr\/wp-content\/uploads\/2023\/05\/services-details-img-5-300x148.jpg 300w, https:\/\/www.timeseoagency.com.tr\/wp-content\/uploads\/2023\/05\/services-details-img-5-768x380.jpg 768w\" sizes=\"(max-width: 770px) 100vw, 770px\" \/>\t\t\t\t\t\t\t\t\t\t\t\t\t\t\t<\/div>\n\t\t\t\t<\/div>\n\t\t\t\t<div class=\"elementor-element elementor-element-55360d14 elementor-widget elementor-widget-heading\" data-id=\"55360d14\" data-element_type=\"widget\" data-widget_type=\"heading.default\">\n\t\t\t\t<div class=\"elementor-widget-container\">\n\t\t\t\t\t<h2 class=\"elementor-heading-title elementor-size-default\">Sosyal Medya Sayfa ve Reklam Y\u00f6netimi<\/h2>\t\t\t\t<\/div>\n\t\t\t\t<\/div>\n\t\t\t\t<div class=\"elementor-element elementor-element-79546575 elementor-widget elementor-widget-text-editor\" data-id=\"79546575\" data-element_type=\"widget\" data-widget_type=\"text-editor.default\">\n\t\t\t\t<div class=\"elementor-widget-container\">\n\t\t\t\t\t\t\t\t\t<div class=\"elementor-element elementor-element-7670d30 elementor-widget elementor-widget-tfl-heading\" data-id=\"7670d30\" data-element_type=\"widget\" data-widget_type=\"tfl-heading.default\"><div class=\"elementor-widget-container\"><div class=\"tfl-heading tfl-style1 tfl-align\"><div class=\"elementor-element elementor-element-9060ce0 elementor-widget elementor-widget-tfl-heading\" data-id=\"9060ce0\" data-element_type=\"widget\" data-widget_type=\"tfl-heading.default\"><div class=\"elementor-widget-container\"><div class=\"tfl-heading tfl-style1 tfl-align\"><h3 class=\"tfl-title\">Sosyal Medya Ajans\u0131 ile Markan\u0131z\u0131 B\u00fcy\u00fct\u00fcn !<\/h3><\/div><\/div><\/div><div class=\"elementor-element elementor-element-4801106 elementor-widget elementor-widget-text-editor\" data-id=\"4801106\" data-element_type=\"widget\" data-widget_type=\"text-editor.default\"><div class=\"elementor-widget-container\"><div class=\"wpb_text_column wpb_content_element wpb_animate_when_almost_visible wpb_fadeIn fadeIn vc_custom_1647095749872 wpb_start_animation animated\"><div class=\"wpb_wrapper\">\u00a0<\/div><\/div><\/div><\/div><\/div><\/div><\/div><div class=\"elementor-element elementor-element-34887ed elementor-widget elementor-widget-text-editor\" data-id=\"34887ed\" data-element_type=\"widget\" data-widget_type=\"text-editor.default\"><div class=\"elementor-widget-container\"><div class=\"wpb_text_column wpb_content_element wpb_animate_when_almost_visible wpb_fadeIn fadeIn vc_custom_1647095749872 wpb_start_animation animated\"><div class=\"wpb_wrapper\"><p>Facebook (Meta), Instagram,Twitter,Tiktok ve Linkedn platformlar\u0131nda kurumsal kimli\u011finizi ve sayfalar\u0131n\u0131z\u0131 olu\u015fturuyoruz. \u0130\u015fletme hesaplar\u0131n\u0131z\u0131 ve ticaret y\u00f6neticisi hesaplar\u0131n\u0131z\u0131 olu\u015fturarak markan\u0131z\u0131 b\u00fcy\u00fct\u00fcyoruz. Sat\u0131\u015flar\u0131n\u0131z\u0131 artt\u0131racak ve potansiyel m\u00fc\u015fterilerinize ula\u015ft\u0131raca\u011f\u0131z.<\/p><\/div><\/div><div class=\"wpb_text_column wpb_content_element wpb_animate_when_almost_visible wpb_fadeIn fadeIn vc_custom_1647095830036 wpb_start_animation animated\"><div class=\"wpb_wrapper\"><p>Sosyal Medya \u00e7al\u0131\u015fmalar\u0131nda grafik tasar\u0131m,reklam y\u00f6netimi ve hesap kurulum i\u015flemlerinizin tamam\u0131n\u0131 uzman kadromuzla y\u00f6netiyoruz. Daha fazla i\u015f,daha fazla arama,daha fazla sat\u0131\u015f i\u00e7in sekt\u00f6r,rakip analizlerinizi ger\u00e7ekle\u015ftiriyoruz. Raporlar\u0131n\u0131z\u0131 haftal\u0131k iletiyoruz.<\/p><\/div><\/div><\/div><\/div>\t\t\t\t\t\t\t\t<\/div>\n\t\t\t\t<\/div>\n\t\t\t\t<div class=\"elementor-element elementor-element-49194659 elementor-widget elementor-widget-text-editor\" data-id=\"49194659\" data-element_type=\"widget\" data-widget_type=\"text-editor.default\">\n\t\t\t\t<div class=\"elementor-widget-container\">\n\t\t\t\t\t\t\t\t\t<p>\u0130\u015finizi Google&#8217;da \u00d6ne \u00c7\u0131kar\u0131n !<\/p>\t\t\t\t\t\t\t\t<\/div>\n\t\t\t\t<\/div>\n\t\t\t\t<div class=\"elementor-element elementor-element-6cc29beb elementor-widget elementor-widget-text-editor\" data-id=\"6cc29beb\" data-element_type=\"widget\" data-widget_type=\"text-editor.default\">\n\t\t\t\t<div class=\"elementor-widget-container\">\n\t\t\t\t\t\t\t\t\t<section class=\"ticimax-hero\"><div class=\"elementor-element elementor-element-b88c991 elementor-widget elementor-widget-tfl-heading\" data-id=\"b88c991\" data-element_type=\"widget\" data-widget_type=\"tfl-heading.default\"><div class=\"elementor-widget-container\"><div class=\"tfl-heading tfl-style1 tfl-align\"><div class=\"tfl-title\"><strong>\u0130\u015fletmeniz i\u00e7in Profesyonel \u00c7al\u0131\u015fmalar Sunuyoruz !<br \/><br \/><\/strong><\/div><div>Sosyal medya genellikle haber hikayeleri gibi yeni i\u00e7eriklerin ke\u015ffedilmesini sa\u011flar ve \u201cke\u015fif\u201d bir arama etkinli\u011fidir. Sosyal medya, SEO \u00e7abalar\u0131n\u0131 destekleyen ba\u011flant\u0131lar olu\u015fturmaya da yard\u0131mc\u0131 olabilir.<br \/><br \/><div id=\"elementor-tab-title-2271\" class=\"elementor-tab-title elementor-active\" tabindex=\"0\" role=\"button\" data-tab=\"1\" aria-controls=\"elementor-tab-content-2271\" aria-expanded=\"true\" aria-selected=\"true\"><strong><a class=\"elementor-accordion-title\" tabindex=\"0\">Marka &#8220;Alg\u0131&#8221; Y\u00f6netimi<\/a><\/strong><\/div><div id=\"elementor-tab-content-2271\" class=\"elementor-tab-content elementor-clearfix elementor-active\" role=\"region\" data-tab=\"1\" aria-labelledby=\"elementor-tab-title-2271\"><div class=\"wpb_column vc_column_container vc_col-sm-6 vc_hidden-sm vc_hidden-xs vc_col-has-fill wow fadeIn\" data-wow-delay=\"0.2s\"><div class=\"vc_column-inner vc_custom_1579591701360\"><div class=\"wpb_wrapper\"><div class=\"wpb_text_column wpb_content_element  vc_custom_1647096005328\"><div class=\"wpb_wrapper\"><p>Kurumsal kimlik ve kampanya kimliklerinizi olu\u015fturarak markan\u0131z i\u00e7in hikayeler olu\u015fturaca\u011f\u0131z.<br \/><br \/><\/p><div id=\"elementor-tab-title-2272\" class=\"elementor-tab-title elementor-active\" tabindex=\"0\" role=\"button\" data-tab=\"2\" aria-controls=\"elementor-tab-content-2272\" aria-expanded=\"true\" aria-selected=\"true\"><strong><a class=\"elementor-accordion-title\" tabindex=\"0\">Sosyal Medya \u0130\u00e7erikleri<\/a><\/strong><\/div><div id=\"elementor-tab-content-2272\" class=\"elementor-tab-content elementor-clearfix elementor-active\" role=\"region\" data-tab=\"2\" aria-labelledby=\"elementor-tab-title-2272\"><div class=\"vc_row wpb_row vc_row-fluid vc_custom_1531978212343 vc_column-gap-30\" data-vc-full-width=\"true\" data-vc-full-width-init=\"true\"><div class=\"wpb_column vc_column_container vc_col-sm-6 vc_hidden-sm vc_hidden-xs vc_col-has-fill wow fadeIn\" data-wow-delay=\"0.4s\"><div class=\"vc_column-inner vc_custom_1579591734488\"><div class=\"wpb_wrapper\"><div class=\"wpb_text_column wpb_content_element  vc_custom_1647096060204\"><div class=\"wpb_wrapper\"><p>G\u00f6rsel ve yaz\u0131l\u0131 i\u00e7eriklerinizi edit\u00f6rlerimiz ile olu\u015fturarak kampanyalar\u0131n\u0131z\u0131n tamam\u0131n\u0131 y\u00f6netece\u011fiz.<br \/><br \/><\/p><div id=\"elementor-tab-title-2273\" class=\"elementor-tab-title elementor-active\" tabindex=\"0\" role=\"button\" data-tab=\"3\" aria-controls=\"elementor-tab-content-2273\" aria-expanded=\"true\" aria-selected=\"true\"><strong><a class=\"elementor-accordion-title\" tabindex=\"0\">Sayfa Y\u00f6netimi<\/a><\/strong><\/div><div id=\"elementor-tab-content-2273\" class=\"elementor-tab-content elementor-clearfix elementor-active\" role=\"region\" data-tab=\"3\" aria-labelledby=\"elementor-tab-title-2273\"><div class=\"wpb_column vc_column_container vc_col-sm-6 vc_hidden-sm vc_hidden-xs vc_col-has-fill wow fadeIn\" data-wow-delay=\"0.6s\"><div class=\"vc_column-inner vc_custom_1579591671594\"><div class=\"wpb_wrapper\"><div class=\"wpb_text_column wpb_content_element  vc_custom_1647096101892\"><div class=\"wpb_wrapper\"><p>Sayfa i\u00e7eriklerinizi ve payla\u015f\u0131mlar\u0131n\u0131z\u0131 yapaca\u011f\u0131z, mesaj vb kar\u015f\u0131lamalar\u0131 sizler ad\u0131na ger\u00e7ekle\u015ftirece\u011fiz.<br \/><br \/><\/p><div id=\"elementor-tab-title-2274\" class=\"elementor-tab-title elementor-active\" tabindex=\"0\" role=\"button\" data-tab=\"4\" aria-controls=\"elementor-tab-content-2274\" aria-expanded=\"true\" aria-selected=\"true\"><strong><a class=\"elementor-accordion-title\" tabindex=\"0\">\u00d6zel Profiller<\/a><\/strong><\/div><div id=\"elementor-tab-content-2274\" class=\"elementor-tab-content elementor-clearfix elementor-active\" role=\"region\" data-tab=\"4\" aria-labelledby=\"elementor-tab-title-2274\"><div class=\"vc_row wpb_row vc_row-fluid vc_custom_1531978204911 vc_column-gap-30\" data-vc-full-width=\"true\" data-vc-full-width-init=\"true\"><div class=\"wpb_column vc_column_container vc_col-sm-6 vc_hidden-sm vc_hidden-xs vc_col-has-fill wow fadeIn\" data-wow-delay=\"0.6s\"><div class=\"vc_column-inner vc_custom_1579591690159\"><div class=\"wpb_wrapper\"><div class=\"wpb_text_column wpb_content_element  vc_custom_1647096271603\"><div class=\"wpb_wrapper\"><p>Sekt\u00f6r\u00fcn\u00fcze ve \u015eirketinize uygun temada sayfa dizayn\u0131n\u0131 sa\u011flayaca\u011f\u0131z. Kullan\u0131c\u0131 deneyimini sosyal medya profillerinize yans\u0131taca\u011f\u0131z.<\/p><\/div><\/div><\/div><\/div><\/div><\/div><\/div><p><br \/><br \/><\/p><\/div><\/div><\/div><\/div><\/div><\/div><\/div><\/div><\/div><\/div><\/div><\/div><\/div><\/div><\/div><\/div><\/div><\/div><\/div><\/div><\/div><\/div><\/div><\/section><p><!-- \/Ticimax SEO --><\/p>\t\t\t\t\t\t\t\t<\/div>\n\t\t\t\t<\/div>\n\t\t\t\t<div class=\"elementor-element elementor-element-3828c8c8 elementor-widget elementor-widget-heading\" data-id=\"3828c8c8\" data-element_type=\"widget\" data-widget_type=\"heading.default\">\n\t\t\t\t<div class=\"elementor-widget-container\">\n\t\t\t\t\t<h6 class=\"elementor-heading-title elementor-size-default\">Warum sollten Sie sich f\u00fcr die Time SEO Agency entscheiden?<\/h6>\t\t\t\t<\/div>\n\t\t\t\t<\/div>\n\t\t\t\t<div class=\"elementor-element elementor-element-240fc9fa elementor-widget elementor-widget-pitoon-business-box\" data-id=\"240fc9fa\" data-element_type=\"widget\" data-widget_type=\"pitoon-business-box.default\">\n\t\t\t\t<div class=\"elementor-widget-container\">\n\t\t\t\t\t    <ul class=\"services-details__points list-unstyled ml-0\">\r\n                    <li>\r\n                <div class=\"icon\">\r\n                    <span aria-hidden=\"true\" class=\"icon-copy-writing\"><\/span>                <\/div>\r\n                <div class=\"text\">\r\n                    <p class=\"service-details__business-title\">S\u00fcrekli<br> Tracking-System<\/p>                <\/div>\r\n            <\/li>\r\n                    <li>\r\n                <div class=\"icon\">\r\n                    <span aria-hidden=\"true\" class=\"icon-conversion-rate\"><\/span>                <\/div>\r\n                <div class=\"text\">\r\n                    <p class=\"service-details__business-title service-details__business-title\">Sekt\u00f6r Bazl\u0131<br> Y\u00f6netim<\/p>                <\/div>\r\n            <\/li>\r\n                    <li>\r\n                <div class=\"icon\">\r\n                    <span aria-hidden=\"true\" class=\"icon-world\"><\/span>                <\/div>\r\n                <div class=\"text\">\r\n                    <p class=\"service-details__business-title service-details__business-title service-details__business-title\">Y\u00fcksek <br> D\u00f6n\u00fc\u015f\u00fcm<\/p>                <\/div>\r\n            <\/li>\r\n            <\/ul>\r\n\t\t\t\t<\/div>\n\t\t\t\t<\/div>\n\t\t\t\t<div class=\"elementor-element elementor-element-5aff2a02 elementor-widget elementor-widget-pitoon-benefit-box\" data-id=\"5aff2a02\" data-element_type=\"widget\" data-widget_type=\"pitoon-benefit-box.default\">\n\t\t\t\t<div class=\"elementor-widget-container\">\n\t\t\t\t\t    <div class=\"services-details__benefit\">\r\n        <div class=\"row\">\r\n            <div class=\"col-xl-6\">\r\n                <div class=\"services-details__benefit-img\">\r\n                    <img decoding=\"async\" src=\"https:\/\/www.timeseoagency.com.tr\/wp-content\/uploads\/2023\/05\/services-details-benefit-img.jpg\" alt=\"#image_title\" title=\"services-details-benefit-img\" >                <\/div>\r\n            <\/div>\r\n            <div class=\"col-xl-6\">\r\n                <div class=\"services-details__benefit-content\">\r\n                    <h3 class=\"services-details__benefit-title\">Avantajlar\u0131m\u0131z<\/h3><p class=\"services-details__benefit-text\">En \u0130yi \u0130deasoft SEO Ajans\u0131<\/p>                    <ul class=\"services-details__benefit-points list-unstyled ml-0\">\r\n                                                    <li>\r\n                                <div class=\"icon\">\r\n                                    <span aria-hidden=\"true\" class=\"fa fa-check\"><\/span>                                <\/div>\r\n                                <div class=\"text\">\r\n                                    <p class=\"\">Y\u00fcksek D\u00f6n\u00fc\u015f\u00fcm<\/p>                                <\/div>\r\n                            <\/li>\r\n                                                    <li>\r\n                                <div class=\"icon\">\r\n                                    <span aria-hidden=\"true\" class=\"fa fa-check\"><\/span>                                <\/div>\r\n                                <div class=\"text\">\r\n                                    <p class=\"\">Sekt\u00f6r Bazl\u0131 \u00c7al\u0131\u015fma<\/p>                                <\/div>\r\n                            <\/li>\r\n                                                    <li>\r\n                                <div class=\"icon\">\r\n                                    <span aria-hidden=\"true\" class=\"fa fa-check\"><\/span>                                <\/div>\r\n                                <div class=\"text\">\r\n                                    <p class=\"\">Y\u00fcksek Marka Bilinirli\u011fi<\/p>                                <\/div>\r\n                            <\/li>\r\n                                                    <li>\r\n                                <div class=\"icon\">\r\n                                    <span aria-hidden=\"true\" class=\"fa fa-check\"><\/span>                                <\/div>\r\n                                <div class=\"text\">\r\n                                    <p class=\"\">D\u00fczenli Raporlama<\/p>                                <\/div>\r\n                            <\/li>\r\n                                            <\/ul>\r\n                <\/div>\r\n            <\/div>\r\n        <\/div>\r\n    <\/div>\r\n\t\t\t\t<\/div>\n\t\t\t\t<\/div>\n\t\t\t\t<div class=\"elementor-element elementor-element-4dd4960 elementor-widget elementor-widget-pitoon-importance\" data-id=\"4dd4960\" data-element_type=\"widget\" data-widget_type=\"pitoon-importance.default\">\n\t\t\t\t<div class=\"elementor-widget-container\">\n\t\t\t\t\t    <div class=\"services-details__importance\">\r\n        <div class=\"services-details__importance-shape-1\">\r\n            <img decoding=\"async\" src=\"https:\/\/www.timeseoagency.com.tr\/wp-content\/uploads\/2025\/10\/services-details-importance-shape-1.png\" alt=\"#image_title\" title=\"services-details-importance-shape-1png\" >        <\/div>\r\n        <div class=\"services-details__importance-img\">\r\n            <img decoding=\"async\" src=\"https:\/\/www.timeseoagency.com.tr\/wp-content\/uploads\/2025\/10\/services-details-importance-img.png\" alt=\"#image_title\" title=\"services-details-importance-imgpng\" >        <\/div>\r\n        <div class=\"services-details__importance-title-box\">\r\n            <h3 class=\"services-details__importance-title\">Size \u00d6zel \u00c7\u00f6z\u00fcmler \u0130\u00e7in <br> Wir erwarten Sie.<\/h3>                            <div class=\"services-details__importance-btn-box\">\r\n                    <a class=\"services-details__importance-btn\" href=\"tel:+902626061238\"  >B\u0130ZE ULA\u015eIN<\/a>                <\/div>\r\n            \r\n        <\/div>\r\n    <\/div>\r\n\t\t\t\t<\/div>\n\t\t\t\t<\/div>\n\t\t\t\t\t<\/div>\n\t\t<\/div>\n\t\t\t\t\t<\/div>\n\t\t<\/section>\n\t\t\t\t<\/div>","protected":false},"excerpt":{"rendered":"<p>T\u00fcm Hizmetler SEO Ajans\u0131 Google Ads Ajans\u0131 Web Tasar\u0131m Ajans\u0131 \u0130lk Sayfa Garantili SEO \u0130deasoft SEO SEO &#038; Content Writing Dijital Pazarlama \u00c7\u00f6z\u00fcmleri mi Ar\u0131yorsunuz? \u0130LET\u0130\u015e\u0130M Tan\u0131t\u0131m Dosya\u0131m\u0131z 2.5 MB Sosyal Medya Sayfa ve Reklam Y\u00f6netimi Sosyal Medya Ajans\u0131 ile Markan\u0131z\u0131 B\u00fcy\u00fct\u00fcn ! \u00a0 Facebook (Meta), Instagram,Twitter,Tiktok ve Linkedn platformlar\u0131nda kurumsal kimli\u011finizi ve sayfalar\u0131n\u0131z\u0131 olu\u015fturuyoruz. [&hellip;]<\/p>\n","protected":false},"author":1,"featured_media":0,"parent":0,"menu_order":0,"comment_status":"closed","ping_status":"closed","template":"elementor_header_footer","meta":{"footnotes":""},"class_list":["post-9209","page","type-page","status-publish","hentry"],"aioseo_notices":[],"_hostinger_reach_plugin_has_subscription_block":false,"_hostinger_reach_plugin_is_elementor":false,"_links":{"self":[{"href":"https:\/\/www.timeseoagency.com.tr\/de\/wp-json\/wp\/v2\/pages\/9209","targetHints":{"allow":["GET"]}}],"collection":[{"href":"https:\/\/www.timeseoagency.com.tr\/de\/wp-json\/wp\/v2\/pages"}],"about":[{"href":"https:\/\/www.timeseoagency.com.tr\/de\/wp-json\/wp\/v2\/types\/page"}],"author":[{"embeddable":true,"href":"https:\/\/www.timeseoagency.com.tr\/de\/wp-json\/wp\/v2\/users\/1"}],"replies":[{"embeddable":true,"href":"https:\/\/www.timeseoagency.com.tr\/de\/wp-json\/wp\/v2\/comments?post=9209"}],"version-history":[{"count":4,"href":"https:\/\/www.timeseoagency.com.tr\/de\/wp-json\/wp\/v2\/pages\/9209\/revisions"}],"predecessor-version":[{"id":9213,"href":"https:\/\/www.timeseoagency.com.tr\/de\/wp-json\/wp\/v2\/pages\/9209\/revisions\/9213"}],"wp:attachment":[{"href":"https:\/\/www.timeseoagency.com.tr\/de\/wp-json\/wp\/v2\/media?parent=9209"}],"curies":[{"name":"wp","href":"https:\/\/api.w.org\/{rel}","templated":true}]}}