{"id":6976,"date":"2021-12-17T08:03:02","date_gmt":"2021-12-17T08:03:02","guid":{"rendered":"https:\/\/www.hamelawp.demothemesflat.com\/?page_id=6976"},"modified":"2025-10-16T16:17:29","modified_gmt":"2025-10-16T13:17:29","slug":"haufig-gestellte-fragen","status":"publish","type":"page","link":"https:\/\/www.timeseoagency.com.tr\/de\/haufig-gestellte-fragen\/","title":{"rendered":"H\u00e4ufig gestellte Fragen"},"content":{"rendered":"\t\t<div data-elementor-type=\"wp-page\" data-elementor-id=\"6976\" class=\"elementor elementor-6976\">\n\t\t\t\t\t\t<section class=\"elementor-section elementor-top-section elementor-element elementor-element-141e169 elementor-section-boxed elementor-section-height-default elementor-section-height-default\" data-id=\"141e169\" data-element_type=\"section\" data-settings=\"{&quot;background_background&quot;:&quot;classic&quot;}\">\n\t\t\t\t\t\t<div class=\"elementor-container elementor-column-gap-no\">\n\t\t\t\t\t<div class=\"elementor-column elementor-col-100 elementor-top-column elementor-element elementor-element-4383d5f\" data-id=\"4383d5f\" data-element_type=\"column\">\n\t\t\t<div class=\"elementor-widget-wrap elementor-element-populated\">\n\t\t\t\t\t\t<section class=\"elementor-section elementor-inner-section elementor-element elementor-element-3db254d elementor-section-full_width elementor-section-height-default elementor-section-height-default\" data-id=\"3db254d\" data-element_type=\"section\">\n\t\t\t\t\t\t<div class=\"elementor-container elementor-column-gap-extended\">\n\t\t\t\t\t<div class=\"elementor-column elementor-col-100 elementor-inner-column elementor-element elementor-element-e97c1f2\" data-id=\"e97c1f2\" data-element_type=\"column\">\n\t\t\t<div class=\"elementor-widget-wrap elementor-element-populated\">\n\t\t\t\t\t\t<div class=\"elementor-element elementor-element-f5b1d12 elementor-widget elementor-widget-html\" data-id=\"f5b1d12\" data-element_type=\"widget\" data-widget_type=\"html.default\">\n\t\t\t\t<div class=\"elementor-widget-container\">\n\t\t\t\t\t<script type=\"application\/ld+json\">\r\n{\r\n  \"@context\": \"https:\/\/schema.org\",\r\n  \"@type\": \"FAQPage\",\r\n  \"mainEntity\": [\r\n    {\r\n      \"@type\": \"Question\",\r\n      \"name\": \"\u0130lk Sayfa Garantili SEO Nedir?\",\r\n      \"acceptedAnswer\": {\r\n        \"@type\": \"Answer\",\r\n        \"text\": \"Time SEO Ajans\u0131 taraf\u0131ndan verilen \u0130lk Sayfa Garantisi, s\u00f6zle\u015fme ile m\u00fc\u015fterilerimize taahh\u00fct olarak sunulmaktad\u0131r. Analizler sonucunda belirlenen s\u00fcre i\u00e7erisinde sitenizi ilk sayfaya ta\u015f\u0131maktay\u0131z.\"\r\n      }\r\n    },\r\n    {\r\n      \"@type\": \"Question\",\r\n      \"name\": \"Ba\u015far\u0131 Garantili SEO Nedir?\",\r\n      \"acceptedAnswer\": {\r\n        \"@type\": \"Answer\",\r\n        \"text\": \"SEO \u00e7al\u0131\u015fmas\u0131na ba\u015flamadan \u00f6nce, s\u00f6zle\u015fme \u00f6ncesi siteniz, sekt\u00f6r\u00fcn\u00fcz ve rakipleriniz kapsaml\u0131 olarak taran\u0131r. \u00c7\u0131kan analizlere g\u00f6re detayl\u0131 bir yol haritas\u0131 belirlenerek s\u00fcre tahmini yap\u0131l\u0131r. Bu kapsamda \u00e7al\u0131\u015fma ba\u015flat\u0131l\u0131r ve hedefe ula\u015f\u0131l\u0131r.\"\r\n      }\r\n    }\r\n  ]\r\n}\r\n<\/script>\r\n\t\t\t\t<\/div>\n\t\t\t\t<\/div>\n\t\t\t\t\t<\/div>\n\t\t<\/div>\n\t\t\t\t\t<\/div>\n\t\t<\/section>\n\t\t\t\t<section class=\"elementor-section elementor-inner-section elementor-element elementor-element-4f305c3 elementor-section-full_width elementor-section-height-default elementor-section-height-default\" data-id=\"4f305c3\" data-element_type=\"section\">\n\t\t\t\t\t\t<div class=\"elementor-container elementor-column-gap-extended\">\n\t\t\t\t\t<div class=\"elementor-column elementor-col-50 elementor-inner-column elementor-element elementor-element-5f5d735\" data-id=\"5f5d735\" data-element_type=\"column\">\n\t\t\t<div class=\"elementor-widget-wrap elementor-element-populated\">\n\t\t\t\t\t\t<div class=\"elementor-element elementor-element-8f2ad23 hamela-accordion elementor-widget elementor-widget-accordion\" data-id=\"8f2ad23\" data-element_type=\"widget\" data-widget_type=\"accordion.default\">\n\t\t\t\t<div class=\"elementor-widget-container\">\n\t\t\t\t\t\t\t<div class=\"elementor-accordion\">\n\t\t\t\t\t\t\t<div class=\"elementor-accordion-item\">\n\t\t\t\t\t<div id=\"elementor-tab-title-1501\" class=\"elementor-tab-title\" data-tab=\"1\" role=\"button\" aria-controls=\"elementor-tab-content-1501\" aria-expanded=\"false\">\n\t\t\t\t\t\t\t\t\t\t\t\t\t<span class=\"elementor-accordion-icon elementor-accordion-icon-right\" aria-hidden=\"true\">\n\t\t\t\t\t\t\t\t\t\t\t\t\t\t\t<span class=\"elementor-accordion-icon-closed\"><i class=\"hameladigital-icon- hamela-digital-icon-right-2\"><\/i><\/span>\n\t\t\t\t\t\t\t\t<span class=\"elementor-accordion-icon-opened\"><i class=\"hameladigital-icon- hamela-digital-icon-down-chevron\"><\/i><\/span>\n\t\t\t\t\t\t\t\t\t\t\t\t\t\t<\/span>\n\t\t\t\t\t\t\t\t\t\t\t\t<a class=\"elementor-accordion-title\" tabindex=\"0\">Ba\u015far\u0131 Garantili SEO Nedir ?<\/a>\n\t\t\t\t\t<\/div>\n\t\t\t\t\t<div id=\"elementor-tab-content-1501\" class=\"elementor-tab-content elementor-clearfix\" data-tab=\"1\" role=\"region\" aria-labelledby=\"elementor-tab-title-1501\"><p>SEO \u00c7al\u0131\u015fmas\u0131na ba\u015flamadan \u00f6nce, daha do\u011frusu s\u00f6zle\u015fme \u00f6ncesi siteniz,sektr\u00f6r\u00fcn\u00fcz ve rakipleriniz kapsaml\u0131 taran\u0131r.\u00c7\u0131kan analizler kapsam\u0131nda detayl\u0131\u00a0 yol haritas\u0131 \u00e7\u0131kart\u0131larak s\u00fcre belirlenir. Bu kapsamda \u00e7al\u0131\u015fma ba\u015flat\u0131l\u0131r ve hedefe ula\u015f\u0131l\u0131r.<\/p><\/div>\n\t\t\t\t<\/div>\n\t\t\t\t\t\t\t<div class=\"elementor-accordion-item\">\n\t\t\t\t\t<div id=\"elementor-tab-title-1502\" class=\"elementor-tab-title\" data-tab=\"2\" role=\"button\" aria-controls=\"elementor-tab-content-1502\" aria-expanded=\"false\">\n\t\t\t\t\t\t\t\t\t\t\t\t\t<span class=\"elementor-accordion-icon elementor-accordion-icon-right\" aria-hidden=\"true\">\n\t\t\t\t\t\t\t\t\t\t\t\t\t\t\t<span class=\"elementor-accordion-icon-closed\"><i class=\"hameladigital-icon- hamela-digital-icon-right-2\"><\/i><\/span>\n\t\t\t\t\t\t\t\t<span class=\"elementor-accordion-icon-opened\"><i class=\"hameladigital-icon- hamela-digital-icon-down-chevron\"><\/i><\/span>\n\t\t\t\t\t\t\t\t\t\t\t\t\t\t<\/span>\n\t\t\t\t\t\t\t\t\t\t\t\t<a class=\"elementor-accordion-title\" tabindex=\"0\">\u0130lk Sayfa Garantili SEO Nedir ?<\/a>\n\t\t\t\t\t<\/div>\n\t\t\t\t\t<div id=\"elementor-tab-content-1502\" class=\"elementor-tab-content elementor-clearfix\" data-tab=\"2\" role=\"region\" aria-labelledby=\"elementor-tab-title-1502\"><p>Time SEO Ajans\u0131 taraf\u0131ndan verilen \u0130lk Sayfa Garantisi s\u00f6zle\u015fme ile m\u00fc\u015fterilerimize taahh\u00fct olarak sunulmaktad\u0131r. Analizler neticesinde verilen s\u00fcre\u00e7 i\u00e7erisinde sitenizi \u0130lk Sayfaya ta\u015f\u0131maktay\u0131z.<\/p><\/div>\n\t\t\t\t<\/div>\n\t\t\t\t\t\t\t<div class=\"elementor-accordion-item\">\n\t\t\t\t\t<div id=\"elementor-tab-title-1503\" class=\"elementor-tab-title\" data-tab=\"3\" role=\"button\" aria-controls=\"elementor-tab-content-1503\" aria-expanded=\"false\">\n\t\t\t\t\t\t\t\t\t\t\t\t\t<span class=\"elementor-accordion-icon elementor-accordion-icon-right\" aria-hidden=\"true\">\n\t\t\t\t\t\t\t\t\t\t\t\t\t\t\t<span class=\"elementor-accordion-icon-closed\"><i class=\"hameladigital-icon- hamela-digital-icon-right-2\"><\/i><\/span>\n\t\t\t\t\t\t\t\t<span class=\"elementor-accordion-icon-opened\"><i class=\"hameladigital-icon- hamela-digital-icon-down-chevron\"><\/i><\/span>\n\t\t\t\t\t\t\t\t\t\t\t\t\t\t<\/span>\n\t\t\t\t\t\t\t\t\t\t\t\t<a class=\"elementor-accordion-title\" tabindex=\"0\">SEO \u00c7al\u0131\u015fmas\u0131nda Tema Hatalar\u0131 ve Yaz\u0131l\u0131m Hatalar\u0131 D\u00fczenleniyor mu ?<\/a>\n\t\t\t\t\t<\/div>\n\t\t\t\t\t<div id=\"elementor-tab-content-1503\" class=\"elementor-tab-content elementor-clearfix\" data-tab=\"3\" role=\"region\" aria-labelledby=\"elementor-tab-title-1503\"><p>SEO \u00e7al\u0131\u015fmas\u0131 Puzzle mant\u0131\u011f\u0131 ta\u015f\u0131maktad\u0131r. \u00c7al\u0131\u015fmay\u0131 etkileyen t\u00fcm yaz\u0131l\u0131msal hatalar ( yetki dahilinde ) taraf\u0131m\u0131zca d\u00fczenlenmektedir.<\/p><\/div>\n\t\t\t\t<\/div>\n\t\t\t\t\t\t\t<div class=\"elementor-accordion-item\">\n\t\t\t\t\t<div id=\"elementor-tab-title-1504\" class=\"elementor-tab-title\" data-tab=\"4\" role=\"button\" aria-controls=\"elementor-tab-content-1504\" aria-expanded=\"false\">\n\t\t\t\t\t\t\t\t\t\t\t\t\t<span class=\"elementor-accordion-icon elementor-accordion-icon-right\" aria-hidden=\"true\">\n\t\t\t\t\t\t\t\t\t\t\t\t\t\t\t<span class=\"elementor-accordion-icon-closed\"><i class=\"hameladigital-icon- hamela-digital-icon-right-2\"><\/i><\/span>\n\t\t\t\t\t\t\t\t<span class=\"elementor-accordion-icon-opened\"><i class=\"hameladigital-icon- hamela-digital-icon-down-chevron\"><\/i><\/span>\n\t\t\t\t\t\t\t\t\t\t\t\t\t\t<\/span>\n\t\t\t\t\t\t\t\t\t\t\t\t<a class=\"elementor-accordion-title\" tabindex=\"0\">S\u00f6zle\u015fmelerinizde Taahh\u00fct var m\u0131d\u0131r ?<\/a>\n\t\t\t\t\t<\/div>\n\t\t\t\t\t<div id=\"elementor-tab-content-1504\" class=\"elementor-tab-content elementor-clearfix\" data-tab=\"4\" role=\"region\" aria-labelledby=\"elementor-tab-title-1504\"><p>Time SEO Ajans\u0131 olarak, hi\u00e7 kimsenin zorunlu olarak \u00e7al\u0131\u015fmaya devam etmesini istememekteyiz. S\u00f6zle\u015fmelerimizde m\u00fc\u015fterilerimizden al\u0131nan herhangi bir taahh\u00fct bulunmamaktad\u0131r. Fatura d\u00f6nemlerinde kar\u015f\u0131l\u0131kl\u0131 mutab\u0131k kal\u0131narak \u00e7al\u0131\u015fmalar s\u00fcrd\u00fcr\u00fclmektedir.<\/p><\/div>\n\t\t\t\t<\/div>\n\t\t\t\t\t\t\t\t<\/div>\n\t\t\t\t\t\t<\/div>\n\t\t\t\t<\/div>\n\t\t\t\t\t<\/div>\n\t\t<\/div>\n\t\t\t\t<div class=\"elementor-column elementor-col-50 elementor-inner-column elementor-element elementor-element-1c447da\" data-id=\"1c447da\" data-element_type=\"column\">\n\t\t\t<div class=\"elementor-widget-wrap elementor-element-populated\">\n\t\t\t\t\t\t<div class=\"elementor-element elementor-element-d58cfc8 hamela-accordion elementor-widget elementor-widget-accordion\" data-id=\"d58cfc8\" data-element_type=\"widget\" data-widget_type=\"accordion.default\">\n\t\t\t\t<div class=\"elementor-widget-container\">\n\t\t\t\t\t\t\t<div class=\"elementor-accordion\">\n\t\t\t\t\t\t\t<div class=\"elementor-accordion-item\">\n\t\t\t\t\t<div id=\"elementor-tab-title-2231\" class=\"elementor-tab-title\" data-tab=\"1\" role=\"button\" aria-controls=\"elementor-tab-content-2231\" aria-expanded=\"false\">\n\t\t\t\t\t\t\t\t\t\t\t\t\t<span class=\"elementor-accordion-icon elementor-accordion-icon-right\" aria-hidden=\"true\">\n\t\t\t\t\t\t\t\t\t\t\t\t\t\t\t<span class=\"elementor-accordion-icon-closed\"><i class=\"hameladigital-icon- hamela-digital-icon-right-2\"><\/i><\/span>\n\t\t\t\t\t\t\t\t<span class=\"elementor-accordion-icon-opened\"><i class=\"hameladigital-icon- hamela-digital-icon-down-chevron\"><\/i><\/span>\n\t\t\t\t\t\t\t\t\t\t\t\t\t\t<\/span>\n\t\t\t\t\t\t\t\t\t\t\t\t<a class=\"elementor-accordion-title\" tabindex=\"0\">Ofisleriniz nerede ve ka\u00e7 ki\u015filik ekipsiniz ?<\/a>\n\t\t\t\t\t<\/div>\n\t\t\t\t\t<div id=\"elementor-tab-content-2231\" class=\"elementor-tab-content elementor-clearfix\" data-tab=\"1\" role=\"region\" aria-labelledby=\"elementor-tab-title-2231\"><p>Time SEO Ajans\u0131, Time Group b\u00fcnyesinde olan bir markad\u0131r. Karada\u011f ve T\u00fcrkiye&#8217;de toplamda 3 ofisimiz bulunmaktad\u0131r. T\u00fcrkiye ofisimiz \u0130zmit Kocaeli&#8217;nde yer almaktad\u0131r. Karada\u011f ofislerimiz Ulcinj ve Podgorica da yer almaktad\u0131r. 5 SEO Uzman\u0131m\u0131z, 3 Google Ads uzman\u0131m\u0131z, 3 Sosyal Medya uzman\u0131m\u0131z, 2 Web Yaz\u0131l\u0131mc\u0131m\u0131z,2 grafikerimiz,1 Senior yaz\u0131l\u0131mc\u0131m\u0131z ve 2 Junior Yaz\u0131l\u0131mc\u0131m\u0131zla birlikte 18 ki\u015filik Teknik Ekibimiz vard\u0131r.\u00a0<\/p><\/div>\n\t\t\t\t<\/div>\n\t\t\t\t\t\t\t<div class=\"elementor-accordion-item\">\n\t\t\t\t\t<div id=\"elementor-tab-title-2232\" class=\"elementor-tab-title\" data-tab=\"2\" role=\"button\" aria-controls=\"elementor-tab-content-2232\" aria-expanded=\"false\">\n\t\t\t\t\t\t\t\t\t\t\t\t\t<span class=\"elementor-accordion-icon elementor-accordion-icon-right\" aria-hidden=\"true\">\n\t\t\t\t\t\t\t\t\t\t\t\t\t\t\t<span class=\"elementor-accordion-icon-closed\"><i class=\"hameladigital-icon- hamela-digital-icon-right-2\"><\/i><\/span>\n\t\t\t\t\t\t\t\t<span class=\"elementor-accordion-icon-opened\"><i class=\"hameladigital-icon- hamela-digital-icon-down-chevron\"><\/i><\/span>\n\t\t\t\t\t\t\t\t\t\t\t\t\t\t<\/span>\n\t\t\t\t\t\t\t\t\t\t\t\t<a class=\"elementor-accordion-title\" tabindex=\"0\">Raporlamalar\u0131 hangi s\u0131kl\u0131kla ger\u00e7ekle\u015ftiriyorsunuz ?<\/a>\n\t\t\t\t\t<\/div>\n\t\t\t\t\t<div id=\"elementor-tab-content-2232\" class=\"elementor-tab-content elementor-clearfix\" data-tab=\"2\" role=\"region\" aria-labelledby=\"elementor-tab-title-2232\"><p>\u00c7al\u0131\u015fma raporlar\u0131m\u0131z SEO i\u00e7in her ay\u0131n 15&#8217;i ve 30&#8217;unda m\u00fc\u015fterilerimize sundu\u011fumuz CRM paneli \u00fczerinden kapsaml\u0131 olarak iletilmektedir. Sosyal medya ve Google Ads i\u00e7in ise her pazartesi g\u00fcn\u00fc iletilmektedir.<\/p><\/div>\n\t\t\t\t<\/div>\n\t\t\t\t\t\t\t<div class=\"elementor-accordion-item\">\n\t\t\t\t\t<div id=\"elementor-tab-title-2233\" class=\"elementor-tab-title\" data-tab=\"3\" role=\"button\" aria-controls=\"elementor-tab-content-2233\" aria-expanded=\"false\">\n\t\t\t\t\t\t\t\t\t\t\t\t\t<span class=\"elementor-accordion-icon elementor-accordion-icon-right\" aria-hidden=\"true\">\n\t\t\t\t\t\t\t\t\t\t\t\t\t\t\t<span class=\"elementor-accordion-icon-closed\"><i class=\"hameladigital-icon- hamela-digital-icon-right-2\"><\/i><\/span>\n\t\t\t\t\t\t\t\t<span class=\"elementor-accordion-icon-opened\"><i class=\"hameladigital-icon- hamela-digital-icon-down-chevron\"><\/i><\/span>\n\t\t\t\t\t\t\t\t\t\t\t\t\t\t<\/span>\n\t\t\t\t\t\t\t\t\t\t\t\t<a class=\"elementor-accordion-title\" tabindex=\"0\">Teknik Destek Sunuyor musunuz ?<\/a>\n\t\t\t\t\t<\/div>\n\t\t\t\t\t<div id=\"elementor-tab-content-2233\" class=\"elementor-tab-content elementor-clearfix\" data-tab=\"3\" role=\"region\" aria-labelledby=\"elementor-tab-title-2233\"><p>Ajans olarak teknik destek hizmetimiz mevcuttur. M\u00fc\u015fterilerimize ait CRM panelleri \u00fczerinden teknik destek talebinde bulunabilirler veya ilgili dan\u0131\u015fmanlar\u0131na do\u011frudan ula\u015farak taleplerini iletebilirler.<\/p><\/div>\n\t\t\t\t<\/div>\n\t\t\t\t\t\t\t<div class=\"elementor-accordion-item\">\n\t\t\t\t\t<div id=\"elementor-tab-title-2234\" class=\"elementor-tab-title\" data-tab=\"4\" role=\"button\" aria-controls=\"elementor-tab-content-2234\" aria-expanded=\"false\">\n\t\t\t\t\t\t\t\t\t\t\t\t\t<span class=\"elementor-accordion-icon elementor-accordion-icon-right\" aria-hidden=\"true\">\n\t\t\t\t\t\t\t\t\t\t\t\t\t\t\t<span class=\"elementor-accordion-icon-closed\"><i class=\"hameladigital-icon- hamela-digital-icon-right-2\"><\/i><\/span>\n\t\t\t\t\t\t\t\t<span class=\"elementor-accordion-icon-opened\"><i class=\"hameladigital-icon- hamela-digital-icon-down-chevron\"><\/i><\/span>\n\t\t\t\t\t\t\t\t\t\t\t\t\t\t<\/span>\n\t\t\t\t\t\t\t\t\t\t\t\t<a class=\"elementor-accordion-title\" tabindex=\"0\">Anla\u015fma \u00f6ncesi s\u00f6zle\u015fme maddelerini g\u00f6rebilir miyim ?<\/a>\n\t\t\t\t\t<\/div>\n\t\t\t\t\t<div id=\"elementor-tab-content-2234\" class=\"elementor-tab-content elementor-clearfix\" data-tab=\"4\" role=\"region\" aria-labelledby=\"elementor-tab-title-2234\"><p>Time SEO Ajans\u0131 olarak \u015feffafl\u0131k mottosu \u00e7er\u00e7evesinde sitemizde s\u00f6zle\u015fme \u00f6rne\u011fimizi yay\u0131mlamaktay\u0131z. S\u00f6zle\u015fme \u00f6rne\u011fimizi sitemiz \u00fczerinden inceleyebilirsiniz.<\/p><\/div>\n\t\t\t\t<\/div>\n\t\t\t\t\t\t\t\t<\/div>\n\t\t\t\t\t\t<\/div>\n\t\t\t\t<\/div>\n\t\t\t\t\t<\/div>\n\t\t<\/div>\n\t\t\t\t\t<\/div>\n\t\t<\/section>\n\t\t\t\t\t<\/div>\n\t\t<\/div>\n\t\t\t\t\t<\/div>\n\t\t<\/section>\n\t\t\t\t<\/div>\n\t\t","protected":false},"excerpt":{"rendered":"<p>Ba\u015far\u0131 Garantili SEO Nedir ? SEO \u00c7al\u0131\u015fmas\u0131na ba\u015flamadan \u00f6nce, daha do\u011frusu s\u00f6zle\u015fme \u00f6ncesi siteniz,sektr\u00f6r\u00fcn\u00fcz ve rakipleriniz kapsaml\u0131 taran\u0131r.\u00c7\u0131kan analizler kapsam\u0131nda detayl\u0131\u00a0 yol haritas\u0131 \u00e7\u0131kart\u0131larak s\u00fcre belirlenir. Bu kapsamda \u00e7al\u0131\u015fma ba\u015flat\u0131l\u0131r ve hedefe ula\u015f\u0131l\u0131r. \u0130lk Sayfa Garantili SEO Nedir ? Time SEO Ajans\u0131 taraf\u0131ndan verilen \u0130lk Sayfa Garantisi s\u00f6zle\u015fme ile m\u00fc\u015fterilerimize taahh\u00fct olarak sunulmaktad\u0131r. Analizler neticesinde [&hellip;]<\/p>\n","protected":false},"author":1,"featured_media":0,"parent":0,"menu_order":0,"comment_status":"closed","ping_status":"closed","template":"elementor_header_footer","meta":{"footnotes":""},"class_list":["post-6976","page","type-page","status-publish","hentry"],"aioseo_notices":[],"_hostinger_reach_plugin_has_subscription_block":false,"_hostinger_reach_plugin_is_elementor":false,"_links":{"self":[{"href":"https:\/\/www.timeseoagency.com.tr\/de\/wp-json\/wp\/v2\/pages\/6976","targetHints":{"allow":["GET"]}}],"collection":[{"href":"https:\/\/www.timeseoagency.com.tr\/de\/wp-json\/wp\/v2\/pages"}],"about":[{"href":"https:\/\/www.timeseoagency.com.tr\/de\/wp-json\/wp\/v2\/types\/page"}],"author":[{"embeddable":true,"href":"https:\/\/www.timeseoagency.com.tr\/de\/wp-json\/wp\/v2\/users\/1"}],"replies":[{"embeddable":true,"href":"https:\/\/www.timeseoagency.com.tr\/de\/wp-json\/wp\/v2\/comments?post=6976"}],"version-history":[{"count":10,"href":"https:\/\/www.timeseoagency.com.tr\/de\/wp-json\/wp\/v2\/pages\/6976\/revisions"}],"predecessor-version":[{"id":9159,"href":"https:\/\/www.timeseoagency.com.tr\/de\/wp-json\/wp\/v2\/pages\/6976\/revisions\/9159"}],"wp:attachment":[{"href":"https:\/\/www.timeseoagency.com.tr\/de\/wp-json\/wp\/v2\/media?parent=6976"}],"curies":[{"name":"wp","href":"https:\/\/api.w.org\/{rel}","templated":true}]}}