{"id":7913,"date":"2023-03-03T16:14:52","date_gmt":"2023-03-03T13:14:52","guid":{"rendered":"https:\/\/www.time.webdesignshop.me\/?page_id=7913"},"modified":"2025-10-16T17:47:22","modified_gmt":"2025-10-16T14:47:22","slug":"kvkk","status":"publish","type":"page","link":"http:\/\/www.timeseoagency.com.tr\/de\/kvkk\/","title":{"rendered":"KVKK \u201cG\u0130ZL\u0130L\u0130K B\u0130LD\u0130RGES\u0130\u201d"},"content":{"rendered":"<!-- Time SEO Agency - Gizlilik Politikas\u0131 (Beyaz Arka Plan) -->\n<section class=\"privacy-section\">\n  <style>\n    .privacy-section{\n      font-family:\"Inter\",system-ui,-apple-system,\"Segoe UI\",Roboto,Arial,sans-serif;\n      background:#ffffff;\n      color:#0f172a;\n      padding:clamp(40px,5vw,80px) clamp(20px,4vw,60px);\n      line-height:1.7;\n    }\n    .privacy-container{\n      max-width:900px;\n      margin:0 auto;\n      background:#fff;\n    }\n    .privacy-container h1{\n      font-size:clamp(1.8rem,1.4rem + 1vw,2.2rem);\n      font-weight:800;\n      text-align:center;\n      margin-bottom:1.2em;\n      color:#0f172a;\n    }\n    .privacy-container p{\n      margin-bottom:1.2em;\n      color:#334155;\n      font-size:1rem;\n    }\n    .privacy-container strong{\n      color:#000;\n    }\n    .privacy-contact{\n      background:#f8fafc;\n      border:1px solid #e2e8f0;\n      border-radius:10px;\n      padding:20px 25px;\n      margin-top:30px;\n    }\n    .privacy-contact p{\n      margin:6px 0;\n      color:#1e293b;\n    }\n    a{color:#7c3aed;text-decoration:none;}\n    a:hover{text-decoration:underline;}\n  <\/style>\n\n  <div class=\"privacy-container\">\n    <h1>Gizlilik Politikas\u0131<\/h1>\n\n    <p>\n      <strong>Time SEO Agency<\/strong>, m\u00fc\u015fterilerine daha iyi hizmet verebilmek amac\u0131yla baz\u0131 ki\u015fisel bilgilerinizi (isim, ya\u015f, ilgi alanlar\u0131n\u0131z, e-posta vb.) sizlerden talep etmektedir.\n      <strong>Time SEO Agency<\/strong> bilgisayarlar\u0131nda toplanan bu bilgiler, d\u00f6nemsel kampanya \u00e7al\u0131\u015fmalar\u0131, m\u00fc\u015fteri profillerine y\u00f6nelik \u00f6zel promosyon faaliyetlerinin kurgulanmas\u0131, arada d\u00f6nemsel olarak e-posta g\u00f6nderilmesi ve istenmeyen e-postalar\u0131n iletilmemesine y\u00f6nelik m\u00fc\u015fteri \u201cs\u0131n\u0131fland\u0131rma\u201d \u00e7al\u0131\u015fmalar\u0131nda sadece <strong>Time SEO Agency<\/strong> b\u00fcnyesinde kullan\u0131lmaktad\u0131r.\n    <\/p>\n\n    <p>\n      <strong>Time SEO Agency<\/strong>, \u00fcyelik formlar\u0131ndan toplad\u0131\u011f\u0131 bilgileri, s\u00f6z konusu \u00fcyenin haberi ya da aksi bir talimat\u0131 olmaks\u0131z\u0131n, \u00fc\u00e7\u00fcnc\u00fc \u015fah\u0131slarla kesinlikle payla\u015fmamakta, faaliyet d\u0131\u015f\u0131 hi\u00e7bir nedenle ticari ama\u00e7la kullanmamakta, satmamakta ve if\u015fa etmemektedir.\n    <\/p>\n\n    <p>\n      <strong>Time SEO Agency<\/strong>, e-posta adresleri ve \u00fcyelik formlar\u0131nda istedi\u011fi ki\u015fisel bilgilerin haricinde site kullan\u0131m\u0131 s\u0131ras\u0131nda izledi\u011fi, ziyaret\u00e7i hareket ve tercihlerini analiz ederek yorumlamaktad\u0131r.\n      Ki\u015fisel bilgiler i\u00e7ermeyen bu istatistiksel veriler, <strong>Time SEO Agency<\/strong> m\u00fc\u015fterilerine daha \u00f6zel ve etkin bir hizmet deneyimi ya\u015fatmak amac\u0131yla i\u015f ortaklar\u0131 ile payla\u015f\u0131labilmektedir.\n    <\/p>\n\n    <p>\n      M\u00fc\u015fteri bilgileri, ancak resmi makamlarca usul\u00fc dairesinde bu bilgilerin talep edilmesi halinde ve y\u00fcr\u00fcrl\u00fckteki emredici mevzuat h\u00fck\u00fcmleri gere\u011fince resmi makamlara a\u00e7\u0131klama yapmak zorunda oldu\u011fu durumlarda resmi makamlara a\u00e7\u0131klanabilecektir.\n    <\/p>\n\n    <p>\n      M\u00fc\u015fterinin sisteme girdi\u011fi t\u00fcm bilgilere sadece M\u00fc\u015fteri ula\u015fabilmekte ve bu bilgileri sadece M\u00fc\u015fteri de\u011fi\u015ftirebilmektedir. Bir ba\u015fkas\u0131n\u0131n bu bilgilere ula\u015fmas\u0131 ve bunlar\u0131 de\u011fi\u015ftirmesi m\u00fcmk\u00fcn de\u011fildir.\n    <\/p>\n\n    <p>\n      Herhangi bir zamanda SMS ve Mail \u00e7al\u0131\u015fmalar\u0131 sisteminden \u00e7\u0131kmak isterseniz l\u00fctfen bize mail atarak bilgilendiriniz.\n      G\u00f6nderdi\u011fimiz emaillerin alt k\u0131sm\u0131nda bulunan <em>\u201cE-b\u00fclten listemizden \u00e7\u0131kmak i\u00e7in l\u00fctfen t\u0131klay\u0131n\u0131z\u201d<\/em> linkine t\u0131klayarak e-b\u00fclten \u00fcyeli\u011finden tek t\u0131kla kolayca \u00e7\u0131kabilirsiniz.\n    <\/p>\n\n    <p>\n      \u00d6deme sayfas\u0131nda istenen kredi kart\u0131 bilgileriniz, siteden al\u0131\u015fveri\u015f yapan siz de\u011ferli m\u00fc\u015fterilerimizin g\u00fcvenli\u011fini en \u00fcst seviyede tutmak amac\u0131yla hi\u00e7bir \u015fekilde <strong>Time SEO Agency<\/strong> veya ona hizmet veren \u015firketlerin sunucular\u0131nda tutulmamaktad\u0131r.\n      Bu \u015fekilde \u00f6demeye y\u00f6nelik t\u00fcm i\u015flemlerin <strong>Time SEO Agency<\/strong> ara y\u00fcz\u00fc \u00fczerinden banka ve bilgisayar\u0131n\u0131z aras\u0131nda ger\u00e7ekle\u015fmesi sa\u011flanmaktad\u0131r.\n    <\/p>\n\n    <div class=\"privacy-contact\">\n      <p><strong>Her t\u00fcrl\u00fc sorunuz i\u00e7in:<\/strong><\/p>\n      <p><a href=\"mailto:info@timeseoagency.com.tr\">info@timeseoagency.com.tr<\/a><\/p>\n      <p>Hafta i\u00e7i: 09.00 &#8211; 19.00<\/p>\n      <p>Cumartesi: 09.00 &#8211; 19.00<\/p>\n      <p><strong>Time SEO Agency<\/strong><\/p>\n    <\/div>\n  <\/div>\n<\/section>\n<!-- \/Time SEO Agency - Gizlilik Politikas\u0131 -->","protected":false},"excerpt":{"rendered":"<p>Gizlilik Politikas\u0131 Time SEO Agency, m\u00fc\u015fterilerine daha iyi hizmet verebilmek amac\u0131yla baz\u0131 ki\u015fisel bilgilerinizi (isim, ya\u015f, ilgi alanlar\u0131n\u0131z, e-posta vb.) sizlerden talep etmektedir. Time SEO Agency bilgisayarlar\u0131nda toplanan bu bilgiler, d\u00f6nemsel kampanya \u00e7al\u0131\u015fmalar\u0131, m\u00fc\u015fteri profillerine y\u00f6nelik \u00f6zel promosyon faaliyetlerinin kurgulanmas\u0131, arada d\u00f6nemsel olarak e-posta g\u00f6nderilmesi ve istenmeyen e-postalar\u0131n iletilmemesine y\u00f6nelik m\u00fc\u015fteri \u201cs\u0131n\u0131fland\u0131rma\u201d \u00e7al\u0131\u015fmalar\u0131nda sadece Time [&hellip;]<\/p>\n","protected":false},"author":1,"featured_media":0,"parent":0,"menu_order":0,"comment_status":"closed","ping_status":"closed","template":"elementor_header_footer","meta":{"footnotes":""},"class_list":["post-7913","page","type-page","status-publish","hentry"],"aioseo_notices":[],"_hostinger_reach_plugin_has_subscription_block":false,"_hostinger_reach_plugin_is_elementor":false,"_links":{"self":[{"href":"http:\/\/www.timeseoagency.com.tr\/de\/wp-json\/wp\/v2\/pages\/7913","targetHints":{"allow":["GET"]}}],"collection":[{"href":"http:\/\/www.timeseoagency.com.tr\/de\/wp-json\/wp\/v2\/pages"}],"about":[{"href":"http:\/\/www.timeseoagency.com.tr\/de\/wp-json\/wp\/v2\/types\/page"}],"author":[{"embeddable":true,"href":"http:\/\/www.timeseoagency.com.tr\/de\/wp-json\/wp\/v2\/users\/1"}],"replies":[{"embeddable":true,"href":"http:\/\/www.timeseoagency.com.tr\/de\/wp-json\/wp\/v2\/comments?post=7913"}],"version-history":[{"count":2,"href":"http:\/\/www.timeseoagency.com.tr\/de\/wp-json\/wp\/v2\/pages\/7913\/revisions"}],"predecessor-version":[{"id":9188,"href":"http:\/\/www.timeseoagency.com.tr\/de\/wp-json\/wp\/v2\/pages\/7913\/revisions\/9188"}],"wp:attachment":[{"href":"http:\/\/www.timeseoagency.com.tr\/de\/wp-json\/wp\/v2\/media?parent=7913"}],"curies":[{"name":"wp","href":"https:\/\/api.w.org\/{rel}","templated":true}]}}